{"id":309682,"date":"2023-10-07T19:55:34","date_gmt":"2023-10-07T18:55:34","guid":{"rendered":"https:\/\/amazonyguyane.fr\/?product=xiaomi-dvb4235gl-mi-wifi-range-extender-pro-repeteur"},"modified":"2023-10-07T19:55:34","modified_gmt":"2023-10-07T18:55:34","slug":"xiaomi-dvb4235gl-mi-wifi-range-extender-pro-repeteur","status":"publish","type":"product","link":"https:\/\/amazonyguyane.fr\/?product=xiaomi-dvb4235gl-mi-wifi-range-extender-pro-repeteur","title":{"rendered":"Xiaomi DVB4235GL Mi WiFi Range Extender Pro R\u00e9p\u00e9teur"},"content":{"rendered":"<p><!-- show up to 2 reviews by default -->                        <\/p>\n<p> <span>Deux puissantes antennes externes \u00e0 gain \u00e9lev\u00e9 donnent une couverture plus large et une meilleure performance \u00e0 votre routeur. Vitesse de transmission: 300Mbps Supporte jusqu&#8217;\u00e0 24 appareils pour r\u00e9pondre aux besoins de toute la famille.<\/span>  <\/p>\n<p><\/p>\n","protected":false},"excerpt":{"rendered":"<p>Deux puissantes antennes externes \u00e0 gain \u00e9lev\u00e9 donnent une couverture plus large et une meilleure performance \u00e0 votre routeur. Vitesse de transmission: 300Mbps Supporte jusqu&#8217;\u00e0 24 appareils pour r\u00e9pondre aux<\/p>\n","protected":false},"featured_media":309683,"comment_status":"","ping_status":"closed","template":"","meta":{"_acf_changed":false},"product_brand":[],"product_cat":[3034],"product_tag":[],"class_list":{"0":"post-309682","1":"product","2":"type-product","3":"status-publish","4":"has-post-thumbnail","6":"product_cat-reseaux","8":"first","9":"instock","10":"taxable","11":"shipping-taxable","12":"purchasable","13":"product-type-simple","14":"add-to-wishlist-after_add_to_cart"},"acf":[],"_links":{"self":[{"href":"https:\/\/amazonyguyane.fr\/index.php?rest_route=\/wp\/v2\/product\/309682","targetHints":{"allow":["GET"]}}],"collection":[{"href":"https:\/\/amazonyguyane.fr\/index.php?rest_route=\/wp\/v2\/product"}],"about":[{"href":"https:\/\/amazonyguyane.fr\/index.php?rest_route=\/wp\/v2\/types\/product"}],"replies":[{"embeddable":true,"href":"https:\/\/amazonyguyane.fr\/index.php?rest_route=%2Fwp%2Fv2%2Fcomments&post=309682"}],"version-history":[{"count":0,"href":"https:\/\/amazonyguyane.fr\/index.php?rest_route=\/wp\/v2\/product\/309682\/revisions"}],"wp:featuredmedia":[{"embeddable":true,"href":"https:\/\/amazonyguyane.fr\/index.php?rest_route=\/wp\/v2\/media\/309683"}],"wp:attachment":[{"href":"https:\/\/amazonyguyane.fr\/index.php?rest_route=%2Fwp%2Fv2%2Fmedia&parent=309682"}],"wp:term":[{"taxonomy":"product_brand","embeddable":true,"href":"https:\/\/amazonyguyane.fr\/index.php?rest_route=%2Fwp%2Fv2%2Fproduct_brand&post=309682"},{"taxonomy":"product_cat","embeddable":true,"href":"https:\/\/amazonyguyane.fr\/index.php?rest_route=%2Fwp%2Fv2%2Fproduct_cat&post=309682"},{"taxonomy":"product_tag","embeddable":true,"href":"https:\/\/amazonyguyane.fr\/index.php?rest_route=%2Fwp%2Fv2%2Fproduct_tag&post=309682"}],"curies":[{"name":"wp","href":"https:\/\/api.w.org\/{rel}","templated":true}]}}