{"id":312248,"date":"2023-10-07T23:57:18","date_gmt":"2023-10-07T22:57:18","guid":{"rendered":"https:\/\/amazonyguyane.fr\/?product=xbox-pack-series-x-diablo-iv-version-digitale"},"modified":"2023-10-08T00:00:43","modified_gmt":"2023-10-07T23:00:43","slug":"xbox-pack-series-x-diablo-iv-version-digitale","status":"publish","type":"product","link":"https:\/\/amazonyguyane.fr\/?product=xbox-pack-series-x-diablo-iv-version-digitale","title":{"rendered":"Xbox Pack Series X + Diablo IV (version digitale)"},"content":{"rendered":"<p><!-- show up to 2 reviews by default -->                        <\/p>\n<p> <span>D\u00e9couvrez le jeu de r\u00f4le et d\u2019action ultime de nouvelle g\u00e9n\u00e9ration, offrant une quantit\u00e9 in\u00e9puisable d\u2019ennemis \u00e0 terrasser, d\u2019innombrables techniques \u00e0 ma\u00eetriser, des donjons cauchemardesques et des r\u00e9compenses l\u00e9gendaire. Lancez-vous dans la campagne en solo ou avec des amis et d\u00e9couvrez des personnages embl\u00e9matiques \u00e0 travers une histoire captivante et un environnement d\u2019une beaut\u00e9 sombre. Profitez du vaste contenu de haut niveau dans un monde partag\u00e9 o\u00f9 les joueurs et joueuses se retrouveront dans les villes pour commercer, avant de s\u2019allier pour combattre les boss hors instance, ou de se lancer dans des zones JcJ afin de mettre leurs comp\u00e9tences \u00e0 l\u2019\u00e9preuve.<\/span>  <\/p>\n<p>Class\u00e9                                     \u200f                                          :                                     \u200e  Inconnu          Langue                                     \u200f                                          :                                     \u200e  Fran\u00e7ais          Dimensions du produit (L x l x h)                                     \u200f                                          :                                     \u200e  37,8 x 29,4 x 21,6 cm; 6,08 kilogrammes                Code UNSPSC  :  52161500 (\u00c9quipements audiovisuels) Signaler un code incorrect              Date de sortie                                     \u200f                                          :                                     \u200e  6 juin 2023          Date de mise en ligne sur Amazon.fr                                     \u200f                                          :                                     \u200e  31 mai 2023                                  ASIN                                     \u200f                                          :                                     \u200e  B0BZXCVZR5          Num\u00e9ro du mod\u00e8le de l&#8217;article                                     \u200f                                          :                                     \u200e  RRT-00036          Pays d&#8217;origine                                     \u200f                                          :                                     \u200e  Chine          Disponibilit\u00e9 des pi\u00e8ces d\u00e9tach\u00e9es                                     \u200f                                          :                                     \u200e  Information indisponible sur les pi\u00e8ces d\u00e9tach\u00e9es<\/p>\n","protected":false},"excerpt":{"rendered":"<p>D\u00e9couvrez le jeu de r\u00f4le et d\u2019action ultime de nouvelle g\u00e9n\u00e9ration, offrant une quantit\u00e9 in\u00e9puisable d\u2019ennemis \u00e0 terrasser, d\u2019innombrables techniques \u00e0 ma\u00eetriser, des donjons cauchemardesques et des r\u00e9compenses l\u00e9gendaire. Lancez-vous<\/p>\n","protected":false},"featured_media":312249,"comment_status":"","ping_status":"closed","template":"","meta":{"_acf_changed":false},"product_brand":[],"product_cat":[15],"product_tag":[],"class_list":{"0":"post-312248","1":"product","2":"type-product","3":"status-publish","4":"has-post-thumbnail","6":"product_cat-xbox","8":"first","9":"instock","10":"taxable","11":"shipping-taxable","12":"purchasable","13":"product-type-variable","14":"add-to-wishlist-after_add_to_cart"},"acf":[],"_links":{"self":[{"href":"https:\/\/amazonyguyane.fr\/index.php?rest_route=\/wp\/v2\/product\/312248","targetHints":{"allow":["GET"]}}],"collection":[{"href":"https:\/\/amazonyguyane.fr\/index.php?rest_route=\/wp\/v2\/product"}],"about":[{"href":"https:\/\/amazonyguyane.fr\/index.php?rest_route=\/wp\/v2\/types\/product"}],"replies":[{"embeddable":true,"href":"https:\/\/amazonyguyane.fr\/index.php?rest_route=%2Fwp%2Fv2%2Fcomments&post=312248"}],"version-history":[{"count":0,"href":"https:\/\/amazonyguyane.fr\/index.php?rest_route=\/wp\/v2\/product\/312248\/revisions"}],"wp:featuredmedia":[{"embeddable":true,"href":"https:\/\/amazonyguyane.fr\/index.php?rest_route=\/wp\/v2\/media\/312249"}],"wp:attachment":[{"href":"https:\/\/amazonyguyane.fr\/index.php?rest_route=%2Fwp%2Fv2%2Fmedia&parent=312248"}],"wp:term":[{"taxonomy":"product_brand","embeddable":true,"href":"https:\/\/amazonyguyane.fr\/index.php?rest_route=%2Fwp%2Fv2%2Fproduct_brand&post=312248"},{"taxonomy":"product_cat","embeddable":true,"href":"https:\/\/amazonyguyane.fr\/index.php?rest_route=%2Fwp%2Fv2%2Fproduct_cat&post=312248"},{"taxonomy":"product_tag","embeddable":true,"href":"https:\/\/amazonyguyane.fr\/index.php?rest_route=%2Fwp%2Fv2%2Fproduct_tag&post=312248"}],"curies":[{"name":"wp","href":"https:\/\/api.w.org\/{rel}","templated":true}]}}