{"id":312288,"date":"2023-10-07T23:58:05","date_gmt":"2023-10-07T22:58:05","guid":{"rendered":"https:\/\/amazonyguyane.fr\/?product=credit-xbox-live-de-50-eur-code-digital-xbox-live"},"modified":"2023-10-08T00:00:59","modified_gmt":"2023-10-07T23:00:59","slug":"credit-xbox-live-de-50-eur-code-digital-xbox-live","status":"publish","type":"product","link":"https:\/\/amazonyguyane.fr\/?product=credit-xbox-live-de-50-eur-code-digital-xbox-live","title":{"rendered":"Cr\u00e9dit Xbox Live de 50 EUR [Code Digital &#8211; Xbox Live]"},"content":{"rendered":"<p><!-- show up to 2 reviews by default -->                        <\/p>\n<p><span class=\"a-text-bold\">Carte Xbox Live 50\u20ac (T\u00e9l\u00e9chargement)<br \/><\/span><\/p>\n<p><span>En bref :<\/span><\/p>\n<\/p>\n<ul class=\"a-unordered-list a-vertical\">\n<li><span class=\"a-list-item\"><span>Vivez une exp\u00e9rience de jeu riche et intense sur Xbox 360 et Xbox One !<\/span><\/span><\/li>\n<\/ul>\n<\/p>\n<ul class=\"a-unordered-list a-vertical\">\n<li><span class=\"a-list-item\"><span>Gr\u00e2ce aux cartes Xbox, profitez de Xbox Video et Xbox Music sur Xbox 360 et Xbox One.<\/span><\/span><\/li>\n<\/ul>\n<\/p>\n<ul class=\"a-unordered-list a-vertical\">\n<li><span class=\"a-list-item\"><span>Utilisez vos cartes Xbox sur vos console Xbox 360 et Xbox One mais aussi sur votre PC, smartphone ou tablette ! <br \/><\/span>\n<p><span>Le Xbox Live regroupe l\u2019ensemble des services en ligne de votre console Xbox 360 ou Xbox One. Utilisez les cartes Xbox sur le Xbox Live pour acheter des jeux et extensions de jeux, de la musique*, des films et des s\u00e9ries TV en HD. Xbox pour acheter votre Xbox Music Pass sur Xbox One.<br \/><\/span><\/p>\n<p><span><br \/><\/span><\/p>\n<p><span class=\"a-text-bold\">Vivez une exp\u00e9rience de jeu riche et intense sur Xbox 360 et Xbox One ! <\/span><\/p>\n<p><span>Gr\u00e2ce aux cartes Xbox, t\u00e9l\u00e9chargez des jeux parmi un vaste catalogue en ligne, directement sur votre console. Pour une exp\u00e9rience gaming encore plus intense, profitez aussi des derniers contenus t\u00e9l\u00e9chargeables (Map, Skin, personnage&#8230;) et Season Pass de vos jeux favoris.<\/span><\/p>\n<p><span>Sur Xbox 360 et Xbox One, utilisez les cartes Xbox pour acheter des jeux \u00e0 la demande dont les derniers blockbusters, et des jeux Xbox Live Arcade.<\/span><\/p>\n<p><span>Sur Xbox One, utilisez les cartes Xbox pour profiter des derniers jeux \u00ab nouvelle g\u00e9n\u00e9ration \u00bb gr\u00e2ce \u00e0 la puissance de la nouvelle console et ses incroyables exclusivit\u00e9s. Profitez aussi pleinement des derniers blockbusters et de leurs contenus additionnels (DLC, Season Pass) directement depuis le March\u00e9 Xbox.<\/span><\/p>\n<p><span>(Les jeux \u00e0 la demande et les jeux XBLA sont diff\u00e9rents sur Xbox One et Xbox 360) Xbox pour acheter votre Xbox Music Pass sur Xbox One.<br \/><\/span><\/p>\n<p><span>Xbox pour acheter votre Xbox Music Pass sur Xbox One.<br \/><\/span><\/p>\n<p><span><br \/><\/span><\/p>\n<p><span class=\"a-text-bold\">Gr\u00e2ce aux cartes Xbox, profitez de Xbox Video et Xbox Music sur Xbox 360 et Xbox One.<\/span><\/p>\n<p><\/span><\/li>\n<li><span class=\"a-list-item\"><span>Gr\u00e2ce \u00e0 Xbox Vid\u00e9o, acc\u00e9dez \u00e0 tous vos films et s\u00e9ries TV favoris. Louez ou achetez une vid\u00e9o sur Xbox One et regardez-l\u00e0 sur votre Xbox One, Xbox 360, PC, tablette et Windows Phone. <\/span><\/span><\/li>\n<\/ul>\n<ul class=\"a-unordered-list a-vertical\">\n<li><span class=\"a-list-item\"><span>Gr\u00e2ce \u00e0 Xbox Music, les Xbox One et Xbox 360 se transforment en v\u00e9ritable jukebox. Ecoutez les derni\u00e8res nouveaut\u00e9s en streaming sur Xbox ou t\u00e9l\u00e9chargez-les pour en profiter ult\u00e9rieurement sur PC, tablette et Smartphones. Constituez vos playlists et profitez-en o\u00f9 que vous soyez. Pour un acc\u00e8s illimit\u00e9 \u00e0 toute la musique que vous aimez, abonnez-vous au Xbox Music Pass (9,99\u20ac par mois). Utilisez les cartes Xbox pour acheter votre Xbox Music Pass sur Xbox One.<br \/><\/span>\n<p><span><br \/><\/span><span class=\"a-text-bold\"><br \/><\/span><span class=\"a-text-bold\">Utilisez vos cartes Xbox sur vos console Xbox 360 et Xbox One mais aussi sur votre PC, smartphone ou tablette !<\/span><\/p>\n<p><span>Avec Windows 8.1, la Xbox est au c\u0153ur de votre exp\u00e9rience de jeu et de divertissement :<\/span><\/p>\n<\/p>\n<p><\/span><\/li>\n<li><span class=\"a-list-item\"><span>Achetez un film sur le march\u00e9 Xbox Vid\u00e9o, commencez \u00e0 le lire sur votre tablette, puis finissez-le sur votre Windows Phone lors de vos d\u00e9placements.<\/span><\/span><\/li>\n<\/ul>\n<\/p>\n<ul class=\"a-unordered-list a-vertical\">\n<li><span class=\"a-list-item\"><span>Utilisez les cartes Xbox sur Xbox Music depuis votre console mais aussi depuis votre PC ou smartphone, et passez d\u2019un appareil \u00e0 l\u2019autre sans surco\u00fbt suppl\u00e9mentaire. Lancez la lecture d\u2019un morceau sur votre TV, et transf\u00e9rez-le sur votre tablette ou votre smartphone pour une \u00e9coute nomade. Gr\u00e2ce au Cloud, vos playlists vous suivent sur tous vos \u00e9crans.<\/span>\n<p><span class=\"a-text-bold\">Utilisez un code pr\u00e9pay\u00e9 sur votre console : <\/span><span><\/p>\n<p><\/span><span class=\"a-text-bold\"><br \/>Sur Xbox 360<br \/><\/span><\/p>\n<p><span>1. Connectez-vous au Xbox Live sur le compte pour lequel vous souhaitez utiliser le code pr\u00e9pay\u00e9.<\/span><\/p>\n<p><span>2. Appuyez sur la touche <\/span><span class=\"a-text-bold\">Xbox Guide<\/span><span> de la manette.<\/span><\/p>\n<p><span>3. Acc\u00e9dez \u00e0 <\/span><span class=\"a-text-bold\">Jeux et applications<\/span><span> et s\u00e9lectionnez <\/span><span class=\"a-text-bold\">Utiliser le code<\/span><span>.<\/span><\/p>\n<p><span>4. Entrez le code pr\u00e9pay\u00e9 \u00e0 25 caract\u00e8res et s\u00e9lectionnez <\/span><span class=\"a-text-bold\">Termin\u00e9<\/span><span>.<\/span><\/p>\n<p><span>5. Puis, cliquez sur <\/span><span class=\"a-text-bold\">Oui <\/span><span>pour confirmer l&#8217;utilisation du code.<\/p>\n<p><\/span><span class=\"a-text-bold\"><br \/>Sur Xbox One<\/span><\/p>\n<p><span>1. Connectez-vous au Xbox Live sur le compte pour lequel vous souhaitez utiliser le code pr\u00e9pay\u00e9.<\/span><\/p>\n<p><span>2. Allez \u00e0 l\u2019accueil du profil concern\u00e9<\/span><\/p>\n<p><span>3. Acc\u00e9dez \u00e0 l\u2019onglet <\/span><span class=\"a-text-bold\">March\u00e9<\/span><span> et s\u00e9lectionnez : <\/span><span class=\"a-text-bold\">Jeux<\/span><span>.<\/span><\/p>\n<p><span>4. Une fois dans la section <\/span><span class=\"a-text-bold\">Jeux<\/span><span>, s\u00e9lectionnez \u00e0 droite : <\/span><span class=\"a-text-bold\">Utiliser un code<\/span><span> <br \/><\/span><\/p>\n<p><\/span><\/li>\n<\/ul>\n<p><span>5. Dans la nouvelle fen\u00eatre, s\u00e9lectionnez : <\/span><span class=\"a-text-bold\">Ou entrer le code \u00e0 25 caract\u00e8res<\/span><span><\/p>\n<p>6. Entrez le code pr\u00e9pay\u00e9 \u00e0 25 caract\u00e8res et s\u00e9lectionnez <\/span><span class=\"a-text-bold\">Entrer<\/span><span>.<\/p>\n<p>7. Puis, cliquez sur <\/span><span class=\"a-text-bold\">Oui<\/span><span> pour confirmer l&#8217;utilisation du code.<\/p>\n<p><\/span><span class=\"a-text-bold\"><br \/>Sur Xbox One, avec Kinect,<\/span><span><\/p>\n<p>1. Dites :<\/span><span class=\"a-text-bold\"> Xbox<\/span><span>, puis <\/span><span class=\"a-text-bold\">Utilisez un code<\/span><span><\/p>\n<p>2. Entrez le code pr\u00e9pay\u00e9 \u00e0 25 caract\u00e8res et s\u00e9lectionnez <\/span><span class=\"a-text-bold\">Entrer<\/span><span>.<\/p>\n<p>3. Puis, cliquez sur <\/span><span class=\"a-text-bold\">Oui <\/span><span>pour confirmer l&#8217;utilisation du code.<\/p>\n<p><\/span><span class=\"a-text-bold\">Remarque<\/span><span> Lorsque vous utilisez une carte cadeau Xbox, sa valeur s&#8217;ajoute directement \u00e0 votre compte Microsoft en devise locale. Ainsi, si vous disposez d&#8217;une carte de 50 \u20ac, cette somme s&#8217;ajoutera \u00e0 votre compte Microsoft lorsque vous utiliserez la carte.<\/p>\n<p>* Musique : pour l\u2019achat de titres individuels ou du Xbox Music Pass sur Windows 8.1 ou pour l\u2019achat du Xbox Music Pass sur Xbox One (abonnement Xbox Live Gold requis). Disponible \u00e0 l\u2019\u00e9t\u00e9 2013.<\/p>\n<p>Utilisez la valeur de cette carte pour cr\u00e9diter votre compte Microsoft fran\u00e7ais. Connectez-vous simplement \u00e0 votre compte et saisissez le num\u00e9ro \u00e0 25 chiffres de la carte. Pour cr\u00e9er un nouveau compte, rendez-vous sur www.commerce.microsoft.com.<\/span><\/p>\n<\/p>\n<p><span><br \/><\/span><span class=\"a-text-bold\">Configuration requise:<\/span><span>Syst\u00e8me d&#8217;exploitation pris en charge:&nbsp;&nbsp;Windows 8Processeur:&nbsp;&nbsp;none specifiedM\u00e9moire vive:&nbsp;&nbsp;none specifiedDisque dur:&nbsp;&nbsp;none specifiedCarte vid\u00e9o:&nbsp;&nbsp;none specified<\/span>  <\/p>\n<p>Class\u00e9                                     \u200f                                          :                                     \u200e  Inconnu          Poids de l&#8217;article                                     \u200f                                          :                                     \u200e  100 grammes                Code UNSPSC  :  64151505 (Devise num\u00e9rique (y compris carte-cadeau num\u00e9rique)) Signaler un code incorrect              Date de sortie                                     \u200f                                          :                                     \u200e  17 novembre 2015          Date de mise en ligne sur Amazon.fr                                     \u200f                                          :                                     \u200e  1 d\u00e9cembre 2015                                  ASIN                                     \u200f                                          :                                     \u200e  B0186LIDK8          Num\u00e9ro du mod\u00e8le de l&#8217;article                                     \u200f                                          :                                     \u200e  K4W-02563<\/p>\n","protected":false},"excerpt":{"rendered":"<p>Carte Xbox Live 50\u20ac (T\u00e9l\u00e9chargement) En bref : Vivez une exp\u00e9rience de jeu riche et intense sur Xbox 360 et Xbox One ! Gr\u00e2ce aux cartes Xbox, profitez de Xbox<\/p>\n","protected":false},"featured_media":312289,"comment_status":"","ping_status":"closed","template":"","meta":{"_acf_changed":false},"product_brand":[],"product_cat":[15],"product_tag":[],"class_list":{"0":"post-312288","1":"product","2":"type-product","3":"status-publish","4":"has-post-thumbnail","6":"product_cat-xbox","8":"first","9":"instock","10":"taxable","11":"shipping-taxable","12":"purchasable","13":"product-type-variable","14":"add-to-wishlist-after_add_to_cart"},"acf":[],"_links":{"self":[{"href":"https:\/\/amazonyguyane.fr\/index.php?rest_route=\/wp\/v2\/product\/312288","targetHints":{"allow":["GET"]}}],"collection":[{"href":"https:\/\/amazonyguyane.fr\/index.php?rest_route=\/wp\/v2\/product"}],"about":[{"href":"https:\/\/amazonyguyane.fr\/index.php?rest_route=\/wp\/v2\/types\/product"}],"replies":[{"embeddable":true,"href":"https:\/\/amazonyguyane.fr\/index.php?rest_route=%2Fwp%2Fv2%2Fcomments&post=312288"}],"version-history":[{"count":0,"href":"https:\/\/amazonyguyane.fr\/index.php?rest_route=\/wp\/v2\/product\/312288\/revisions"}],"wp:featuredmedia":[{"embeddable":true,"href":"https:\/\/amazonyguyane.fr\/index.php?rest_route=\/wp\/v2\/media\/312289"}],"wp:attachment":[{"href":"https:\/\/amazonyguyane.fr\/index.php?rest_route=%2Fwp%2Fv2%2Fmedia&parent=312288"}],"wp:term":[{"taxonomy":"product_brand","embeddable":true,"href":"https:\/\/amazonyguyane.fr\/index.php?rest_route=%2Fwp%2Fv2%2Fproduct_brand&post=312288"},{"taxonomy":"product_cat","embeddable":true,"href":"https:\/\/amazonyguyane.fr\/index.php?rest_route=%2Fwp%2Fv2%2Fproduct_cat&post=312288"},{"taxonomy":"product_tag","embeddable":true,"href":"https:\/\/amazonyguyane.fr\/index.php?rest_route=%2Fwp%2Fv2%2Fproduct_tag&post=312288"}],"curies":[{"name":"wp","href":"https:\/\/api.w.org\/{rel}","templated":true}]}}