{"id":312408,"date":"2023-10-08T00:00:40","date_gmt":"2023-10-07T23:00:40","guid":{"rendered":"https:\/\/amazonyguyane.fr\/?product=xbox-series-s-512gb-gilded-hunter-hogwarts-legacy-standard-code-jeu-a-telecharger"},"modified":"2023-10-08T00:00:40","modified_gmt":"2023-10-07T23:00:40","slug":"xbox-series-s-512gb-gilded-hunter-hogwarts-legacy-standard-code-jeu-a-telecharger","status":"publish","type":"product","link":"https:\/\/amazonyguyane.fr\/produit\/xbox-series-s-512gb-gilded-hunter-hogwarts-legacy-standard-code-jeu-a-telecharger\/","title":{"rendered":"Xbox Series S 512GB \u2013 Gilded Hunter + Hogwarts Legacy Standard | Code jeu \u00e0 t\u00e9l\u00e9charger"},"content":{"rendered":"<p><!-- show up to 2 reviews by default --><br \/>Code UNSPSC  :  43230000 (Logiciels) Signaler un code incorrect              Date de sortie                                     \u200f                                          :                                     \u200e  9 f\u00e9vrier 2023          Date de mise en ligne sur Amazon.fr                                     \u200f                                          :                                     \u200e  9 f\u00e9vrier 2023                                  ASIN                                     \u200f                                          :                                     \u200e  B0BV33GJQ6          Disponibilit\u00e9 des pi\u00e8ces d\u00e9tach\u00e9es                                     \u200f                                          :                                     \u200e  Information indisponible sur les pi\u00e8ces d\u00e9tach\u00e9es<\/p>\n","protected":false},"excerpt":{"rendered":"<p>Code UNSPSC : 43230000 (Logiciels) Signaler un code incorrect Date de sortie \u200f : \u200e 9 f\u00e9vrier 2023 Date de mise en ligne sur Amazon.fr \u200f : \u200e 9 f\u00e9vrier<\/p>\n","protected":false},"featured_media":312409,"comment_status":"","ping_status":"closed","template":"","meta":{"_acf_changed":false},"product_brand":[],"product_cat":[15],"product_tag":[],"class_list":{"0":"post-312408","1":"product","2":"type-product","3":"status-publish","4":"has-post-thumbnail","6":"product_cat-xbox","8":"first","9":"instock","10":"taxable","11":"shipping-taxable","12":"purchasable","13":"product-type-simple","14":"add-to-wishlist-after_add_to_cart"},"acf":[],"_links":{"self":[{"href":"https:\/\/amazonyguyane.fr\/wp-json\/wp\/v2\/product\/312408","targetHints":{"allow":["GET"]}}],"collection":[{"href":"https:\/\/amazonyguyane.fr\/wp-json\/wp\/v2\/product"}],"about":[{"href":"https:\/\/amazonyguyane.fr\/wp-json\/wp\/v2\/types\/product"}],"replies":[{"embeddable":true,"href":"https:\/\/amazonyguyane.fr\/wp-json\/wp\/v2\/comments?post=312408"}],"version-history":[{"count":0,"href":"https:\/\/amazonyguyane.fr\/wp-json\/wp\/v2\/product\/312408\/revisions"}],"wp:featuredmedia":[{"embeddable":true,"href":"https:\/\/amazonyguyane.fr\/wp-json\/wp\/v2\/media\/312409"}],"wp:attachment":[{"href":"https:\/\/amazonyguyane.fr\/wp-json\/wp\/v2\/media?parent=312408"}],"wp:term":[{"taxonomy":"product_brand","embeddable":true,"href":"https:\/\/amazonyguyane.fr\/wp-json\/wp\/v2\/product_brand?post=312408"},{"taxonomy":"product_cat","embeddable":true,"href":"https:\/\/amazonyguyane.fr\/wp-json\/wp\/v2\/product_cat?post=312408"},{"taxonomy":"product_tag","embeddable":true,"href":"https:\/\/amazonyguyane.fr\/wp-json\/wp\/v2\/product_tag?post=312408"}],"curies":[{"name":"wp","href":"https:\/\/api.w.org\/{rel}","templated":true}]}}