{"id":312424,"date":"2023-10-08T00:01:01","date_gmt":"2023-10-07T23:01:01","guid":{"rendered":"https:\/\/amazonyguyane.fr\/?product=xbox-series-x-forza-horizon-5-bundle-jeu-video-star-wars-jedi-survivor-sx-edition-standard"},"modified":"2023-10-08T00:01:01","modified_gmt":"2023-10-07T23:01:01","slug":"xbox-series-x-forza-horizon-5-bundle-jeu-video-star-wars-jedi-survivor-sx-edition-standard","status":"publish","type":"product","link":"https:\/\/amazonyguyane.fr\/?product=xbox-series-x-forza-horizon-5-bundle-jeu-video-star-wars-jedi-survivor-sx-edition-standard","title":{"rendered":"Xbox Series X Forza Horizon 5 bundle + Jeu Vid\u00e9o Star Wars : Jedi Survivor SX Edition Standard"},"content":{"rendered":"<p><!-- show up to 2 reviews by default --><br \/>Code UNSPSC  :  43232000 (Logiciels de loisir ou jeux sur ordinateur) Signaler un code incorrect              Date de sortie                                     \u200f                                          :                                     \u200e  18 avril 2023          Date de mise en ligne sur Amazon.fr                                     \u200f                                          :                                     \u200e  28 avril 2023                                  ASIN                                     \u200f                                          :                                     \u200e  B0C2QT85ML          Disponibilit\u00e9 des pi\u00e8ces d\u00e9tach\u00e9es                                     \u200f                                          :                                     \u200e  Information indisponible sur les pi\u00e8ces d\u00e9tach\u00e9es<\/p>\n","protected":false},"excerpt":{"rendered":"<p>Code UNSPSC : 43232000 (Logiciels de loisir ou jeux sur ordinateur) Signaler un code incorrect Date de sortie \u200f : \u200e 18 avril 2023 Date de mise en ligne sur<\/p>\n","protected":false},"featured_media":312425,"comment_status":"","ping_status":"closed","template":"","meta":{"_acf_changed":false},"product_brand":[],"product_cat":[15],"product_tag":[],"class_list":{"0":"post-312424","1":"product","2":"type-product","3":"status-publish","4":"has-post-thumbnail","6":"product_cat-xbox","8":"first","9":"outofstock","10":"taxable","11":"shipping-taxable","12":"purchasable","13":"product-type-simple","14":"add-to-wishlist-after_add_to_cart"},"acf":[],"_links":{"self":[{"href":"https:\/\/amazonyguyane.fr\/index.php?rest_route=\/wp\/v2\/product\/312424","targetHints":{"allow":["GET"]}}],"collection":[{"href":"https:\/\/amazonyguyane.fr\/index.php?rest_route=\/wp\/v2\/product"}],"about":[{"href":"https:\/\/amazonyguyane.fr\/index.php?rest_route=\/wp\/v2\/types\/product"}],"replies":[{"embeddable":true,"href":"https:\/\/amazonyguyane.fr\/index.php?rest_route=%2Fwp%2Fv2%2Fcomments&post=312424"}],"version-history":[{"count":0,"href":"https:\/\/amazonyguyane.fr\/index.php?rest_route=\/wp\/v2\/product\/312424\/revisions"}],"wp:featuredmedia":[{"embeddable":true,"href":"https:\/\/amazonyguyane.fr\/index.php?rest_route=\/wp\/v2\/media\/312425"}],"wp:attachment":[{"href":"https:\/\/amazonyguyane.fr\/index.php?rest_route=%2Fwp%2Fv2%2Fmedia&parent=312424"}],"wp:term":[{"taxonomy":"product_brand","embeddable":true,"href":"https:\/\/amazonyguyane.fr\/index.php?rest_route=%2Fwp%2Fv2%2Fproduct_brand&post=312424"},{"taxonomy":"product_cat","embeddable":true,"href":"https:\/\/amazonyguyane.fr\/index.php?rest_route=%2Fwp%2Fv2%2Fproduct_cat&post=312424"},{"taxonomy":"product_tag","embeddable":true,"href":"https:\/\/amazonyguyane.fr\/index.php?rest_route=%2Fwp%2Fv2%2Fproduct_tag&post=312424"}],"curies":[{"name":"wp","href":"https:\/\/api.w.org\/{rel}","templated":true}]}}