{"id":312432,"date":"2023-10-08T00:01:12","date_gmt":"2023-10-07T23:01:12","guid":{"rendered":"https:\/\/amazonyguyane.fr\/?product=seagate-expansion-card-pour-xbox-series-xs-ssd-1-to-nvme-ssd-expansion-stjr1000400"},"modified":"2023-10-08T00:01:53","modified_gmt":"2023-10-07T23:01:53","slug":"seagate-expansion-card-pour-xbox-series-xs-ssd-1-to-nvme-ssd-expansion-stjr1000400","status":"publish","type":"product","link":"https:\/\/amazonyguyane.fr\/?product=seagate-expansion-card-pour-xbox-series-xs-ssd-1-to-nvme-ssd-expansion-stjr1000400","title":{"rendered":"Seagate Expansion Card pour Xbox Series X|S SSD, 1 To, NVMe SSD Expansion (STJR1000400)"},"content":{"rendered":"<p><!-- show up to 2 reviews by default -->                        <\/p>\n<p> <span>\u00c9tendez instantan\u00e9ment la capacit\u00e9 maximale de votre Xbox pour b\u00e9n\u00e9ficier de son exp\u00e9rience de jeu \u00e9poustouflante gr\u00e2ce \u00e0 la carte d&#8217;extension de stockage Seagate pour Xbox Series&nbsp;X|S. Parfaitement compatible avec l&#8217;architecture Xbox&nbsp;Velocity, cette carte vous donnera acc\u00e8s \u00e0 des univers dynamiques avec des temps de chargement ultracourts, avec \u00e0 la cl\u00e9 des performances optimis\u00e9es pour des milliers de jeux Xbox, Xbox&nbsp;360 et Xbox&nbsp;One. Une puissance, une vitesse et une compatibilit\u00e9 in\u00e9gal\u00e9es sont d\u00e9sormais \u00e0 votre port\u00e9e.<\/span>  <\/p>\n<p><\/p>\n","protected":false},"excerpt":{"rendered":"<p>\u00c9tendez instantan\u00e9ment la capacit\u00e9 maximale de votre Xbox pour b\u00e9n\u00e9ficier de son exp\u00e9rience de jeu \u00e9poustouflante gr\u00e2ce \u00e0 la carte d&#8217;extension de stockage Seagate pour Xbox Series&nbsp;X|S. Parfaitement compatible avec<\/p>\n","protected":false},"featured_media":312433,"comment_status":"","ping_status":"closed","template":"","meta":{"_acf_changed":false},"product_brand":[],"product_cat":[15],"product_tag":[],"class_list":{"0":"post-312432","1":"product","2":"type-product","3":"status-publish","4":"has-post-thumbnail","6":"product_cat-xbox","8":"first","9":"instock","10":"taxable","11":"shipping-taxable","12":"purchasable","13":"product-type-variable","14":"add-to-wishlist-after_add_to_cart"},"acf":[],"_links":{"self":[{"href":"https:\/\/amazonyguyane.fr\/index.php?rest_route=\/wp\/v2\/product\/312432","targetHints":{"allow":["GET"]}}],"collection":[{"href":"https:\/\/amazonyguyane.fr\/index.php?rest_route=\/wp\/v2\/product"}],"about":[{"href":"https:\/\/amazonyguyane.fr\/index.php?rest_route=\/wp\/v2\/types\/product"}],"replies":[{"embeddable":true,"href":"https:\/\/amazonyguyane.fr\/index.php?rest_route=%2Fwp%2Fv2%2Fcomments&post=312432"}],"version-history":[{"count":0,"href":"https:\/\/amazonyguyane.fr\/index.php?rest_route=\/wp\/v2\/product\/312432\/revisions"}],"wp:featuredmedia":[{"embeddable":true,"href":"https:\/\/amazonyguyane.fr\/index.php?rest_route=\/wp\/v2\/media\/312433"}],"wp:attachment":[{"href":"https:\/\/amazonyguyane.fr\/index.php?rest_route=%2Fwp%2Fv2%2Fmedia&parent=312432"}],"wp:term":[{"taxonomy":"product_brand","embeddable":true,"href":"https:\/\/amazonyguyane.fr\/index.php?rest_route=%2Fwp%2Fv2%2Fproduct_brand&post=312432"},{"taxonomy":"product_cat","embeddable":true,"href":"https:\/\/amazonyguyane.fr\/index.php?rest_route=%2Fwp%2Fv2%2Fproduct_cat&post=312432"},{"taxonomy":"product_tag","embeddable":true,"href":"https:\/\/amazonyguyane.fr\/index.php?rest_route=%2Fwp%2Fv2%2Fproduct_tag&post=312432"}],"curies":[{"name":"wp","href":"https:\/\/api.w.org\/{rel}","templated":true}]}}