{"id":312524,"date":"2023-10-08T00:18:18","date_gmt":"2023-10-07T23:18:18","guid":{"rendered":"https:\/\/amazonyguyane.fr\/?product=premium-headwearcasquette-snapback-taille-unique"},"modified":"2023-10-08T00:18:42","modified_gmt":"2023-10-07T23:18:42","slug":"premium-headwearcasquette-snapback-taille-unique","status":"publish","type":"product","link":"https:\/\/amazonyguyane.fr\/produit\/premium-headwearcasquette-snapback-taille-unique\/","title":{"rendered":"Premium HeadwearCasquette snapback Taille unique"},"content":{"rendered":"<p><!-- show up to 2 reviews by default -->                        <\/p>\n<p> <span>Casquettes snapback avec motifs originaux. Attire les regards ! Pour les mecs cool qui veulent faire bonne impression pendant leur temps libre. Cette casquette est pourvue de trous de ventilation brod\u00e9s, ce qui vous permet de rester actif tout au long de la journ\u00e9e et de garder la t\u00eate au frais. La casquette est r\u00e9glable gr\u00e2ce \u00e0 l&#8217;attache arri\u00e8re ajustable.<\/span>  <\/p>\n<p>Production interrompue par le fabricant                                     \u200f                                          :                                     \u200e  Non          Dimensions du produit (L x l x h)                                     \u200f                                          :                                     \u200e  24,99 x 19,99 x 11,99 cm; 81,65 grammes          Date de mise en ligne sur Amazon.fr                                     \u200f                                          :                                     \u200e  15 mars 2014                                  ASIN                                     \u200f                                          :                                     \u200e  B015OO6YNI          Service                                     \u200f                                          :                                     \u200e  Mixte<\/p>\n","protected":false},"excerpt":{"rendered":"<p>Casquettes snapback avec motifs originaux. Attire les regards ! Pour les mecs cool qui veulent faire bonne impression pendant leur temps libre. Cette casquette est pourvue de trous de ventilation<\/p>\n","protected":false},"featured_media":312525,"comment_status":"","ping_status":"closed","template":"","meta":{"_acf_changed":false},"product_brand":[],"product_cat":[31],"product_tag":[],"class_list":{"0":"post-312524","1":"product","2":"type-product","3":"status-publish","4":"has-post-thumbnail","6":"product_cat-casquettes-gaming","8":"first","9":"instock","10":"taxable","11":"shipping-taxable","12":"purchasable","13":"product-type-variable","14":"add-to-wishlist-after_add_to_cart"},"acf":[],"_links":{"self":[{"href":"https:\/\/amazonyguyane.fr\/wp-json\/wp\/v2\/product\/312524","targetHints":{"allow":["GET"]}}],"collection":[{"href":"https:\/\/amazonyguyane.fr\/wp-json\/wp\/v2\/product"}],"about":[{"href":"https:\/\/amazonyguyane.fr\/wp-json\/wp\/v2\/types\/product"}],"replies":[{"embeddable":true,"href":"https:\/\/amazonyguyane.fr\/wp-json\/wp\/v2\/comments?post=312524"}],"version-history":[{"count":0,"href":"https:\/\/amazonyguyane.fr\/wp-json\/wp\/v2\/product\/312524\/revisions"}],"wp:featuredmedia":[{"embeddable":true,"href":"https:\/\/amazonyguyane.fr\/wp-json\/wp\/v2\/media\/312525"}],"wp:attachment":[{"href":"https:\/\/amazonyguyane.fr\/wp-json\/wp\/v2\/media?parent=312524"}],"wp:term":[{"taxonomy":"product_brand","embeddable":true,"href":"https:\/\/amazonyguyane.fr\/wp-json\/wp\/v2\/product_brand?post=312524"},{"taxonomy":"product_cat","embeddable":true,"href":"https:\/\/amazonyguyane.fr\/wp-json\/wp\/v2\/product_cat?post=312524"},{"taxonomy":"product_tag","embeddable":true,"href":"https:\/\/amazonyguyane.fr\/wp-json\/wp\/v2\/product_tag?post=312524"}],"curies":[{"name":"wp","href":"https:\/\/api.w.org\/{rel}","templated":true}]}}