{"id":312581,"date":"2023-10-08T00:19:38","date_gmt":"2023-10-07T23:19:38","guid":{"rendered":"https:\/\/amazonyguyane.fr\/?product=popgearcap-capuchon-garcon"},"modified":"2023-10-08T00:19:38","modified_gmt":"2023-10-07T23:19:38","slug":"popgearcap-capuchon-garcon","status":"publish","type":"product","link":"https:\/\/amazonyguyane.fr\/?product=popgearcap-capuchon-garcon","title":{"rendered":"PopgearCap Capuchon Gar\u00e7on"},"content":{"rendered":"<p><!-- show up to 2 reviews by default -->                        <\/p>\n<p> <span>Cette pi\u00e8ce officielle de Playstation dispose du logo PS classique avec une finition bleu m\u00e9tallis\u00e9 sur une casquette de baseball sous licence officielle pour gar\u00e7ons. Cette casquette sous licence officielle pour gar\u00e7on est l&#8217;accessoire parfait et \u00e9l\u00e9gant. Con\u00e7ues dans une taille unique, nos casquettes sont fabriqu\u00e9es en tissu 50 % coton, 50 % polyester. Popgear est votre magasin unique pour tous vos besoins en mati\u00e8re de produits et de v\u00eatements &#8211; Nous sommes totalement engag\u00e9s \u00e0 vous fournir des produits de qualit\u00e9 que vous allez adorer.<\/span>  <\/p>\n<p>Date de mise en ligne sur Amazon.fr                                     \u200f                                          :                                     \u200e  2 f\u00e9vrier 2022                                  Fabricant                                     \u200f                                          :                                     \u200e  Popgear          ASIN                                     \u200f                                          :                                     \u200e  B09RQB9KJ5          Service                                     \u200f                                          :                                     \u200e  Gar\u00e7on<\/p>\n","protected":false},"excerpt":{"rendered":"<p>Cette pi\u00e8ce officielle de Playstation dispose du logo PS classique avec une finition bleu m\u00e9tallis\u00e9 sur une casquette de baseball sous licence officielle pour gar\u00e7ons. Cette casquette sous licence officielle<\/p>\n","protected":false},"featured_media":312583,"comment_status":"","ping_status":"closed","template":"","meta":{"_acf_changed":false},"product_brand":[],"product_cat":[31],"product_tag":[],"class_list":{"0":"post-312581","1":"product","2":"type-product","3":"status-publish","4":"has-post-thumbnail","6":"product_cat-casquettes-gaming","8":"first","9":"instock","10":"taxable","11":"shipping-taxable","12":"purchasable","13":"product-type-simple","14":"add-to-wishlist-after_add_to_cart"},"acf":[],"_links":{"self":[{"href":"https:\/\/amazonyguyane.fr\/index.php?rest_route=\/wp\/v2\/product\/312581","targetHints":{"allow":["GET"]}}],"collection":[{"href":"https:\/\/amazonyguyane.fr\/index.php?rest_route=\/wp\/v2\/product"}],"about":[{"href":"https:\/\/amazonyguyane.fr\/index.php?rest_route=\/wp\/v2\/types\/product"}],"replies":[{"embeddable":true,"href":"https:\/\/amazonyguyane.fr\/index.php?rest_route=%2Fwp%2Fv2%2Fcomments&post=312581"}],"version-history":[{"count":0,"href":"https:\/\/amazonyguyane.fr\/index.php?rest_route=\/wp\/v2\/product\/312581\/revisions"}],"wp:featuredmedia":[{"embeddable":true,"href":"https:\/\/amazonyguyane.fr\/index.php?rest_route=\/wp\/v2\/media\/312583"}],"wp:attachment":[{"href":"https:\/\/amazonyguyane.fr\/index.php?rest_route=%2Fwp%2Fv2%2Fmedia&parent=312581"}],"wp:term":[{"taxonomy":"product_brand","embeddable":true,"href":"https:\/\/amazonyguyane.fr\/index.php?rest_route=%2Fwp%2Fv2%2Fproduct_brand&post=312581"},{"taxonomy":"product_cat","embeddable":true,"href":"https:\/\/amazonyguyane.fr\/index.php?rest_route=%2Fwp%2Fv2%2Fproduct_cat&post=312581"},{"taxonomy":"product_tag","embeddable":true,"href":"https:\/\/amazonyguyane.fr\/index.php?rest_route=%2Fwp%2Fv2%2Fproduct_tag&post=312581"}],"curies":[{"name":"wp","href":"https:\/\/api.w.org\/{rel}","templated":true}]}}