{"id":314275,"date":"2023-10-08T01:01:56","date_gmt":"2023-10-08T00:01:56","guid":{"rendered":"https:\/\/amazonyguyane.fr\/?product=action-figures-body-kun-dx-body-chan-dx-figurine-en-pvc-pour-s-h-figuarts-avec-boite-pour-artistes-gris-homme"},"modified":"2023-10-08T01:02:23","modified_gmt":"2023-10-08T00:02:23","slug":"action-figures-body-kun-dx-body-chan-dx-figurine-en-pvc-pour-s-h-figuarts-avec-boite-pour-artistes-gris-homme","status":"publish","type":"product","link":"https:\/\/amazonyguyane.fr\/produit\/action-figures-body-kun-dx-body-chan-dx-figurine-en-pvc-pour-s-h-figuarts-avec-boite-pour-artistes-gris-homme\/","title":{"rendered":"Action Figures Body-Kun DX &#038; Body-Chan DX Figurine en PVC pour S H Figuarts avec bo\u00eete pour artistes (gris, homme)"},"content":{"rendered":"<p><!-- show up to 2 reviews by default -->                        <\/p>\n<p><span>Description : <\/span><\/p>\n<p><span>Mat\u00e9riau : PVC. <\/span><\/p>\n<p><span>Hauteur approximative : 14,5 cm. <\/span><\/p>\n<p><span>Figurine d&#8217;action contient les mains suppl\u00e9mentaires et d&#8217;autres pi\u00e8ces, exactement comme sur l&#8217;image que vous voyez. Body kun et Body chan sont tous deux \u00e9quip\u00e9s d&#8217;un support de socle et d&#8217;une articulation mobile. <\/span><\/p>\n<\/p>\n<p><span>Utilisation : <\/span><\/p>\n<p><span>La figurine d&#8217;action peut changer dans la position souhait\u00e9e. C&#8217;est une bonne aide pour pratiquer le dessin des croquis. <\/span><\/p>\n<p><span>Les figurines d&#8217;action sont parfaites pour les artistes qui veulent avoir un petit mod\u00e8le humain pour l&#8217;anatomie humaine ou comme r\u00e9f\u00e9rence pour les poses. <\/span><\/p>\n<p><span>Figurines d&#8217;action peut \u00eatre une d\u00e9coration de bureau, de peinture, d&#8217;accessoires de photographie, de cadeaux, de collections, etc. <\/span><\/p>\n<p><span>Utilisation : figurines d&#8217;action personnalis\u00e9es, mod\u00e9lisation d&#8217;illustration, mod\u00e8le de r\u00e9f\u00e9rence d&#8217;artiste, dessin, etc. <\/span><\/p>\n<\/p>\n<p>Dimensions du colis                                     \u200f                                          :                                     \u200e  19,1 x 18,7 x 3,9 cm; 200 grammes                Code UNSPSC  :  60141000 (Jouets) Signaler un code incorrect              \u00c2ge recommand\u00e9 par le fabricant                                     \u200f                                          :                                     \u200e  15 an et plus          Num\u00e9ro du mod\u00e8le de l&#8217;article                                     \u200f                                          :                                     \u200e  OU2-33-1          ASIN                                     \u200f                                          :                                     \u200e  B0C9YG14MM<\/p>\n","protected":false},"excerpt":{"rendered":"<p>Description : Mat\u00e9riau : PVC. Hauteur approximative : 14,5 cm. Figurine d&#8217;action contient les mains suppl\u00e9mentaires et d&#8217;autres pi\u00e8ces, exactement comme sur l&#8217;image que vous voyez. Body kun et Body<\/p>\n","protected":false},"featured_media":314276,"comment_status":"","ping_status":"closed","template":"","meta":{"_acf_changed":false},"product_brand":[],"product_cat":[30],"product_tag":[],"class_list":{"0":"post-314275","1":"product","2":"type-product","3":"status-publish","4":"has-post-thumbnail","6":"product_cat-figurine-actions","8":"first","9":"instock","10":"taxable","11":"shipping-taxable","12":"purchasable","13":"product-type-variable","14":"add-to-wishlist-after_add_to_cart"},"acf":[],"_links":{"self":[{"href":"https:\/\/amazonyguyane.fr\/wp-json\/wp\/v2\/product\/314275","targetHints":{"allow":["GET"]}}],"collection":[{"href":"https:\/\/amazonyguyane.fr\/wp-json\/wp\/v2\/product"}],"about":[{"href":"https:\/\/amazonyguyane.fr\/wp-json\/wp\/v2\/types\/product"}],"replies":[{"embeddable":true,"href":"https:\/\/amazonyguyane.fr\/wp-json\/wp\/v2\/comments?post=314275"}],"version-history":[{"count":0,"href":"https:\/\/amazonyguyane.fr\/wp-json\/wp\/v2\/product\/314275\/revisions"}],"wp:featuredmedia":[{"embeddable":true,"href":"https:\/\/amazonyguyane.fr\/wp-json\/wp\/v2\/media\/314276"}],"wp:attachment":[{"href":"https:\/\/amazonyguyane.fr\/wp-json\/wp\/v2\/media?parent=314275"}],"wp:term":[{"taxonomy":"product_brand","embeddable":true,"href":"https:\/\/amazonyguyane.fr\/wp-json\/wp\/v2\/product_brand?post=314275"},{"taxonomy":"product_cat","embeddable":true,"href":"https:\/\/amazonyguyane.fr\/wp-json\/wp\/v2\/product_cat?post=314275"},{"taxonomy":"product_tag","embeddable":true,"href":"https:\/\/amazonyguyane.fr\/wp-json\/wp\/v2\/product_tag?post=314275"}],"curies":[{"name":"wp","href":"https:\/\/api.w.org\/{rel}","templated":true}]}}