{"id":314355,"date":"2023-10-08T01:03:31","date_gmt":"2023-10-08T00:03:31","guid":{"rendered":"https:\/\/amazonyguyane.fr\/?product=funko-5"},"modified":"2023-10-08T01:03:31","modified_gmt":"2023-10-08T00:03:31","slug":"funko-5","status":"publish","type":"product","link":"https:\/\/amazonyguyane.fr\/produit\/funko-5\/","title":{"rendered":"Funko 5"},"content":{"rendered":"<p><!-- show up to 2 reviews by default -->                <\/p>\n<h3> <span>Description du produit<\/span> <\/h3>\n<p> <span>Five Nights at Freddy&#8217;s 8848 Five Nights at Freddy&#8217;s Bonnie figure<\/span>  <\/p>\n<h3> <span>Avertissement De S\u00fbret\u00e9<\/span> <\/h3>\n<p> <span>\u00c0 utiliser sous la surveillance d&#8217;un adulte<\/span>  <\/p>\n<p>Production interrompue par le fabricant                                     \u200f                                          :                                     \u200e  Non                Code UNSPSC  :  60141000 (Jouets) Signaler un code incorrect              Dimensions du produit (L x l x h)                                     \u200f                                          :                                     \u200e  7,62 x 5,08 x 12,7 cm; 110 grammes          Fabricant                                     \u200f                                          :                                     \u200e  Funko          ASIN                                     \u200f                                          :                                     \u200e  B019NWSZNO          Num\u00e9ro du mod\u00e8le de l&#8217;article                                     \u200f                                          :                                     \u200e  8849          Pays d&#8217;origine                                     \u200f                                          :                                     \u200e  Chine          Service                                     \u200f                                          :                                     \u200e  Homme<\/p>\n","protected":false},"excerpt":{"rendered":"<p>Description du produit Five Nights at Freddy&#8217;s 8848 Five Nights at Freddy&#8217;s Bonnie figure Avertissement De S\u00fbret\u00e9 \u00c0 utiliser sous la surveillance d&#8217;un adulte Production interrompue par le fabricant \u200f<\/p>\n","protected":false},"featured_media":314356,"comment_status":"","ping_status":"closed","template":"","meta":{"_acf_changed":false},"product_brand":[],"product_cat":[30],"product_tag":[],"class_list":{"0":"post-314355","1":"product","2":"type-product","3":"status-publish","4":"has-post-thumbnail","6":"product_cat-figurine-actions","8":"first","9":"instock","10":"taxable","11":"shipping-taxable","12":"purchasable","13":"product-type-simple","14":"add-to-wishlist-after_add_to_cart"},"acf":[],"_links":{"self":[{"href":"https:\/\/amazonyguyane.fr\/wp-json\/wp\/v2\/product\/314355","targetHints":{"allow":["GET"]}}],"collection":[{"href":"https:\/\/amazonyguyane.fr\/wp-json\/wp\/v2\/product"}],"about":[{"href":"https:\/\/amazonyguyane.fr\/wp-json\/wp\/v2\/types\/product"}],"replies":[{"embeddable":true,"href":"https:\/\/amazonyguyane.fr\/wp-json\/wp\/v2\/comments?post=314355"}],"version-history":[{"count":0,"href":"https:\/\/amazonyguyane.fr\/wp-json\/wp\/v2\/product\/314355\/revisions"}],"wp:featuredmedia":[{"embeddable":true,"href":"https:\/\/amazonyguyane.fr\/wp-json\/wp\/v2\/media\/314356"}],"wp:attachment":[{"href":"https:\/\/amazonyguyane.fr\/wp-json\/wp\/v2\/media?parent=314355"}],"wp:term":[{"taxonomy":"product_brand","embeddable":true,"href":"https:\/\/amazonyguyane.fr\/wp-json\/wp\/v2\/product_brand?post=314355"},{"taxonomy":"product_cat","embeddable":true,"href":"https:\/\/amazonyguyane.fr\/wp-json\/wp\/v2\/product_cat?post=314355"},{"taxonomy":"product_tag","embeddable":true,"href":"https:\/\/amazonyguyane.fr\/wp-json\/wp\/v2\/product_tag?post=314355"}],"curies":[{"name":"wp","href":"https:\/\/api.w.org\/{rel}","templated":true}]}}