{"id":314979,"date":"2023-10-08T01:19:00","date_gmt":"2023-10-08T00:19:00","guid":{"rendered":"https:\/\/amazonyguyane.fr\/?product=bebeconfort-thermometre-flexible-ultra-rapide-3106203300blanc"},"modified":"2023-10-08T01:19:00","modified_gmt":"2023-10-08T00:19:00","slug":"bebeconfort-thermometre-flexible-ultra-rapide-3106203300blanc","status":"publish","type":"product","link":"https:\/\/amazonyguyane.fr\/?product=bebeconfort-thermometre-flexible-ultra-rapide-3106203300blanc","title":{"rendered":"B\u00e9b\u00e9confort Thermom\u00e8tre Flexible Ultra Rapide 3106203300,Blanc"},"content":{"rendered":"<p><!-- show up to 2 reviews by default -->                <\/p>\n<h3> <span>Description du produit<\/span> <\/h3>\n<p> <span>Description du produit L\u00e9ger, rapide et pr\u00e9cis, le thermom\u00e8tre flexible vous permettra de prendre facilement la temp\u00e9rature de votre enfant. contact d\u00e9licat embout hypoallerg\u00e9nique rapidit\u00e9 et fiabilit\u00e9 de mesure alerte sonore de fin de mesure nettoyage facile \u00e0 l&#8217;eau savonneuse. Contenu du coffret Thermom\u00e8tre + manuel (fran\u00e7ais non garanti)<\/span>  <\/p>\n<h3> <span>Contenu du coffret<\/span> <\/h3>\n<p> <span>Thermom\u00e8tre + manuel (fran\u00e7ais non garanti)<\/span>  <\/p>\n<p><\/p>\n","protected":false},"excerpt":{"rendered":"<p>Description du produit Description du produit L\u00e9ger, rapide et pr\u00e9cis, le thermom\u00e8tre flexible vous permettra de prendre facilement la temp\u00e9rature de votre enfant. contact d\u00e9licat embout hypoallerg\u00e9nique rapidit\u00e9 et fiabilit\u00e9<\/p>\n","protected":false},"featured_media":314982,"comment_status":"","ping_status":"closed","template":"","meta":{"_acf_changed":false},"product_brand":[],"product_cat":[75067],"product_tag":[],"class_list":{"0":"post-314979","1":"product","2":"type-product","3":"status-publish","4":"has-post-thumbnail","6":"product_cat-medical","8":"first","9":"instock","10":"taxable","11":"shipping-taxable","12":"purchasable","13":"product-type-simple","14":"add-to-wishlist-after_add_to_cart"},"acf":[],"_links":{"self":[{"href":"https:\/\/amazonyguyane.fr\/index.php?rest_route=\/wp\/v2\/product\/314979","targetHints":{"allow":["GET"]}}],"collection":[{"href":"https:\/\/amazonyguyane.fr\/index.php?rest_route=\/wp\/v2\/product"}],"about":[{"href":"https:\/\/amazonyguyane.fr\/index.php?rest_route=\/wp\/v2\/types\/product"}],"replies":[{"embeddable":true,"href":"https:\/\/amazonyguyane.fr\/index.php?rest_route=%2Fwp%2Fv2%2Fcomments&post=314979"}],"version-history":[{"count":0,"href":"https:\/\/amazonyguyane.fr\/index.php?rest_route=\/wp\/v2\/product\/314979\/revisions"}],"wp:featuredmedia":[{"embeddable":true,"href":"https:\/\/amazonyguyane.fr\/index.php?rest_route=\/wp\/v2\/media\/314982"}],"wp:attachment":[{"href":"https:\/\/amazonyguyane.fr\/index.php?rest_route=%2Fwp%2Fv2%2Fmedia&parent=314979"}],"wp:term":[{"taxonomy":"product_brand","embeddable":true,"href":"https:\/\/amazonyguyane.fr\/index.php?rest_route=%2Fwp%2Fv2%2Fproduct_brand&post=314979"},{"taxonomy":"product_cat","embeddable":true,"href":"https:\/\/amazonyguyane.fr\/index.php?rest_route=%2Fwp%2Fv2%2Fproduct_cat&post=314979"},{"taxonomy":"product_tag","embeddable":true,"href":"https:\/\/amazonyguyane.fr\/index.php?rest_route=%2Fwp%2Fv2%2Fproduct_tag&post=314979"}],"curies":[{"name":"wp","href":"https:\/\/api.w.org\/{rel}","templated":true}]}}