{"id":315065,"date":"2023-10-08T01:20:44","date_gmt":"2023-10-08T00:20:44","guid":{"rendered":"https:\/\/amazonyguyane.fr\/?product=sparadrap-resistant-a-leau-mercurochrome-7m"},"modified":"2023-10-08T01:20:44","modified_gmt":"2023-10-08T00:20:44","slug":"sparadrap-resistant-a-leau-mercurochrome-7m","status":"publish","type":"product","link":"https:\/\/amazonyguyane.fr\/?product=sparadrap-resistant-a-leau-mercurochrome-7m","title":{"rendered":"Sparadrap r\u00e9sistant \u00e0 l&#8217;eau Mercurochrome &#8211; 7m"},"content":{"rendered":"<p><!-- show up to 2 reviews by default -->                <\/p>\n<h3> <span>Description du produit<\/span> <\/h3>\n<p> <span>MERCUROCHROME offre une solution \u00e0 tous les tracas de la vie quotidienne avec ses sparadraps, pansements, compresses, bandes, accessoires\u2026 mais son expertise s\u2019\u00e9tend \u00e9galement \u00e0 tous les segments de la pharmacie: podologie, pu\u00e9riculture, soins bucco-dentaires&#8230; Conseils d&#8217;utilisation: nettoyer et S\u00e9cher soigneusement la plaie et son pourtour. Recouvrir la plaie d\u2019une compresse. D\u00e9couper la longueur de sparadrap d\u00e9sir\u00e9e. Maintenir la compresse en appliquant le sparadrap sur les c\u00f4t\u00e9s. Renouveler une \u00e0 trois fois par jour. Pr\u00e9cautions d&#8217;emploi: usage unique. Une \u00e9ventuelle r\u00e9utilisation entrainer une perte de performance du dispositif et un risque de contamination. A conserver au sec et \u00e0 l\u2019abri de la lumi\u00e8re solaire directe. Consulter un m\u00e9decin en cas de plaie profonde ou de br\u00fblures. Dispositif m\u00e9dical. Ce dispositif m\u00e9dical est un produit de sant\u00e9 r\u00e9glement\u00e9 qui porte, au titre de cette r\u00e9glementation, le marquage CE. Lire l&#8217;\u00e9tiquetage du produit avant utilisation. Fabricant: Aso<\/span><span class=\"a-text-bold\">TOUT AVIS ET COMMENTAIRES RELATIFS AUX PRODUITS SONT DE LA RESPONSABILIT\u00c9 UNIQUE DE LEURS AUTEURS, ILS NE SONT EN AUCUN CAS CAUTIONN\u00c9S OU APPROUV\u00c9S PAR LE FABRICANT<\/span>  <\/p>\n<h3> <span>Clause de non-garantie<\/span> <\/h3>\n<p> <span>Photographie non contractuelle. Les indications ci-dessus sont donn\u00e9es \u00e0 titre d&#8217;information. Elles ne sont pas forc\u00e9ment exhaustives et ne sauraient se substituer aux informations figurant sur l&#8217;emballage du produit qui font seules foi, et auxquelles vous \u00eates invit\u00e9s a vous reporter,notamment en cas d&#8217;intol\u00e9rance alimentaire.<\/span>  <\/p>\n<p><\/p>\n","protected":false},"excerpt":{"rendered":"<p>Description du produit MERCUROCHROME offre une solution \u00e0 tous les tracas de la vie quotidienne avec ses sparadraps, pansements, compresses, bandes, accessoires\u2026 mais son expertise s\u2019\u00e9tend \u00e9galement \u00e0 tous les<\/p>\n","protected":false},"featured_media":315066,"comment_status":"","ping_status":"closed","template":"","meta":{"_acf_changed":false},"product_brand":[],"product_cat":[75067],"product_tag":[],"class_list":{"0":"post-315065","1":"product","2":"type-product","3":"status-publish","4":"has-post-thumbnail","6":"product_cat-medical","8":"first","9":"instock","10":"taxable","11":"shipping-taxable","12":"purchasable","13":"product-type-simple","14":"add-to-wishlist-after_add_to_cart"},"acf":[],"_links":{"self":[{"href":"https:\/\/amazonyguyane.fr\/index.php?rest_route=\/wp\/v2\/product\/315065","targetHints":{"allow":["GET"]}}],"collection":[{"href":"https:\/\/amazonyguyane.fr\/index.php?rest_route=\/wp\/v2\/product"}],"about":[{"href":"https:\/\/amazonyguyane.fr\/index.php?rest_route=\/wp\/v2\/types\/product"}],"replies":[{"embeddable":true,"href":"https:\/\/amazonyguyane.fr\/index.php?rest_route=%2Fwp%2Fv2%2Fcomments&post=315065"}],"version-history":[{"count":0,"href":"https:\/\/amazonyguyane.fr\/index.php?rest_route=\/wp\/v2\/product\/315065\/revisions"}],"wp:featuredmedia":[{"embeddable":true,"href":"https:\/\/amazonyguyane.fr\/index.php?rest_route=\/wp\/v2\/media\/315066"}],"wp:attachment":[{"href":"https:\/\/amazonyguyane.fr\/index.php?rest_route=%2Fwp%2Fv2%2Fmedia&parent=315065"}],"wp:term":[{"taxonomy":"product_brand","embeddable":true,"href":"https:\/\/amazonyguyane.fr\/index.php?rest_route=%2Fwp%2Fv2%2Fproduct_brand&post=315065"},{"taxonomy":"product_cat","embeddable":true,"href":"https:\/\/amazonyguyane.fr\/index.php?rest_route=%2Fwp%2Fv2%2Fproduct_cat&post=315065"},{"taxonomy":"product_tag","embeddable":true,"href":"https:\/\/amazonyguyane.fr\/index.php?rest_route=%2Fwp%2Fv2%2Fproduct_tag&post=315065"}],"curies":[{"name":"wp","href":"https:\/\/api.w.org\/{rel}","templated":true}]}}