{"id":315121,"date":"2023-10-08T01:21:50","date_gmt":"2023-10-08T00:21:50","guid":{"rendered":"https:\/\/amazonyguyane.fr\/?product=prestige-medical-marteau-a-reflexe"},"modified":"2023-10-08T01:21:50","modified_gmt":"2023-10-08T00:21:50","slug":"prestige-medical-marteau-a-reflexe","status":"publish","type":"product","link":"https:\/\/amazonyguyane.fr\/?product=prestige-medical-marteau-a-reflexe","title":{"rendered":"Prestige Medical Marteau \u00e0 R\u00e9flexe"},"content":{"rendered":"<p><!-- show up to 2 reviews by default -->                        <\/p>\n<p> <span>Ce marteau r\u00e9flexe t\u00e9lescopique a \u00e9t\u00e9 cr\u00e9\u00e9 par le neurologiste Joseph Babinski et dispose d&#8217;une poign\u00e9e t\u00e9lescopique de 14 po et d&#8217;une anse en plastique en plastique PVC. Ce marteau permet diff\u00e9rentes forces de percussion et la base de la poign\u00e9e conique permet un test de r\u00e9flexion plantaire.<\/span>  <\/p>\n<p>Production interrompue par le fabricant                                     \u200f                                          :                                     \u200e  Non                Code UNSPSC  :  42182302 Signaler un code incorrect              Dimensions du produit (L x l x h)                                     \u200f                                          :                                     \u200e  36,83 x 5,08 x 5,08 cm; 83,63 grammes          Date de mise en ligne sur Amazon.fr                                     \u200f                                          :                                     \u200e  1 juin 2011                                  Fabricant                                     \u200f                                          :                                     \u200e  NCD Medical          ASIN                                     \u200f                                          :                                     \u200e  B00062N496          Num\u00e9ro du mod\u00e8le de l&#8217;article                                     \u200f                                          :                                     \u200e  24          Disponibilit\u00e9 des pi\u00e8ces d\u00e9tach\u00e9es                                     \u200f                                          :                                     \u200e  Information indisponible sur les pi\u00e8ces d\u00e9tach\u00e9es<\/p>\n","protected":false},"excerpt":{"rendered":"<p>Ce marteau r\u00e9flexe t\u00e9lescopique a \u00e9t\u00e9 cr\u00e9\u00e9 par le neurologiste Joseph Babinski et dispose d&#8217;une poign\u00e9e t\u00e9lescopique de 14 po et d&#8217;une anse en plastique en plastique PVC. Ce marteau<\/p>\n","protected":false},"featured_media":315122,"comment_status":"","ping_status":"closed","template":"","meta":{"_acf_changed":false},"product_brand":[],"product_cat":[75067],"product_tag":[],"class_list":{"0":"post-315121","1":"product","2":"type-product","3":"status-publish","4":"has-post-thumbnail","6":"product_cat-medical","8":"first","9":"instock","10":"taxable","11":"shipping-taxable","12":"purchasable","13":"product-type-simple","14":"add-to-wishlist-after_add_to_cart"},"acf":[],"_links":{"self":[{"href":"https:\/\/amazonyguyane.fr\/index.php?rest_route=\/wp\/v2\/product\/315121","targetHints":{"allow":["GET"]}}],"collection":[{"href":"https:\/\/amazonyguyane.fr\/index.php?rest_route=\/wp\/v2\/product"}],"about":[{"href":"https:\/\/amazonyguyane.fr\/index.php?rest_route=\/wp\/v2\/types\/product"}],"replies":[{"embeddable":true,"href":"https:\/\/amazonyguyane.fr\/index.php?rest_route=%2Fwp%2Fv2%2Fcomments&post=315121"}],"version-history":[{"count":0,"href":"https:\/\/amazonyguyane.fr\/index.php?rest_route=\/wp\/v2\/product\/315121\/revisions"}],"wp:featuredmedia":[{"embeddable":true,"href":"https:\/\/amazonyguyane.fr\/index.php?rest_route=\/wp\/v2\/media\/315122"}],"wp:attachment":[{"href":"https:\/\/amazonyguyane.fr\/index.php?rest_route=%2Fwp%2Fv2%2Fmedia&parent=315121"}],"wp:term":[{"taxonomy":"product_brand","embeddable":true,"href":"https:\/\/amazonyguyane.fr\/index.php?rest_route=%2Fwp%2Fv2%2Fproduct_brand&post=315121"},{"taxonomy":"product_cat","embeddable":true,"href":"https:\/\/amazonyguyane.fr\/index.php?rest_route=%2Fwp%2Fv2%2Fproduct_cat&post=315121"},{"taxonomy":"product_tag","embeddable":true,"href":"https:\/\/amazonyguyane.fr\/index.php?rest_route=%2Fwp%2Fv2%2Fproduct_tag&post=315121"}],"curies":[{"name":"wp","href":"https:\/\/api.w.org\/{rel}","templated":true}]}}