{"id":315449,"date":"2023-10-08T01:27:57","date_gmt":"2023-10-08T00:27:57","guid":{"rendered":"https:\/\/amazonyguyane.fr\/?product=thermometremedical-frontal-kkmier-avec-affichage-a-lcd-sans-contact-pour-bebe-enfant-adulte-thermometre-infrarouge-avec-alerte-fievre-99-donnees-enregistrees"},"modified":"2023-10-08T01:27:57","modified_gmt":"2023-10-08T00:27:57","slug":"thermometremedical-frontal-kkmier-avec-affichage-a-lcd-sans-contact-pour-bebe-enfant-adulte-thermometre-infrarouge-avec-alerte-fievre-99-donnees-enregistrees","status":"publish","type":"product","link":"https:\/\/amazonyguyane.fr\/produit\/thermometremedical-frontal-kkmier-avec-affichage-a-lcd-sans-contact-pour-bebe-enfant-adulte-thermometre-infrarouge-avec-alerte-fievre-99-donnees-enregistrees\/","title":{"rendered":"ThermometreM\u00e9dical Frontal, KKmier avec Affichage \u00e0 LCD, sans Contact pour B\u00e9b\u00e9 Enfant Adulte Thermometre Infrarouge avec Alerte Fi\u00e8vre 99 Donn\u00e9es Enregistr\u00e9es"},"content":{"rendered":"<li class=\"a-spacing-mini\"><span class=\"a-list-item\"> <b>\u3010Thermometre Frontal sans contact 2 en 1\u3011<\/b>: Attention: Seul la boutique Circle EU est autoris\u00e9 par marque KKmier, veuillez faire attention avant l&#8217;achat. Il y en a 2 modes de mesure sur notre termometre m\u00e9dical frontal, dont mode de Corps, et mode de Surface. Elle peut mesurer non seulement la temp\u00e9rature corporelle et assurer la sant\u00e9 de la famille, mais peut \u00e9galement mesurer la temp\u00e9rature des aliments, la temp\u00e9rature ambiante, les biberons.  <\/span><\/li>\n<li class=\"a-spacing-mini\"><span class=\"a-list-item\"> <b>\u3010Operation simple et Lecteur rapide\u3011<\/b>: Vous pouvez utiliser notre thermometre frontal pour obtenir la mesure de temp\u00e9rature seulement avec un bouton. Et il vous suffit de 2 secondes de mesure pour avoir le r\u00e9sultat.  <\/span><\/li>\n<li class=\"a-spacing-mini\"><span class=\"a-list-item\"> <b>\u3010Alarme de fi\u00e8vre\u3011<\/b>Vous pouvez d\u00e9finir la temp\u00e9rature d&#8217;alarme de notre thermom\u00e8tre sans contact pour signaler s&#8217;il y a de la fi\u00e8vre. (et la temp\u00e9rature d&#8217;alarme par d\u00e9faut est 38 \u00b0 C \/ 100,4 \u00b0 F).  <\/span><\/li>\n<li class=\"a-spacing-mini\"><span class=\"a-list-item\"> <b>\u3010Conception Conviviales\u3011<\/b>Ce thermom\u00e8tre infrarouge a la capacit\u00e9 d\u2019enregistrer 99 ensembles de m\u00e9moires. En plus, il a une vari\u00e9t\u00e9 de fonctions utiles: commutation entre \u00baC et \u00baF, arr\u00eat automatique apr\u00e8s 15 secondes d&#8217;inactivit\u00e9 pour \u00e9conomiser l&#8217;\u00e9nergie.  <\/span><\/li>\n<li class=\"a-spacing-mini\"><span class=\"a-list-item\"> <b>\u3010Thermom\u00e8tre Frontal Professionel\u3011<\/b>Bas\u00e9 sur la relation entre la temp\u00e9rature et le rayonnement infrarouge mesurable, notre thermometre frontal infrarouge vous donnera une mesure de temp\u00e9rature pr\u00e9cise, avec \u00b1 0,2 \u2103 d&#8217;erreur.  <\/span><\/li>\n<p>Pile(s) \/ Batterie(s) :                                     \u200f                                          :                                     \u200e  2 AAA &#8211; incluse(s)                Code UNSPSC  :  41112200 (Instruments de mesure de la chaleur et de la temp\u00e9rature) Signaler un code incorrect              Dimensions du colis                                     \u200f                                          :                                     \u200e  16,8 x 9,4 x 5,4 cm; 210 grammes          Date de mise en ligne sur Amazon.fr                                     \u200f                                          :                                     \u200e  28 juillet 2020                                  Fabricant                                     \u200f                                          :                                     \u200e  KKmier          ASIN                                     \u200f                                          :                                     \u200e  B08DR3F6BX          Num\u00e9ro du mod\u00e8le de l&#8217;article                                     \u200f                                          :                                     \u200e  PC868-Blue          Pays d&#8217;origine                                     \u200f                                          :                                     \u200e  Chine          Disponibilit\u00e9 des pi\u00e8ces d\u00e9tach\u00e9es                                     \u200f                                          :                                     \u200e  Information indisponible sur les pi\u00e8ces d\u00e9tach\u00e9es<\/p>\n","protected":false},"excerpt":{"rendered":"<p>\u3010Thermometre Frontal sans contact 2 en 1\u3011: Attention: Seul la boutique Circle EU est autoris\u00e9 par marque KKmier, veuillez faire attention avant l&#8217;achat. Il y en a 2 modes de<\/p>\n","protected":false},"featured_media":315451,"comment_status":"","ping_status":"closed","template":"","meta":{"_acf_changed":false},"product_brand":[],"product_cat":[75067],"product_tag":[],"class_list":{"0":"post-315449","1":"product","2":"type-product","3":"status-publish","4":"has-post-thumbnail","6":"product_cat-medical","8":"first","9":"instock","10":"taxable","11":"shipping-taxable","12":"purchasable","13":"product-type-simple","14":"add-to-wishlist-after_add_to_cart"},"acf":[],"_links":{"self":[{"href":"https:\/\/amazonyguyane.fr\/wp-json\/wp\/v2\/product\/315449","targetHints":{"allow":["GET"]}}],"collection":[{"href":"https:\/\/amazonyguyane.fr\/wp-json\/wp\/v2\/product"}],"about":[{"href":"https:\/\/amazonyguyane.fr\/wp-json\/wp\/v2\/types\/product"}],"replies":[{"embeddable":true,"href":"https:\/\/amazonyguyane.fr\/wp-json\/wp\/v2\/comments?post=315449"}],"version-history":[{"count":0,"href":"https:\/\/amazonyguyane.fr\/wp-json\/wp\/v2\/product\/315449\/revisions"}],"wp:featuredmedia":[{"embeddable":true,"href":"https:\/\/amazonyguyane.fr\/wp-json\/wp\/v2\/media\/315451"}],"wp:attachment":[{"href":"https:\/\/amazonyguyane.fr\/wp-json\/wp\/v2\/media?parent=315449"}],"wp:term":[{"taxonomy":"product_brand","embeddable":true,"href":"https:\/\/amazonyguyane.fr\/wp-json\/wp\/v2\/product_brand?post=315449"},{"taxonomy":"product_cat","embeddable":true,"href":"https:\/\/amazonyguyane.fr\/wp-json\/wp\/v2\/product_cat?post=315449"},{"taxonomy":"product_tag","embeddable":true,"href":"https:\/\/amazonyguyane.fr\/wp-json\/wp\/v2\/product_tag?post=315449"}],"curies":[{"name":"wp","href":"https:\/\/api.w.org\/{rel}","templated":true}]}}