{"id":315491,"date":"2023-10-08T01:28:42","date_gmt":"2023-10-08T00:28:42","guid":{"rendered":"https:\/\/amazonyguyane.fr\/?product=ncd-medical-queen-square-marteau-14"},"modified":"2023-10-08T01:28:42","modified_gmt":"2023-10-08T00:28:42","slug":"ncd-medical-queen-square-marteau-14","status":"publish","type":"product","link":"https:\/\/amazonyguyane.fr\/?product=ncd-medical-queen-square-marteau-14","title":{"rendered":"NCD Medical Queen Square Marteau 14"},"content":{"rendered":"<p><!-- show up to 2 reviews by default -->                        <\/p>\n<p> <span>ncd m\u00e9dical\/Prestige m\u00e9dical babi esqui double carr\u00e9 refl\u00e8te marteau, 36&nbsp;cm&nbsp;\u2013&nbsp;PVC pare-chocs anneau&nbsp;\u2013&nbsp;refl\u00e8te tests&nbsp;\u2013&nbsp;23.&nbsp;\u2013&nbsp;conique poign\u00e9e<\/span>  <\/p>\n<p>Production interrompue par le fabricant                                     \u200f                                          :                                     \u200e  Non                Code UNSPSC  :  27111618 (Arrache-clou) Signaler un code incorrect              Dimensions du produit (L x l x h)                                     \u200f                                          :                                     \u200e  37,47 x 5,08 x 5,08 cm; 92,13 grammes          Date de mise en ligne sur Amazon.fr                                     \u200f                                          :                                     \u200e  1 juin 2011                                  Fabricant                                     \u200f                                          :                                     \u200e  NCD Medical          ASIN                                     \u200f                                          :                                     \u200e  B0053Q0JZW          Num\u00e9ro du mod\u00e8le de l&#8217;article                                     \u200f                                          :                                     \u200e  23          Disponibilit\u00e9 des pi\u00e8ces d\u00e9tach\u00e9es                                     \u200f                                          :                                     \u200e  Information indisponible sur les pi\u00e8ces d\u00e9tach\u00e9es<\/p>\n","protected":false},"excerpt":{"rendered":"<p>ncd m\u00e9dical\/Prestige m\u00e9dical babi esqui double carr\u00e9 refl\u00e8te marteau, 36&nbsp;cm&nbsp;\u2013&nbsp;PVC pare-chocs anneau&nbsp;\u2013&nbsp;refl\u00e8te tests&nbsp;\u2013&nbsp;23.&nbsp;\u2013&nbsp;conique poign\u00e9e Production interrompue par le fabricant \u200f : \u200e Non Code UNSPSC : 27111618 (Arrache-clou) Signaler un<\/p>\n","protected":false},"featured_media":315492,"comment_status":"","ping_status":"closed","template":"","meta":{"_acf_changed":false},"product_brand":[],"product_cat":[75067],"product_tag":[],"class_list":{"0":"post-315491","1":"product","2":"type-product","3":"status-publish","4":"has-post-thumbnail","6":"product_cat-medical","8":"first","9":"instock","10":"taxable","11":"shipping-taxable","12":"purchasable","13":"product-type-simple","14":"add-to-wishlist-after_add_to_cart"},"acf":[],"_links":{"self":[{"href":"https:\/\/amazonyguyane.fr\/index.php?rest_route=\/wp\/v2\/product\/315491","targetHints":{"allow":["GET"]}}],"collection":[{"href":"https:\/\/amazonyguyane.fr\/index.php?rest_route=\/wp\/v2\/product"}],"about":[{"href":"https:\/\/amazonyguyane.fr\/index.php?rest_route=\/wp\/v2\/types\/product"}],"replies":[{"embeddable":true,"href":"https:\/\/amazonyguyane.fr\/index.php?rest_route=%2Fwp%2Fv2%2Fcomments&post=315491"}],"version-history":[{"count":0,"href":"https:\/\/amazonyguyane.fr\/index.php?rest_route=\/wp\/v2\/product\/315491\/revisions"}],"wp:featuredmedia":[{"embeddable":true,"href":"https:\/\/amazonyguyane.fr\/index.php?rest_route=\/wp\/v2\/media\/315492"}],"wp:attachment":[{"href":"https:\/\/amazonyguyane.fr\/index.php?rest_route=%2Fwp%2Fv2%2Fmedia&parent=315491"}],"wp:term":[{"taxonomy":"product_brand","embeddable":true,"href":"https:\/\/amazonyguyane.fr\/index.php?rest_route=%2Fwp%2Fv2%2Fproduct_brand&post=315491"},{"taxonomy":"product_cat","embeddable":true,"href":"https:\/\/amazonyguyane.fr\/index.php?rest_route=%2Fwp%2Fv2%2Fproduct_cat&post=315491"},{"taxonomy":"product_tag","embeddable":true,"href":"https:\/\/amazonyguyane.fr\/index.php?rest_route=%2Fwp%2Fv2%2Fproduct_tag&post=315491"}],"curies":[{"name":"wp","href":"https:\/\/api.w.org\/{rel}","templated":true}]}}