{"id":315763,"date":"2023-10-08T01:34:04","date_gmt":"2023-10-08T00:34:04","guid":{"rendered":"https:\/\/amazonyguyane.fr\/?product=kayqidee-38-pieces-de-construction-magnetique-pour-enfants-3-4-5-6-ans-jeux-enfants-enfant-3-4-5-6-ans-aimants-briques-magnetiques-enfants-noel-anniversaire-cadeau-enfant-fille-3-4-5-6-7-8-ans"},"modified":"2023-10-08T01:34:04","modified_gmt":"2023-10-08T00:34:04","slug":"kayqidee-38-pieces-de-construction-magnetique-pour-enfants-3-4-5-6-ans-jeux-enfants-enfant-3-4-5-6-ans-aimants-briques-magnetiques-enfants-noel-anniversaire-cadeau-enfant-fille-3-4-5-6-7-8-ans","status":"publish","type":"product","link":"https:\/\/amazonyguyane.fr\/produit\/kayqidee-38-pieces-de-construction-magnetique-pour-enfants-3-4-5-6-ans-jeux-enfants-enfant-3-4-5-6-ans-aimants-briques-magnetiques-enfants-noel-anniversaire-cadeau-enfant-fille-3-4-5-6-7-8-ans\/","title":{"rendered":"KayQidee 38 pi\u00e8ces de construction magn\u00e9tique pour enfants 3 4 5 6 ans jeux enfants enfant 3 4 5 6 ans aimants briques magn\u00e9tiques enfants No\u00ebl anniversaire cadeau enfant fille 3 4 5 6 7 8 ans"},"content":{"rendered":"<p><!-- show up to 2 reviews by default -->                        <\/p>\n<p> <span>Jeux de construction magn\u00e9tiques souches \u00e9ducatives, apprenez \u00e0 travers le nouveau monde d&#8217;imagination et de d\u00e9couverte de jeux pour enfants avec blocs magn\u00e9tiques r\u00e9gl\u00e9s magn\u00e9tiques <br \/>Pensez-vous que 38 pi\u00e8ces constructions magn\u00e9tiques pour enfants fille 3 4 5 6 7 ans sont peu ? Non, notre kit de construction magn\u00e9tique contient 36 pi\u00e8ces magn\u00e9tiques (18 triangles, 20 carr\u00e9s) qui permettent aux enfants de cr\u00e9er diff\u00e9rents mod\u00e8les de b\u00e2timents. Les mod\u00e8les de mod\u00e9lisation vari\u00e9s am\u00e9liorent les capacit\u00e9s de science, d&#8217;ing\u00e9nierie et d&#8217;aimants pour enfants pour enfants. Les enfants peuvent utiliser des feuilles magn\u00e9tiques pour former diff\u00e9rentes formes pour plus de plaisir. Cadeau de No\u00ebl de bifter pour 3 \u00e0 4 \u00e0 5 ans et gar\u00e7ons de 6 ans. Ces constructions magn\u00e9tiques pour enfants jeux enfants 3 4 5 6 ans peuvent \u00eatre int\u00e9gr\u00e9es dans des formes 2D plates pour des cr\u00e9ations 3D. Du soleil plat, fleur, formes de fus\u00e9e \u00e0 machines, camions, animaux. cadeau fille gar\u00e7on 2 3 4 5 6 ans gar\u00e7on <\/p>\n<p>Amusant pour les enfants et les parents, le jouet parfait pour le lien familial et le team building <br \/>Nos \u00e9l\u00e9ments de construction magn\u00e9tiques jeux enfants 3 4 5 6 ans \u00e9tablis permettent non seulement aux enfants de d\u00e9velopper leurs capacit\u00e9s cr\u00e9atives et de r\u00e9solution de probl\u00e8mes, mais ouvre \u00e9galement les portes aux adultes de la famille pour se connecter et collaborer avec leurs enfants qui fournissent un canal pour les enfants pour s&#8217;amuser et s&#8217;amuser une exp\u00e9rience d&#8217;apprentissage interactive avec leurs personnes \u00e2g\u00e9es. C&#8217;est un excellent moyen d&#8217;exercer le lien parent-enfant \u00e0 l&#8217;extr\u00eame et de faire des souvenirs qui dureront toute une vie. cadeau pour fille gar\u00e7on 3 4 5 6 ans gar\u00e7on <\/p>\n<p>Excellent cadeau STEM pour les enfants <br \/>Faites le cadeau parfait pour toutes les occasions avec cet ensemble de carreaux magn\u00e9tiques magn\u00e9tiques. Recommand\u00e9 pour les enfants \u00e2g\u00e9s de 3 \u00e0 8 ans, il est parfait pour les f\u00eates, les m\u00e9tiers, les camps, les cours d&#8217;art et plus encore. Ces blocs magn\u00e9tiques font un cadeau id\u00e9al pour toutes les occasions, comme<\/span>  <\/p>\n<p>Dimensions du produit (L x l x h)                                     \u200f                                          :                                     \u200e  18 x 13 x 3 cm; 300 grammes                Code UNSPSC  :  60141000 (Jouets) Signaler un code incorrect              \u00c2ge recommand\u00e9 par le fabricant                                     \u200f                                          :                                     \u200e  36 mois &#8211; 60 ans          Num\u00e9ro du mod\u00e8le de l&#8217;article                                     \u200f                                          :                                     \u200e  MB-98          ASIN                                     \u200f                                          :                                     \u200e  B0C1GTJPZD          Pays d&#8217;origine                                     \u200f                                          :                                     \u200e  Chine<\/p>\n","protected":false},"excerpt":{"rendered":"<p>Jeux de construction magn\u00e9tiques souches \u00e9ducatives, apprenez \u00e0 travers le nouveau monde d&#8217;imagination et de d\u00e9couverte de jeux pour enfants avec blocs magn\u00e9tiques r\u00e9gl\u00e9s magn\u00e9tiques Pensez-vous que 38 pi\u00e8ces constructions<\/p>\n","protected":false},"featured_media":315764,"comment_status":"","ping_status":"closed","template":"","meta":{"_acf_changed":false},"product_brand":[],"product_cat":[36669],"product_tag":[],"class_list":{"0":"post-315763","1":"product","2":"type-product","3":"status-publish","4":"has-post-thumbnail","6":"product_cat-jouets-garcons","8":"first","9":"instock","10":"taxable","11":"shipping-taxable","12":"purchasable","13":"product-type-simple","14":"add-to-wishlist-after_add_to_cart"},"acf":[],"_links":{"self":[{"href":"https:\/\/amazonyguyane.fr\/wp-json\/wp\/v2\/product\/315763","targetHints":{"allow":["GET"]}}],"collection":[{"href":"https:\/\/amazonyguyane.fr\/wp-json\/wp\/v2\/product"}],"about":[{"href":"https:\/\/amazonyguyane.fr\/wp-json\/wp\/v2\/types\/product"}],"replies":[{"embeddable":true,"href":"https:\/\/amazonyguyane.fr\/wp-json\/wp\/v2\/comments?post=315763"}],"version-history":[{"count":0,"href":"https:\/\/amazonyguyane.fr\/wp-json\/wp\/v2\/product\/315763\/revisions"}],"wp:featuredmedia":[{"embeddable":true,"href":"https:\/\/amazonyguyane.fr\/wp-json\/wp\/v2\/media\/315764"}],"wp:attachment":[{"href":"https:\/\/amazonyguyane.fr\/wp-json\/wp\/v2\/media?parent=315763"}],"wp:term":[{"taxonomy":"product_brand","embeddable":true,"href":"https:\/\/amazonyguyane.fr\/wp-json\/wp\/v2\/product_brand?post=315763"},{"taxonomy":"product_cat","embeddable":true,"href":"https:\/\/amazonyguyane.fr\/wp-json\/wp\/v2\/product_cat?post=315763"},{"taxonomy":"product_tag","embeddable":true,"href":"https:\/\/amazonyguyane.fr\/wp-json\/wp\/v2\/product_tag?post=315763"}],"curies":[{"name":"wp","href":"https:\/\/api.w.org\/{rel}","templated":true}]}}