{"id":315789,"date":"2023-10-08T01:34:39","date_gmt":"2023-10-08T00:34:39","guid":{"rendered":"https:\/\/amazonyguyane.fr\/?product=voiture-jouet-enfant-2-ans-garcon-lot-de-2-monster-truck-dinosaure-jouet-voiture-enfant-2-3-ans-garcon-voiture-cars-bebe-jeux-enfants-camion-enfant-jouet-garcon-cadeau-enfant-2-3-4-5-ans-garcon"},"modified":"2023-10-08T01:34:39","modified_gmt":"2023-10-08T00:34:39","slug":"voiture-jouet-enfant-2-ans-garcon-lot-de-2-monster-truck-dinosaure-jouet-voiture-enfant-2-3-ans-garcon-voiture-cars-bebe-jeux-enfants-camion-enfant-jouet-garcon-cadeau-enfant-2-3-4-5-ans-garcon","status":"publish","type":"product","link":"https:\/\/amazonyguyane.fr\/produit\/voiture-jouet-enfant-2-ans-garcon-lot-de-2-monster-truck-dinosaure-jouet-voiture-enfant-2-3-ans-garcon-voiture-cars-bebe-jeux-enfants-camion-enfant-jouet-garcon-cadeau-enfant-2-3-4-5-ans-garcon\/","title":{"rendered":"Voiture Jouet Enfant 2 Ans Garcon, Lot de 2 Monster Truck Dinosaure Jouet Voiture Enfant 2 3 Ans Garcon, Voiture Cars Bebe Jeux Enfants Camion Enfant Jouet Garcon Cadeau Enfant 2 3 4 5 Ans Gar\u00e7on"},"content":{"rendered":"<li class=\"a-spacing-mini\"><span class=\"a-list-item\"> <b>\u3010Jeu de Course Excitant\u3011<\/b>Le jeu de course avec ces camions jouet enfant 3 ans gar\u00e7on peut se d\u00e9rouler en ext\u00e9rieur ou en int\u00e9rieur et votre enfant peut choisir quel camion utiliser &#8211; le dragon cornu ou le tyrannosaure rex. Ils adoreront se mesurer \u00e0 leurs amis et \u00e0 leur famille, faisant de ce jeu enfant 3 ans le choix id\u00e9al pour les rencontres de jeu ou les rassemblements familiaux.  <\/span><\/li>\n<li class=\"a-spacing-mini\"><span class=\"a-list-item\"> <b>\u3010Stunt de Rotation Cool \u00e0 360 Degr\u00e9s\u3011<\/b>Une fois pouss\u00e9s et mis en position, les jouet garcon 2 3 ans Monster Truck dinosaures pour gar\u00e7ons effectueront un impressionnant stunt \u00e0 360 degr\u00e9s que votre enfant adorera regarder. Ils seront \u00e9merveill\u00e9s par la fa\u00e7on dont leurs voitures jouet enfant 2 ans ont l&#8217;air cool lorsqu&#8217;elles r\u00e9ussissent le stunt.  <\/span><\/li>\n<li class=\"a-spacing-mini\"><span class=\"a-list-item\"> <b>\u3010Conception Double Pull-Back pour Plus de Plaisir\u3011<\/b>Avec un moteur \u00e0 friction 4WD et une conception sans pile, votre enfant peut faire aller plus vite et plus loin leur \u00e9quipe de dinosaure jouet voiture enfant jeux exterieur enfant 2 ans 3 ans en les tirant en arri\u00e8re et en les l\u00e2chant. La conception double pull-back ajoute encore plus d&#8217;excitation au temps de jeu.  <\/span><\/li>\n<li class=\"a-spacing-mini\"><span class=\"a-list-item\"> <b>\u3010Jeu de Course Excitant\u3011<\/b>Le jeu de course avec ces camions jouets pour gar\u00e7ons de 3 ans peut se d\u00e9rouler en ext\u00e9rieur ou en int\u00e9rieur et votre enfant peut choisir quel camion utiliser &#8211; le dragon cornu ou le tyrannosaure rex. Ils adoreront se mesurer \u00e0 leurs amis et \u00e0 leur famille, faisant de ce jeu le choix id\u00e9al pour les rencontres de jeu ou les rassemblements familiaux.  <\/span><\/li>\n<li class=\"a-spacing-mini\"><span class=\"a-list-item\"> <b>\u3010Cadeau Parfait pour Toute Occasion\u3011<\/b>Que ce soit pour un anniversaire, P\u00e2ques, des vacances, No\u00ebl ou Thanksgiving, l&#8217;\u00e9quipe de camion enfant dinosaures est un cadeau enfant 2 ans cool pour les gar\u00e7ons de 2, 3, 4 et 5 ans. Ils seront ravis de recevoir un cadeau aussi attendu et passionnant pour leur \u00e2ge, et cela leur procurera des heures de plaisir et de divertissement.  <\/span><\/li>\n<p>Dimensions du produit (L x l x h)                                     \u200f                                          :                                     \u200e  8,6 x 8,6 x 8,6 cm; 200 grammes                Code UNSPSC  :  60141000 (Jouets) Signaler un code incorrect              \u00c2ge recommand\u00e9 par le fabricant                                     \u200f                                          :                                     \u200e  24 mois &#8211; 6 ans          Num\u00e9ro du mod\u00e8le de l&#8217;article                                     \u200f                                          :                                     \u200e  7357          ASIN                                     \u200f                                          :                                     \u200e  B0C3ZT2Q5G          Pays d&#8217;origine                                     \u200f                                          :                                     \u200e  Chine<\/p>\n","protected":false},"excerpt":{"rendered":"<p>\u3010Jeu de Course Excitant\u3011Le jeu de course avec ces camions jouet enfant 3 ans gar\u00e7on peut se d\u00e9rouler en ext\u00e9rieur ou en int\u00e9rieur et votre enfant peut choisir quel camion<\/p>\n","protected":false},"featured_media":315790,"comment_status":"","ping_status":"closed","template":"","meta":{"_acf_changed":false},"product_brand":[],"product_cat":[36669],"product_tag":[],"class_list":{"0":"post-315789","1":"product","2":"type-product","3":"status-publish","4":"has-post-thumbnail","6":"product_cat-jouets-garcons","8":"first","9":"instock","10":"taxable","11":"shipping-taxable","12":"purchasable","13":"product-type-simple","14":"add-to-wishlist-after_add_to_cart"},"acf":[],"_links":{"self":[{"href":"https:\/\/amazonyguyane.fr\/wp-json\/wp\/v2\/product\/315789","targetHints":{"allow":["GET"]}}],"collection":[{"href":"https:\/\/amazonyguyane.fr\/wp-json\/wp\/v2\/product"}],"about":[{"href":"https:\/\/amazonyguyane.fr\/wp-json\/wp\/v2\/types\/product"}],"replies":[{"embeddable":true,"href":"https:\/\/amazonyguyane.fr\/wp-json\/wp\/v2\/comments?post=315789"}],"version-history":[{"count":0,"href":"https:\/\/amazonyguyane.fr\/wp-json\/wp\/v2\/product\/315789\/revisions"}],"wp:featuredmedia":[{"embeddable":true,"href":"https:\/\/amazonyguyane.fr\/wp-json\/wp\/v2\/media\/315790"}],"wp:attachment":[{"href":"https:\/\/amazonyguyane.fr\/wp-json\/wp\/v2\/media?parent=315789"}],"wp:term":[{"taxonomy":"product_brand","embeddable":true,"href":"https:\/\/amazonyguyane.fr\/wp-json\/wp\/v2\/product_brand?post=315789"},{"taxonomy":"product_cat","embeddable":true,"href":"https:\/\/amazonyguyane.fr\/wp-json\/wp\/v2\/product_cat?post=315789"},{"taxonomy":"product_tag","embeddable":true,"href":"https:\/\/amazonyguyane.fr\/wp-json\/wp\/v2\/product_tag?post=315789"}],"curies":[{"name":"wp","href":"https:\/\/api.w.org\/{rel}","templated":true}]}}