{"id":315843,"date":"2023-10-08T01:35:52","date_gmt":"2023-10-08T00:35:52","guid":{"rendered":"https:\/\/amazonyguyane.fr\/?product=encoun-ardoise-magique-bleu-tableau-magique-enfant-tableau-de-dessin-magnetique-effacablem-ardoise-magnetique-magique-avec-pieds-jouet-enfant-2-ans-educatif-pour-garcons-filles-jouets-2-5-ans"},"modified":"2023-10-08T01:35:52","modified_gmt":"2023-10-08T00:35:52","slug":"encoun-ardoise-magique-bleu-tableau-magique-enfant-tableau-de-dessin-magnetique-effacablem-ardoise-magnetique-magique-avec-pieds-jouet-enfant-2-ans-educatif-pour-garcons-filles-jouets-2-5-ans","status":"publish","type":"product","link":"https:\/\/amazonyguyane.fr\/?product=encoun-ardoise-magique-bleu-tableau-magique-enfant-tableau-de-dessin-magnetique-effacablem-ardoise-magnetique-magique-avec-pieds-jouet-enfant-2-ans-educatif-pour-garcons-filles-jouets-2-5-ans","title":{"rendered":"ENCOUN Ardoise Magique, Bleu Tableau Magique, Enfant Tableau de Dessin Magn\u00e9tique Effa\u00e7ablem, Ardoise Magn\u00e9tique Magique avec Pieds, Jouet Enfant 2 Ans Educatif, pour Gar\u00e7ons Filles Jouets 2-5 Ans"},"content":{"rendered":"<p><!-- show up to 2 reviews by default --><\/p>\n","protected":false},"excerpt":{"rendered":"","protected":false},"featured_media":315844,"comment_status":"","ping_status":"closed","template":"","meta":{"_acf_changed":false},"product_brand":[],"product_cat":[36669],"product_tag":[],"class_list":{"0":"post-315843","1":"product","2":"type-product","3":"status-publish","4":"has-post-thumbnail","6":"product_cat-jouets-garcons","8":"first","9":"outofstock","10":"taxable","11":"shipping-taxable","12":"purchasable","13":"product-type-simple","14":"add-to-wishlist-after_add_to_cart"},"acf":[],"_links":{"self":[{"href":"https:\/\/amazonyguyane.fr\/index.php?rest_route=\/wp\/v2\/product\/315843","targetHints":{"allow":["GET"]}}],"collection":[{"href":"https:\/\/amazonyguyane.fr\/index.php?rest_route=\/wp\/v2\/product"}],"about":[{"href":"https:\/\/amazonyguyane.fr\/index.php?rest_route=\/wp\/v2\/types\/product"}],"replies":[{"embeddable":true,"href":"https:\/\/amazonyguyane.fr\/index.php?rest_route=%2Fwp%2Fv2%2Fcomments&post=315843"}],"version-history":[{"count":0,"href":"https:\/\/amazonyguyane.fr\/index.php?rest_route=\/wp\/v2\/product\/315843\/revisions"}],"wp:featuredmedia":[{"embeddable":true,"href":"https:\/\/amazonyguyane.fr\/index.php?rest_route=\/wp\/v2\/media\/315844"}],"wp:attachment":[{"href":"https:\/\/amazonyguyane.fr\/index.php?rest_route=%2Fwp%2Fv2%2Fmedia&parent=315843"}],"wp:term":[{"taxonomy":"product_brand","embeddable":true,"href":"https:\/\/amazonyguyane.fr\/index.php?rest_route=%2Fwp%2Fv2%2Fproduct_brand&post=315843"},{"taxonomy":"product_cat","embeddable":true,"href":"https:\/\/amazonyguyane.fr\/index.php?rest_route=%2Fwp%2Fv2%2Fproduct_cat&post=315843"},{"taxonomy":"product_tag","embeddable":true,"href":"https:\/\/amazonyguyane.fr\/index.php?rest_route=%2Fwp%2Fv2%2Fproduct_tag&post=315843"}],"curies":[{"name":"wp","href":"https:\/\/api.w.org\/{rel}","templated":true}]}}