{"id":315863,"date":"2023-10-08T01:36:15","date_gmt":"2023-10-08T00:36:15","guid":{"rendered":"https:\/\/amazonyguyane.fr\/?product=lewinner-voiture-telecommande-enfant-1-18-voiture-rc-cars-jouets-pour-garcons-filles-3-4-5-6-7-8-9-ans-voiture-radiocommandee-avec-phare-cadeaux-danniversaire-de-noel-pour-enfants-rouge"},"modified":"2023-10-08T01:36:15","modified_gmt":"2023-10-08T00:36:15","slug":"lewinner-voiture-telecommande-enfant-1-18-voiture-rc-cars-jouets-pour-garcons-filles-3-4-5-6-7-8-9-ans-voiture-radiocommandee-avec-phare-cadeaux-danniversaire-de-noel-pour-enfants-rouge","status":"publish","type":"product","link":"https:\/\/amazonyguyane.fr\/produit\/lewinner-voiture-telecommande-enfant-1-18-voiture-rc-cars-jouets-pour-garcons-filles-3-4-5-6-7-8-9-ans-voiture-radiocommandee-avec-phare-cadeaux-danniversaire-de-noel-pour-enfants-rouge\/","title":{"rendered":"lewinner Voiture Telecommand\u00e9 Enfant 1\/18 Voiture RC Cars Jouets pour Gar\u00e7ons Filles 3 4 5 6 7 8 9 Ans Voiture Radiocommand\u00e9e avec Phare Cadeaux d&#8217;anniversaire de No\u00ebl pour Enfants (Rouge)"},"content":{"rendered":"<li class=\"a-spacing-mini\"><span class=\"a-list-item\"> <b>[1\/18 Voiture Jouet]<\/b>: Echelle 1:18, taille moyenne pour jouer \u00e0 l&#8217;int\u00e9rieur et \u00e0 l&#8217;ext\u00e9rieur. la vitesse de la voiture t\u00e9l\u00e9command\u00e9e peut atteindre jusqu&#8217;\u00e0 18 KM par heure pour une exp\u00e9rience de conduite passionnante. Fonction compl\u00e8te de transmission, marche arri\u00e8re, tourner \u00e0 gauche, tourner \u00e0 droite, s&#8217;arr\u00eater, tout comme une vraie super voiture de sport. Le meilleur choix de jouets pour les enfants de 3, 4, 5, 6, 7, 8+ ans. Un excellent cadeau d&#8217;anniversaire ou de No\u00ebl pour les enfants.  <\/span><\/li>\n<li class=\"a-spacing-mini\"><span class=\"a-list-item\"> <b>[Phare \u00e9blouissant]<\/b> : les phares lumineux s&#8217;allument avec un mouvement vers l&#8217;avant, offrant l&#8217;exp\u00e9rience de conduite la plus r\u00e9aliste. La couleur de carrosserie avanc\u00e9e de la voiture t\u00e9l\u00e9command\u00e9e et la forme de voiture de sport cool est un cadeau surprise pour chaque gar\u00e7on et chaque fille. Cette voiture enfant peut donner \u00e0 votre enfant une enfance merveilleuse et heureuse. Convient aux jeux de soci\u00e9t\u00e9, \u00e0 des fins \u00e9ducatives, aux r\u00e9unions de famille et \u00e0 d&#8217;autres occasions.  <\/span><\/li>\n<li class=\"a-spacing-mini\"><span class=\"a-list-item\"> <b>[Facile \u00e0 contr\u00f4ler et bonnes performances]<\/b> : cette voiture extr\u00eamement d\u00e9taill\u00e9e, avec un dispositif de r\u00e9glage fin de la direction sensible, est livr\u00e9e avec des roues en caoutchouc de haute qualit\u00e9 pour \u00e9viter de glisser. Corps en plastique ABS solide pour \u00e9viter les rayures et moteur int\u00e9gr\u00e9 puissant, ce qui permet \u00e0 votre voiture pour enfant de tourner dans les virages en un rien de temps et d&#8217;avoir peu de mal \u00e0 conduire sur un tapis fin\/sol en bois\/route en ciment\/sol en plastique.  <\/span><\/li>\n<li class=\"a-spacing-mini\"><span class=\"a-list-item\"> <b>[Mat\u00e9riaux s\u00fbrs]<\/b> : fabriqu\u00e9e en plastique ABS s\u00fbr, la RC voiture telecommand\u00e9 enfant est adapt\u00e9e aux enfants, solide et durable. Grands jeux de course con\u00e7us pour les tout-petits et les enfants. Les fr\u00e9quences du contr\u00f4leur sont de 27 MHZ (veuillez noter que les voitures avec la m\u00eame fr\u00e9quence peuvent se contr\u00f4ler). N\u00e9cessite 3 piles AA pour la voiture et 2 piles AA pour la t\u00e9l\u00e9commande (piles non incluses). La voiture mesure 22,9 x 10,9 x 6,1 cm.  <\/span><\/li>\n<li class=\"a-spacing-mini\"><span class=\"a-list-item\"> <b>[Cadeau jouet parfait pour les enfants]<\/b> : avec un joli emballage pour les cadeaux, ce kit de v\u00e9hicule RC cool est un cadeau jouet parfait pour les tout-petits de 3 4 5 6 7 8 9 10 11 12 ans et plus, les gar\u00e7ons et les filles qui sont obs\u00e9d\u00e9s par les voitures de sport. .Convient pour les anniversaires, P\u00e2ques, Halloween, Thanksgiving, No\u00ebl, le Nouvel An ou d&#8217;autres festivals. Am\u00e9liorez la relation parent-enfant si vous jouez ensemble.&#8221;  <\/span><\/li>\n<p>Dimensions du produit (L x l x h)                                     \u200f                                          :                                     \u200e  21 x 11 x 6 cm; 320 grammes                Code UNSPSC  :  60141000 (Jouets) Signaler un code incorrect              \u00c2ge recommand\u00e9 par le fabricant                                     \u200f                                          :                                     \u200e  36 mois &#8211; 3 ans          Num\u00e9ro du mod\u00e8le de l&#8217;article                                     \u200f                                          :                                     \u200e  01          ASIN                                     \u200f                                          :                                     \u200e  B0BG82MW6Z          Pays d&#8217;origine                                     \u200f                                          :                                     \u200e  Chine<\/p>\n","protected":false},"excerpt":{"rendered":"<p>[1\/18 Voiture Jouet]: Echelle 1:18, taille moyenne pour jouer \u00e0 l&#8217;int\u00e9rieur et \u00e0 l&#8217;ext\u00e9rieur. la vitesse de la voiture t\u00e9l\u00e9command\u00e9e peut atteindre jusqu&#8217;\u00e0 18 KM par heure pour une exp\u00e9rience<\/p>\n","protected":false},"featured_media":315864,"comment_status":"","ping_status":"closed","template":"","meta":{"_acf_changed":false},"product_brand":[],"product_cat":[36669],"product_tag":[],"class_list":{"0":"post-315863","1":"product","2":"type-product","3":"status-publish","4":"has-post-thumbnail","6":"product_cat-jouets-garcons","8":"first","9":"outofstock","10":"taxable","11":"shipping-taxable","12":"purchasable","13":"product-type-simple","14":"add-to-wishlist-after_add_to_cart"},"acf":[],"_links":{"self":[{"href":"https:\/\/amazonyguyane.fr\/wp-json\/wp\/v2\/product\/315863","targetHints":{"allow":["GET"]}}],"collection":[{"href":"https:\/\/amazonyguyane.fr\/wp-json\/wp\/v2\/product"}],"about":[{"href":"https:\/\/amazonyguyane.fr\/wp-json\/wp\/v2\/types\/product"}],"replies":[{"embeddable":true,"href":"https:\/\/amazonyguyane.fr\/wp-json\/wp\/v2\/comments?post=315863"}],"version-history":[{"count":0,"href":"https:\/\/amazonyguyane.fr\/wp-json\/wp\/v2\/product\/315863\/revisions"}],"wp:featuredmedia":[{"embeddable":true,"href":"https:\/\/amazonyguyane.fr\/wp-json\/wp\/v2\/media\/315864"}],"wp:attachment":[{"href":"https:\/\/amazonyguyane.fr\/wp-json\/wp\/v2\/media?parent=315863"}],"wp:term":[{"taxonomy":"product_brand","embeddable":true,"href":"https:\/\/amazonyguyane.fr\/wp-json\/wp\/v2\/product_brand?post=315863"},{"taxonomy":"product_cat","embeddable":true,"href":"https:\/\/amazonyguyane.fr\/wp-json\/wp\/v2\/product_cat?post=315863"},{"taxonomy":"product_tag","embeddable":true,"href":"https:\/\/amazonyguyane.fr\/wp-json\/wp\/v2\/product_tag?post=315863"}],"curies":[{"name":"wp","href":"https:\/\/api.w.org\/{rel}","templated":true}]}}