{"id":316021,"date":"2023-10-08T01:39:55","date_gmt":"2023-10-08T00:39:55","guid":{"rendered":"https:\/\/amazonyguyane.fr\/?product=adeokay-jouet-enfant-4-5-6-7-8-ans-garcon-arc-et-fleches-enfant-jeux-exterieur-enfant-4-8-ans-jouet-garcon-4-5-6-7-8-ans-jouet-fille-4-5-6-7-8-ans-cadeau-garcon-4-5-6-7-8-ans-arc-enfant"},"modified":"2023-10-08T01:39:55","modified_gmt":"2023-10-08T00:39:55","slug":"adeokay-jouet-enfant-4-5-6-7-8-ans-garcon-arc-et-fleches-enfant-jeux-exterieur-enfant-4-8-ans-jouet-garcon-4-5-6-7-8-ans-jouet-fille-4-5-6-7-8-ans-cadeau-garcon-4-5-6-7-8-ans-arc-enfant","status":"publish","type":"product","link":"https:\/\/amazonyguyane.fr\/produit\/adeokay-jouet-enfant-4-5-6-7-8-ans-garcon-arc-et-fleches-enfant-jeux-exterieur-enfant-4-8-ans-jouet-garcon-4-5-6-7-8-ans-jouet-fille-4-5-6-7-8-ans-cadeau-garcon-4-5-6-7-8-ans-arc-enfant\/","title":{"rendered":"Adeokay Jouet Enfant 4 5 6 7 8 Ans Gar\u00e7on, Arc et Fleches Enfant Jeux Exterieur Enfant 4-8 Ans Jouet Garcon 4 5 6 7 8 Ans Jouet Fille 4 5 6 7 8 Ans Cadeau Garcon 4 5 6 7 8 Ans Arc Enfant"},"content":{"rendered":"<li class=\"a-spacing-mini\"><span class=\"a-list-item\"> <b>\u3010Ensemble d&#8217;arc et de fl\u00e8ches pour enfants\u3011<\/b> &#8212; Ensemble d&#8217;arc et de fl\u00e8ches sur le th\u00e8me des dinosaures am\u00e9lior\u00e9s pour les enfants, \u00e9quip\u00e9 d&#8217;un arc de dinosaure*1, d&#8217;une cible*1, d&#8217;une fl\u00e8che \u00e0 ventouse en plastique*20, d&#8217;une dragonne*2, d&#8217;une corde d&#8217;arc*1. Il s&#8217;agit d&#8217;un jouet d&#8217;exterieur \/jouet d&#8217;int\u00e9rieur que les gar\u00e7ons\/filles \u00e2g\u00e9s de 3 \u00e0 8 ans adorent.  <\/span><\/li>\n<li class=\"a-spacing-mini\"><span class=\"a-list-item\"> <b>\u3010100 % s\u00fbr \u3011<\/b>&#8212; l&#8217;ensemble arc et fl\u00e8ches pour enfants est fabriqu\u00e9 en mat\u00e9riau ABS non toxique de haute qualit\u00e9, tr\u00e8s solide et difficile \u00e0 casser. Les fl\u00e8ches \u00e0 ventouse en plastique sont douces et 100 % sans danger pour les enfants ! Il vous suffit de tirer l\u00e9g\u00e8rement sur la corde de l&#8217;arc et la fl\u00e8che en plastique peut \u00eatre rapidement tir\u00e9e sur une longue distance.  <\/span><\/li>\n<li class=\"a-spacing-mini\"><span class=\"a-list-item\"> <b>\u3010Jouets d&#8217;ext\u00e9rieur\/d&#8217;int\u00e9rieur pour enfants \u3011<\/b>&#8212; c&#8217;est un jouet d&#8217;ext\u00e9rieur\/d&#8217;int\u00e9rieur int\u00e9ressant pour les enfants. Ce jouet arc et fl\u00e8che de dinosaure pour enfants est facile \u00e0 assembler et \u00e0 d\u00e9monter, et les enfants peuvent participer \u00e0 une comp\u00e9tition de tir \u00e0 l&#8217;int\u00e9rieur ou \u00e0 l&#8217;ext\u00e9rieur. Ce jouet peut enrichir la vie d&#8217;enfance des enfants et cultiver leur int\u00e9r\u00eat pour le sport !  <\/span><\/li>\n<li class=\"a-spacing-mini\"><span class=\"a-list-item\"> <b>\u3010Jeu de tir \u00e0 l&#8217;arc pour enfants\u3011<\/b> &#8212; Cet ensemble de jouets pour enfants avec arc et fl\u00e8che peut d\u00e9velopper la coordination \u0153il-main des enfants et exercer leur motricit\u00e9 fine, leur pr\u00e9cision, leur \u00e9quilibre et leur stabilit\u00e9. Ce jouet offre aux enfants une exp\u00e9rience de tir amusante&nbsp;! Croyez-moi, vos enfants vont adorer ce jouet !  <\/span><\/li>\n<li class=\"a-spacing-mini\"><span class=\"a-list-item\"> <b>\u3010Cadeau pour les enfants \u00e2g\u00e9s de 3 \u00e0 8 ans\u3011<\/b> &#8212; L&#8217;emballage de cet ensemble de jouets pour enfants avec arc et fl\u00e8ches est tr\u00e8s beau, parfait comme cadeau d&#8217;anniversaire et de No\u00ebl pour les enfants \u00e2g\u00e9s de 3, 4, 5, 6, 7, 8 ans ! Avec cet ensemble de jouets dinosaures, les enfants peuvent rester loin de l&#8217;enfance ennuyeuse et avoir une enfance heureuse !  <\/span><\/li>\n<p><\/p>\n","protected":false},"excerpt":{"rendered":"<p>\u3010Ensemble d&#8217;arc et de fl\u00e8ches pour enfants\u3011 &#8212; Ensemble d&#8217;arc et de fl\u00e8ches sur le th\u00e8me des dinosaures am\u00e9lior\u00e9s pour les enfants, \u00e9quip\u00e9 d&#8217;un arc de dinosaure*1, d&#8217;une cible*1, d&#8217;une<\/p>\n","protected":false},"featured_media":316022,"comment_status":"","ping_status":"closed","template":"","meta":{"_acf_changed":false},"product_brand":[],"product_cat":[36669],"product_tag":[],"class_list":{"0":"post-316021","1":"product","2":"type-product","3":"status-publish","4":"has-post-thumbnail","6":"product_cat-jouets-garcons","8":"first","9":"instock","10":"taxable","11":"shipping-taxable","12":"purchasable","13":"product-type-simple","14":"add-to-wishlist-after_add_to_cart"},"acf":[],"_links":{"self":[{"href":"https:\/\/amazonyguyane.fr\/wp-json\/wp\/v2\/product\/316021","targetHints":{"allow":["GET"]}}],"collection":[{"href":"https:\/\/amazonyguyane.fr\/wp-json\/wp\/v2\/product"}],"about":[{"href":"https:\/\/amazonyguyane.fr\/wp-json\/wp\/v2\/types\/product"}],"replies":[{"embeddable":true,"href":"https:\/\/amazonyguyane.fr\/wp-json\/wp\/v2\/comments?post=316021"}],"version-history":[{"count":0,"href":"https:\/\/amazonyguyane.fr\/wp-json\/wp\/v2\/product\/316021\/revisions"}],"wp:featuredmedia":[{"embeddable":true,"href":"https:\/\/amazonyguyane.fr\/wp-json\/wp\/v2\/media\/316022"}],"wp:attachment":[{"href":"https:\/\/amazonyguyane.fr\/wp-json\/wp\/v2\/media?parent=316021"}],"wp:term":[{"taxonomy":"product_brand","embeddable":true,"href":"https:\/\/amazonyguyane.fr\/wp-json\/wp\/v2\/product_brand?post=316021"},{"taxonomy":"product_cat","embeddable":true,"href":"https:\/\/amazonyguyane.fr\/wp-json\/wp\/v2\/product_cat?post=316021"},{"taxonomy":"product_tag","embeddable":true,"href":"https:\/\/amazonyguyane.fr\/wp-json\/wp\/v2\/product_tag?post=316021"}],"curies":[{"name":"wp","href":"https:\/\/api.w.org\/{rel}","templated":true}]}}