{"id":316047,"date":"2023-10-08T01:40:31","date_gmt":"2023-10-08T00:40:31","guid":{"rendered":"https:\/\/amazonyguyane.fr\/?product=holomonsters-hologramme-3d-jeu-de-monstre-virtuel-interactif-avec-pyramide-projecteur-hologramme-cartes-a-collectionner-application-mobile-jouet-ar-er-pour-enfants-ages-de-6-7-8-9-10-11-12"},"modified":"2023-10-08T01:40:31","modified_gmt":"2023-10-08T00:40:31","slug":"holomonsters-hologramme-3d-jeu-de-monstre-virtuel-interactif-avec-pyramide-projecteur-hologramme-cartes-a-collectionner-application-mobile-jouet-ar-er-pour-enfants-ages-de-6-7-8-9-10-11-12","status":"publish","type":"product","link":"https:\/\/amazonyguyane.fr\/?product=holomonsters-hologramme-3d-jeu-de-monstre-virtuel-interactif-avec-pyramide-projecteur-hologramme-cartes-a-collectionner-application-mobile-jouet-ar-er-pour-enfants-ages-de-6-7-8-9-10-11-12","title":{"rendered":"Holomonsters Hologramme 3D Jeu de Monstre virtuel interactif avec pyramide projecteur hologramme, cartes \u00e0 collectionner, application mobile, jouet AR\/ER pour enfants \u00e2g\u00e9s de 6, 7, 8, 9, 10, 11, 12"},"content":{"rendered":"<li class=\"a-spacing-mini\"><span class=\"a-list-item\"> HOLOMONSTERS est la nouveaut\u00e9 de jeux la plus cool que vous ayez vue depuis longtemps! Trouvez des monstres cach\u00e9s dans votre maison en scannant n&#8217;importe quel code QR ou \u00e0 barres et donnez vie aux monstres sous forme d&#8217;hologrammes sous vos yeux. Vous pouvez m\u00eame trouver les monstres hologrammes dans votre bo\u00eete de limo pr\u00e9f\u00e9r\u00e9e ! &#8211; Ils sont cach\u00e9s partout!  <\/span><\/li>\n<li class=\"a-spacing-mini\"><span class=\"a-list-item\"> RECHERCHERCHEZ, COLLECTEZ ET COMBATTEZ : Cherchez, augmentez le niveau, d\u00e9veloppez, apprenez de nouvelles comp\u00e9tences \u00e0 vos monstres virtuels d&#8217;animaux de compagnie et gagnez des batailles d&#8217;hologrammes sympas ! Les Holomonsters combinent la science 3D et le plaisir!  <\/span><\/li>\n<li class=\"a-spacing-mini\"><span class=\"a-list-item\"> INCLUS: Le paquet contient tout ce dont vous avez besoin pour jouer! Pyramide du projecteur d&#8217;hologramme, 3 cartes \u00e0 collectionner Holomonsters et acc\u00e8s au jeu mobile Holomonsters. Vous avez besoin d&#8217;un smartphone ordinaire pour jouer au jeu.  <\/span><\/li>\n<li class=\"a-spacing-mini\"><span class=\"a-list-item\"> JOUER SEUL OU ENSEMBLE : La chasse aux Holomonsters est amusante seul ou entre amis ! Avec le jeu Holomonsters, les enfants peuvent chasser les monstres dans leur propre maison. Vous pouvez jouer ensemble ou seul, d&#8217;une mani\u00e8re ou d&#8217;une autre, c&#8217;est un plaisir \u00e9norme ! Un cadeau cool pour les gar\u00e7ons et les filles \u00e2g\u00e9s de 6,7,8,10,11,12 ans.  <\/span><\/li>\n<li class=\"a-spacing-mini\"><span class=\"a-list-item\"> COMPATIBILIT\u00c9 DES APPAREILS : le pack de jeu Holomonsters contient des informations pour t\u00e9l\u00e9charger le jeu mobile. Le jeu fonctionne sur tous les t\u00e9l\u00e9phones Apple et Android populaires. Le jeu mobile ne comprend pas d&#8217;achats suppl\u00e9mentaires. Le mode solo ne n\u00e9cessite pas de connexion Internet.  <\/span><\/li>\n<p>Dimensions du produit (L x l x h)                                     \u200f                                          :                                     \u200e  8 x 4,3 x 10 cm; 30 grammes                Code UNSPSC  :  60141100 (Jeux) Signaler un code incorrect              \u00c2ge recommand\u00e9 par le fabricant                                     \u200f                                          :                                     \u200e  3 an et plus          Num\u00e9ro du mod\u00e8le de l&#8217;article                                     \u200f                                          :                                     \u200e  1          ASIN                                     \u200f                                          :                                     \u200e  B0CC64PQTY<\/p>\n","protected":false},"excerpt":{"rendered":"<p>HOLOMONSTERS est la nouveaut\u00e9 de jeux la plus cool que vous ayez vue depuis longtemps! Trouvez des monstres cach\u00e9s dans votre maison en scannant n&#8217;importe quel code QR ou \u00e0<\/p>\n","protected":false},"featured_media":316048,"comment_status":"","ping_status":"closed","template":"","meta":{"_acf_changed":false},"product_brand":[],"product_cat":[36669],"product_tag":[],"class_list":{"0":"post-316047","1":"product","2":"type-product","3":"status-publish","4":"has-post-thumbnail","6":"product_cat-jouets-garcons","8":"first","9":"instock","10":"taxable","11":"shipping-taxable","12":"purchasable","13":"product-type-simple","14":"add-to-wishlist-after_add_to_cart"},"acf":[],"_links":{"self":[{"href":"https:\/\/amazonyguyane.fr\/index.php?rest_route=\/wp\/v2\/product\/316047","targetHints":{"allow":["GET"]}}],"collection":[{"href":"https:\/\/amazonyguyane.fr\/index.php?rest_route=\/wp\/v2\/product"}],"about":[{"href":"https:\/\/amazonyguyane.fr\/index.php?rest_route=\/wp\/v2\/types\/product"}],"replies":[{"embeddable":true,"href":"https:\/\/amazonyguyane.fr\/index.php?rest_route=%2Fwp%2Fv2%2Fcomments&post=316047"}],"version-history":[{"count":0,"href":"https:\/\/amazonyguyane.fr\/index.php?rest_route=\/wp\/v2\/product\/316047\/revisions"}],"wp:featuredmedia":[{"embeddable":true,"href":"https:\/\/amazonyguyane.fr\/index.php?rest_route=\/wp\/v2\/media\/316048"}],"wp:attachment":[{"href":"https:\/\/amazonyguyane.fr\/index.php?rest_route=%2Fwp%2Fv2%2Fmedia&parent=316047"}],"wp:term":[{"taxonomy":"product_brand","embeddable":true,"href":"https:\/\/amazonyguyane.fr\/index.php?rest_route=%2Fwp%2Fv2%2Fproduct_brand&post=316047"},{"taxonomy":"product_cat","embeddable":true,"href":"https:\/\/amazonyguyane.fr\/index.php?rest_route=%2Fwp%2Fv2%2Fproduct_cat&post=316047"},{"taxonomy":"product_tag","embeddable":true,"href":"https:\/\/amazonyguyane.fr\/index.php?rest_route=%2Fwp%2Fv2%2Fproduct_tag&post=316047"}],"curies":[{"name":"wp","href":"https:\/\/api.w.org\/{rel}","templated":true}]}}