{"id":316073,"date":"2023-10-08T01:41:09","date_gmt":"2023-10-08T00:41:09","guid":{"rendered":"https:\/\/amazonyguyane.fr\/?product=lego-60381-city-calendrier-de-lavent-2023-avec-24-cadeaux-dont-figurines-du-pere-noel-et-du-renne-tapis-de-jeu-du-pays-des-merveilles-cadeau-de-noel-pour-enfants-garcons-filles"},"modified":"2023-10-08T01:41:09","modified_gmt":"2023-10-08T00:41:09","slug":"lego-60381-city-calendrier-de-lavent-2023-avec-24-cadeaux-dont-figurines-du-pere-noel-et-du-renne-tapis-de-jeu-du-pays-des-merveilles-cadeau-de-noel-pour-enfants-garcons-filles","status":"publish","type":"product","link":"https:\/\/amazonyguyane.fr\/produit\/lego-60381-city-calendrier-de-lavent-2023-avec-24-cadeaux-dont-figurines-du-pere-noel-et-du-renne-tapis-de-jeu-du-pays-des-merveilles-cadeau-de-noel-pour-enfants-garcons-filles\/","title":{"rendered":"LEGO 60381 City Calendrier de l&#8217;Avent 2023, avec 24 Cadeaux Dont Figurines du P\u00e8re No\u00ebl et du Renne, Tapis de Jeu du Pays des Merveilles, Cadeau de No\u00ebl pour Enfants, Gar\u00e7ons, Filles"},"content":{"rendered":"<p><!-- show up to 2 reviews by default -->                <\/p>\n<h3> <span>Description du produit<\/span> <\/h3>\n<p> <span>Faites monter l&#8217;excitation \u00e0 l&#8217;approche des c\u00e9l\u00e9brations festives avec Le Calendrier de l&#8217;Avent LEGO City 2023 (60381). Les enfants peuvent commencer le compte \u00e0 rebours jusqu&#8217;\u00e0 No\u00ebl avec des personnages festifs familiers, des mini constructions saisonni\u00e8res et des accessoires. Le calendrier de l&#8217;Avent LEGO City 2023 est un excellent cadeau pour les enfants de 5 ans et plus. Les jouets surprises comprennent un P\u00e8re No\u00ebl LEGO, une Madame No\u00ebl, une figurine de renne, un bonhomme de neige et un sapin de No\u00ebl LEGO. Chacun est accompagn\u00e9 d&#8217;instructions de construction faciles, \u00e9tape par \u00e9tape, pour s&#8217;assurer que m\u00eame les nouveaux constructeurs LEGO peuvent profiter d&#8217;une exp\u00e9rience de construction et de jeu amusante. Il suffit de d\u00e9plier le tapis de jeu confortable du pays des merveilles de l&#8217;hiver pour planter le d\u00e9cor d&#8217;aventures imaginatives sans fin. Le calendrier de l&#8217;Avent LEGO City 2023 est rempli de constructions amusantes et de surprises festives pour les enfants qui aiment les jeux cr\u00e9atifs. Les enfants peuvent \u00e9galement combiner les jouets \u00e0 construire, les accessoires et les minifigurines inclus dans le calendrier de l&#8217;Avent des jouets avec d&#8217;autres sets de la gamme LEGO City. Le calendrier de l&#8217;Avent LEGO City mesure plus de 26 cm de haut, 38 cm de large et 7 cm de profondeur. Contient 258 pi\u00e8ces<\/span>  <\/p>\n<h3> <span>Avertissement De S\u00fbret\u00e9<\/span> <\/h3>\n<p> <span>Attention ! Danger d\u2019\u00e9touffement. Petits \u00e9l\u00e9ments. Ne convient pas aux enfants de moins de 36 mois<\/span>  <\/p>\n<p><\/p>\n","protected":false},"excerpt":{"rendered":"<p>Description du produit Faites monter l&#8217;excitation \u00e0 l&#8217;approche des c\u00e9l\u00e9brations festives avec Le Calendrier de l&#8217;Avent LEGO City 2023 (60381). Les enfants peuvent commencer le compte \u00e0 rebours jusqu&#8217;\u00e0 No\u00ebl<\/p>\n","protected":false},"featured_media":316074,"comment_status":"","ping_status":"closed","template":"","meta":{"_acf_changed":false},"product_brand":[],"product_cat":[36669],"product_tag":[],"class_list":{"0":"post-316073","1":"product","2":"type-product","3":"status-publish","4":"has-post-thumbnail","6":"product_cat-jouets-garcons","8":"first","9":"instock","10":"taxable","11":"shipping-taxable","12":"purchasable","13":"product-type-simple","14":"add-to-wishlist-after_add_to_cart"},"acf":[],"_links":{"self":[{"href":"https:\/\/amazonyguyane.fr\/wp-json\/wp\/v2\/product\/316073","targetHints":{"allow":["GET"]}}],"collection":[{"href":"https:\/\/amazonyguyane.fr\/wp-json\/wp\/v2\/product"}],"about":[{"href":"https:\/\/amazonyguyane.fr\/wp-json\/wp\/v2\/types\/product"}],"replies":[{"embeddable":true,"href":"https:\/\/amazonyguyane.fr\/wp-json\/wp\/v2\/comments?post=316073"}],"version-history":[{"count":0,"href":"https:\/\/amazonyguyane.fr\/wp-json\/wp\/v2\/product\/316073\/revisions"}],"wp:featuredmedia":[{"embeddable":true,"href":"https:\/\/amazonyguyane.fr\/wp-json\/wp\/v2\/media\/316074"}],"wp:attachment":[{"href":"https:\/\/amazonyguyane.fr\/wp-json\/wp\/v2\/media?parent=316073"}],"wp:term":[{"taxonomy":"product_brand","embeddable":true,"href":"https:\/\/amazonyguyane.fr\/wp-json\/wp\/v2\/product_brand?post=316073"},{"taxonomy":"product_cat","embeddable":true,"href":"https:\/\/amazonyguyane.fr\/wp-json\/wp\/v2\/product_cat?post=316073"},{"taxonomy":"product_tag","embeddable":true,"href":"https:\/\/amazonyguyane.fr\/wp-json\/wp\/v2\/product_tag?post=316073"}],"curies":[{"name":"wp","href":"https:\/\/api.w.org\/{rel}","templated":true}]}}