{"id":316153,"date":"2023-10-08T01:42:48","date_gmt":"2023-10-08T00:42:48","guid":{"rendered":"https:\/\/amazonyguyane.fr\/?product=lego-41758-friends-le-calendrier-de-lavent-2023-avec-24-cadeaux-surprises-dont-8-figurines-danimaux-2-mini-poupees-et-des-jouets-festifs-cadeau-de-noel-pour-filles-garcons-enfants"},"modified":"2023-10-08T01:42:48","modified_gmt":"2023-10-08T00:42:48","slug":"lego-41758-friends-le-calendrier-de-lavent-2023-avec-24-cadeaux-surprises-dont-8-figurines-danimaux-2-mini-poupees-et-des-jouets-festifs-cadeau-de-noel-pour-filles-garcons-enfants","status":"publish","type":"product","link":"https:\/\/amazonyguyane.fr\/produit\/lego-41758-friends-le-calendrier-de-lavent-2023-avec-24-cadeaux-surprises-dont-8-figurines-danimaux-2-mini-poupees-et-des-jouets-festifs-cadeau-de-noel-pour-filles-garcons-enfants\/","title":{"rendered":"LEGO 41758 Friends Le Calendrier de l\u2019Avent 2023, avec 24 Cadeaux Surprises Dont 8 Figurines d&#8217;animaux, 2 Mini-Poup\u00e9es et des Jouets Festifs, Cadeau de No\u00ebl pour Filles, Gar\u00e7ons, Enfants"},"content":{"rendered":"<p><!-- show up to 2 reviews by default -->                <\/p>\n<h3> <span>Description du produit<\/span> <\/h3>\n<p> <span>Offrez aux fans de LEGO Friends \u00e2g\u00e9s de 6 ans et plus un cadeau pour les f\u00eates de fin d&#8217;ann\u00e9e avec Le Calendrier de l\u2019Avent 2023 LEGO Friends (41758) pour enfants. Chaque porte s&#8217;ouvre pour r\u00e9v\u00e9ler une mini-poup\u00e9e, une micro-poup\u00e9e ou une mini-construction pour rendre le compte \u00e0 rebours de No\u00ebl encore plus sp\u00e9cial. Ce calendrier de l&#8217;Avent 2023 c\u00e9l\u00e8bre les animaux de Heartlake City. Les enfants adoreront d\u00e9couvrir les diff\u00e9rents animaux, mini-poup\u00e9es, mini-constructions et accessoires qui s&#8217;assemblent pour cr\u00e9er une aire de jeu festive. Les animaux peuvent jouer dans l&#8217;aire de jeu ou faire un tour dans le train de No\u00ebl. Les enfants peuvent faire preuve de cr\u00e9ativit\u00e9 avec ce calendrier de l&#8217;avent de No\u00ebl en aidant L\u00e9o et Autumn \u00e0 d\u00e9corer l&#8217;arbre de No\u00ebl. Le calendrier est livr\u00e9 avec un tapis de jeu et diff\u00e9rents modules qui peuvent \u00eatre connect\u00e9s et r\u00e9arrang\u00e9s pour cr\u00e9er une aire de jeu pour tous les animaux. Les enfants peuvent trouver la bo\u00eete de No\u00ebl et d\u00e9corer et personnaliser l&#8217;arbre de No\u00ebl avec toute une s\u00e9rie de points color\u00e9s. Aidez vos enfants \u00e0 profiter du compte \u00e0 rebours magique jusqu&#8217;\u00e0 No\u00ebl avec ce calendrier de l&#8217;Avent 2023 pour enfants. Un cadeau id\u00e9al avant No\u00ebl pour les filles et les gar\u00e7ons fans des aventures de Heartlake City. Ce calendrier de l&#8217;Avent LEGO Friends mesure plus de 25 cm de haut, 37 cm de large et 6 cm de profondeur. Contient 231 pi\u00e8ces<\/span>  <\/p>\n<h3> <span>Avertissement De S\u00fbret\u00e9<\/span> <\/h3>\n<p> <span>Attention ! Danger d\u2019\u00e9touffement. Petits \u00e9l\u00e9ments. Ne convient pas aux enfants de moins de 36 mois<\/span>  <\/p>\n<p><\/p>\n","protected":false},"excerpt":{"rendered":"<p>Description du produit Offrez aux fans de LEGO Friends \u00e2g\u00e9s de 6 ans et plus un cadeau pour les f\u00eates de fin d&#8217;ann\u00e9e avec Le Calendrier de l\u2019Avent 2023 LEGO<\/p>\n","protected":false},"featured_media":316154,"comment_status":"","ping_status":"closed","template":"","meta":{"_acf_changed":false},"product_brand":[],"product_cat":[36669],"product_tag":[],"class_list":{"0":"post-316153","1":"product","2":"type-product","3":"status-publish","4":"has-post-thumbnail","6":"product_cat-jouets-garcons","8":"first","9":"instock","10":"taxable","11":"shipping-taxable","12":"purchasable","13":"product-type-simple","14":"add-to-wishlist-after_add_to_cart"},"acf":[],"_links":{"self":[{"href":"https:\/\/amazonyguyane.fr\/wp-json\/wp\/v2\/product\/316153","targetHints":{"allow":["GET"]}}],"collection":[{"href":"https:\/\/amazonyguyane.fr\/wp-json\/wp\/v2\/product"}],"about":[{"href":"https:\/\/amazonyguyane.fr\/wp-json\/wp\/v2\/types\/product"}],"replies":[{"embeddable":true,"href":"https:\/\/amazonyguyane.fr\/wp-json\/wp\/v2\/comments?post=316153"}],"version-history":[{"count":0,"href":"https:\/\/amazonyguyane.fr\/wp-json\/wp\/v2\/product\/316153\/revisions"}],"wp:featuredmedia":[{"embeddable":true,"href":"https:\/\/amazonyguyane.fr\/wp-json\/wp\/v2\/media\/316154"}],"wp:attachment":[{"href":"https:\/\/amazonyguyane.fr\/wp-json\/wp\/v2\/media?parent=316153"}],"wp:term":[{"taxonomy":"product_brand","embeddable":true,"href":"https:\/\/amazonyguyane.fr\/wp-json\/wp\/v2\/product_brand?post=316153"},{"taxonomy":"product_cat","embeddable":true,"href":"https:\/\/amazonyguyane.fr\/wp-json\/wp\/v2\/product_cat?post=316153"},{"taxonomy":"product_tag","embeddable":true,"href":"https:\/\/amazonyguyane.fr\/wp-json\/wp\/v2\/product_tag?post=316153"}],"curies":[{"name":"wp","href":"https:\/\/api.w.org\/{rel}","templated":true}]}}