{"id":316171,"date":"2023-10-08T01:43:21","date_gmt":"2023-10-08T00:43:21","guid":{"rendered":"https:\/\/amazonyguyane.fr\/?product=mrabbitoo-maquillage-enfant-jouet-fille-22pcs-jouet-de-maquillage-lavable-et-non-toxique-kit-de-maquillage-enfant-fillecoffret-maquillage-enfant-filles-jouet-3-4-5-6-7-8-9-10ans-anniversaire-cadeau"},"modified":"2023-10-08T01:43:21","modified_gmt":"2023-10-08T00:43:21","slug":"mrabbitoo-maquillage-enfant-jouet-fille-22pcs-jouet-de-maquillage-lavable-et-non-toxique-kit-de-maquillage-enfant-fillecoffret-maquillage-enfant-filles-jouet-3-4-5-6-7-8-9-10ans-anniversaire-cadeau","status":"publish","type":"product","link":"https:\/\/amazonyguyane.fr\/produit\/mrabbitoo-maquillage-enfant-jouet-fille-22pcs-jouet-de-maquillage-lavable-et-non-toxique-kit-de-maquillage-enfant-fillecoffret-maquillage-enfant-filles-jouet-3-4-5-6-7-8-9-10ans-anniversaire-cadeau\/","title":{"rendered":"Mrabbitoo Maquillage Enfant Jouet Fille &#8211; 22pcs Jouet de Maquillage Lavable et Non Toxique Kit de Maquillage Enfant Fille,Coffret Maquillage Enfant Filles Jouet 3 4 5 6 7 8 9 10Ans Anniversaire Cadeau"},"content":{"rendered":"<li class=\"a-spacing-mini\"><span class=\"a-list-item\"> <b>\ud83e\udd84\u3010Licorne Coffret Maquillage Enfant\u3011<\/b> La trousse de maquillage pour enfants a \u00e9t\u00e9 sp\u00e9cialement con\u00e7ue pour la petite princesse. L&#8217;ensemble de maquillage de 22 pi\u00e8ces qui comprend de la poudre compacte, du fard \u00e0 paupi\u00e8res, du fard \u00e0 joues, du brillant \u00e0 l\u00e8vres, du rouge \u00e0 l\u00e8vres, du vernis \u00e0 ongles, de la manucure, un pinceau de maquillage.Pour les d\u00e9butants en maquillage ou pour les petites filles, ce sera un maquillage id\u00e9al pour faire semblant de peindre et d&#8217;explorer la beaut\u00e9.  <\/span><\/li>\n<li class=\"a-spacing-mini\"><span class=\"a-list-item\"> <b>\ud83e\udd84\u3010Licorne Jouet Mignon et Trousse de Maquillage\u3011<\/b>Toutes les petites filles r\u00eavent d&#8217;avoir leur premi\u00e8re trousse de maquillage cosm\u00e9tique. trousse de maquillage fille Nous avons con\u00e7u une jolie bo\u00eete cadeau pour emballer cette trousse de maquillage pour petites filles, dans laquelle tous les produits cosm\u00e9tiques et les jouets quotidiens peuvent \u00eatre enti\u00e8rement rang\u00e9s. Exactement comme la trousse de maquillage de maman. O\u00f9 qu&#8217;elle aille, elle pouvait jouer avec ses produits cosm\u00e9tiques pr\u00e9f\u00e9r\u00e9s.  <\/span><\/li>\n<li class=\"a-spacing-mini\"><span class=\"a-list-item\"> <b>\ud83e\udd84\u3010Bo\u00eete de Maquillage Pour Enfants S\u00fbre et Lavable\u3011<\/b>Sans conservateur, doux et doux pour la peau.notre kit de maquillage pour enfants est fabriqu\u00e9 \u00e0 partir de mat\u00e9riaux durables de haute qualit\u00e9, formule soluble dans l&#8217;eau, non toxique, facile \u00e0 nettoyer, non irritant, soin doux pour la peau d\u00e9licate des filles, conform\u00e9ment aux normes internationales pour jouets pour enfants (certificat CPSIA, CPC, ASTM), vous pouvez l&#8217;utiliser en toute confiance.  <\/span><\/li>\n<li class=\"a-spacing-mini\"><span class=\"a-list-item\"> <b>\ud83e\udd84\u3010Cosm\u00e9tique pour Fille de Grande Capacit\u00e9\u3011<\/b>Maquillage enfant fille Avec le kit de maquillage lavable de grande capacit\u00e9, votre petite fille peut organiser et rassembler les jouets cosm\u00e9tiques \u00e9parpill\u00e9s. Kit de maquillage pour enfants filles, il peut \u00eatre facilement emport\u00e9 partout. Les petites filles peuvent jouer partout avec leurs jouets de maquillage pr\u00e9f\u00e9r\u00e9s, comme lors d&#8217;une soir\u00e9e habillage en voyage. Kit de maquillage pour fille jouet \u00e0 partir de 6 ans fille.  <\/span><\/li>\n<li class=\"a-spacing-mini\"><span class=\"a-list-item\"> <b>\ud83e\udd84\u3010Pratique Maquillage Fille Cadeau\u3011<\/b>Ce jouet de maquillage convient \u00e0 diverses occasions telles que les anniversaires, les f\u00eates de No\u00ebl, les f\u00eates d&#8217;Halloween, le cosplay, les jeux d&#8217;habillage, les filles seront attir\u00e9es par lui. Et elle pourra y jouer avec ses amis, ils passeront un bon moment !  <\/span><\/li>\n<p>Dimensions du produit (L x l x h)                                     \u200f                                          :                                     \u200e  20,32 x 15,24 x 7,62 cm; 470 grammes                Code UNSPSC  :  53131600 (Produits de bains et d&#8217;hygi\u00e8ne du corps) Signaler un code incorrect              \u00c2ge recommand\u00e9 par le fabricant                                     \u200f                                          :                                     \u200e  36 mois &#8211; 18 ans          Num\u00e9ro du mod\u00e8le de l&#8217;article                                     \u200f                                          :                                     \u200e  13          ASIN                                     \u200f                                          :                                     \u200e  B0BR6WFMTF          Pays d&#8217;origine                                     \u200f                                          :                                     \u200e  Chine<\/p>\n","protected":false},"excerpt":{"rendered":"<p>\ud83e\udd84\u3010Licorne Coffret Maquillage Enfant\u3011 La trousse de maquillage pour enfants a \u00e9t\u00e9 sp\u00e9cialement con\u00e7ue pour la petite princesse. L&#8217;ensemble de maquillage de 22 pi\u00e8ces qui comprend de la poudre compacte,<\/p>\n","protected":false},"featured_media":316172,"comment_status":"","ping_status":"closed","template":"","meta":{"_acf_changed":false},"product_brand":[],"product_cat":[36669],"product_tag":[],"class_list":{"0":"post-316171","1":"product","2":"type-product","3":"status-publish","4":"has-post-thumbnail","6":"product_cat-jouets-garcons","8":"first","9":"instock","10":"taxable","11":"shipping-taxable","12":"purchasable","13":"product-type-simple","14":"add-to-wishlist-after_add_to_cart"},"acf":[],"_links":{"self":[{"href":"https:\/\/amazonyguyane.fr\/wp-json\/wp\/v2\/product\/316171","targetHints":{"allow":["GET"]}}],"collection":[{"href":"https:\/\/amazonyguyane.fr\/wp-json\/wp\/v2\/product"}],"about":[{"href":"https:\/\/amazonyguyane.fr\/wp-json\/wp\/v2\/types\/product"}],"replies":[{"embeddable":true,"href":"https:\/\/amazonyguyane.fr\/wp-json\/wp\/v2\/comments?post=316171"}],"version-history":[{"count":0,"href":"https:\/\/amazonyguyane.fr\/wp-json\/wp\/v2\/product\/316171\/revisions"}],"wp:featuredmedia":[{"embeddable":true,"href":"https:\/\/amazonyguyane.fr\/wp-json\/wp\/v2\/media\/316172"}],"wp:attachment":[{"href":"https:\/\/amazonyguyane.fr\/wp-json\/wp\/v2\/media?parent=316171"}],"wp:term":[{"taxonomy":"product_brand","embeddable":true,"href":"https:\/\/amazonyguyane.fr\/wp-json\/wp\/v2\/product_brand?post=316171"},{"taxonomy":"product_cat","embeddable":true,"href":"https:\/\/amazonyguyane.fr\/wp-json\/wp\/v2\/product_cat?post=316171"},{"taxonomy":"product_tag","embeddable":true,"href":"https:\/\/amazonyguyane.fr\/wp-json\/wp\/v2\/product_tag?post=316171"}],"curies":[{"name":"wp","href":"https:\/\/api.w.org\/{rel}","templated":true}]}}