{"id":316237,"date":"2023-10-08T01:45:03","date_gmt":"2023-10-08T00:45:03","guid":{"rendered":"https:\/\/amazonyguyane.fr\/?product=lego-ninjago-71780-la-voiture-de-course-ninja-de-kai-evolution-jouet-voiture-de-course-2-en-1-pour-vehicule-tout-terrain-jeu-garcons-et-filles-des-6-ans"},"modified":"2023-10-08T01:45:03","modified_gmt":"2023-10-08T00:45:03","slug":"lego-ninjago-71780-la-voiture-de-course-ninja-de-kai-evolution-jouet-voiture-de-course-2-en-1-pour-vehicule-tout-terrain-jeu-garcons-et-filles-des-6-ans","status":"publish","type":"product","link":"https:\/\/amazonyguyane.fr\/produit\/lego-ninjago-71780-la-voiture-de-course-ninja-de-kai-evolution-jouet-voiture-de-course-2-en-1-pour-vehicule-tout-terrain-jeu-garcons-et-filles-des-6-ans\/","title":{"rendered":"LEGO Ninjago 71780 La Voiture de Course Ninja de Kai \u2013 \u00c9volution, Jouet Voiture de Course 2-en-1, pour V\u00e9hicule Tout-Terrain, Jeu Gar\u00e7ons et Filles D\u00e8s 6 Ans"},"content":{"rendered":"<p><!-- show up to 2 reviews by default -->                <\/p>\n<h3> <span>Description du produit<\/span> <\/h3>\n<p> <span>Laissez les fans de NINJAGO \u00e2g\u00e9s de 6 ans et plus vivre des sensations fortes avec le jouet La Voiture de Course Ninja de Kai \u2013 \u00c9volution (71780). Les enfants aident Kai \u00e0 transformer le jouet de voiture de course pour des aventures rapides et palpitantes. La voiture de course LEGO NINJAGO 2-en-1 comprend un cockpit qui s&#8217;ouvre et un impressionnant aileron dor\u00e9 \u00e0 l&#8217;arri\u00e8re. Elle peut \u00eatre transform\u00e9e d&#8217;un v\u00e9hicule tout-terrain en une voiture de course de rue en \u00e9changeant ses 4 roues. Le jouet de construction de voitures pour enfants est livr\u00e9 avec une fantastique minifigurine NINJAGO Kai, qui est arm\u00e9e de 2 katana dor\u00e9s et peut \u00eatre plac\u00e9e dans le cockpit pour conduire la voiture NINJAGO rouge. Il inspirera aux enfants le plaisir de mettre en sc\u00e8ne d&#8217;innombrables heures d&#8217;action de course dans les rues de NINJAGO City et constitue un excellent cadeau pour les enfants de 6 ans et plus qui aiment les jouets ninja cool. Laissez l&#8217;application LEGO Builder vous guider, vous et votre enfant, dans une aventure de construction facile et intuitive. Zoomez et faites pivoter ce jouet de voitures LEGO en 3D, sauvegardez les jouets et suivez vos progr\u00e8s. Les jouets de construction NINJAGO encouragent les enfants \u00e0 poser leurs \u00e9crans et \u00e0 plonger dans un monde d&#8217;action fantastique. Ici, ils peuvent unir leurs forces avec leurs courageux h\u00e9ros ninjas pour combattre les forces du mal avec une fantastique collection de jouets comprenant des robots, des voitures, des jets, des dragons et des temples. Le jouet de voiture mesure plus de 5 cm de haut, 14 cm de long et 10 cm de large Contient 94 pi\u00e8ces<\/span>  <\/p>\n<h3> <span>Avertissement De S\u00fbret\u00e9<\/span> <\/h3>\n<p> <span>Ne convient pas aux enfants de moins de 36 mois.<\/span>  <\/p>\n<p>Pile(s) \/ Batterie(s) :                                     \u200f                                          :                                     \u200e  1 Inconnu n\u00e9cessite des piles.          Dimensions du produit (L x l x h)                                     \u200f                                          :                                     \u200e  19,1 x 14,1 x 4,6 cm; 170 grammes                Code UNSPSC  :  60141000 (Jouets) Signaler un code incorrect              Date de sortie                                     \u200f                                          :                                     \u200e  1 janvier 2023          \u00c2ge recommand\u00e9 par le fabricant                                     \u200f                                          :                                     \u200e  6 mois &#8211; 8 ans          Num\u00e9ro du mod\u00e8le de l&#8217;article                                     \u200f                                          :                                     \u200e  71780          ASIN                                     \u200f                                          :                                     \u200e  B0BBRZYFB9          Pays d&#8217;origine                                     \u200f                                          :                                     \u200e  R\u00e9publique tch\u00e8que<\/p>\n","protected":false},"excerpt":{"rendered":"<p>Description du produit Laissez les fans de NINJAGO \u00e2g\u00e9s de 6 ans et plus vivre des sensations fortes avec le jouet La Voiture de Course Ninja de Kai \u2013 \u00c9volution<\/p>\n","protected":false},"featured_media":316238,"comment_status":"","ping_status":"closed","template":"","meta":{"_acf_changed":false},"product_brand":[],"product_cat":[36669],"product_tag":[],"class_list":{"0":"post-316237","1":"product","2":"type-product","3":"status-publish","4":"has-post-thumbnail","6":"product_cat-jouets-garcons","8":"first","9":"instock","10":"taxable","11":"shipping-taxable","12":"purchasable","13":"product-type-simple","14":"add-to-wishlist-after_add_to_cart"},"acf":[],"_links":{"self":[{"href":"https:\/\/amazonyguyane.fr\/wp-json\/wp\/v2\/product\/316237","targetHints":{"allow":["GET"]}}],"collection":[{"href":"https:\/\/amazonyguyane.fr\/wp-json\/wp\/v2\/product"}],"about":[{"href":"https:\/\/amazonyguyane.fr\/wp-json\/wp\/v2\/types\/product"}],"replies":[{"embeddable":true,"href":"https:\/\/amazonyguyane.fr\/wp-json\/wp\/v2\/comments?post=316237"}],"version-history":[{"count":0,"href":"https:\/\/amazonyguyane.fr\/wp-json\/wp\/v2\/product\/316237\/revisions"}],"wp:featuredmedia":[{"embeddable":true,"href":"https:\/\/amazonyguyane.fr\/wp-json\/wp\/v2\/media\/316238"}],"wp:attachment":[{"href":"https:\/\/amazonyguyane.fr\/wp-json\/wp\/v2\/media?parent=316237"}],"wp:term":[{"taxonomy":"product_brand","embeddable":true,"href":"https:\/\/amazonyguyane.fr\/wp-json\/wp\/v2\/product_brand?post=316237"},{"taxonomy":"product_cat","embeddable":true,"href":"https:\/\/amazonyguyane.fr\/wp-json\/wp\/v2\/product_cat?post=316237"},{"taxonomy":"product_tag","embeddable":true,"href":"https:\/\/amazonyguyane.fr\/wp-json\/wp\/v2\/product_tag?post=316237"}],"curies":[{"name":"wp","href":"https:\/\/api.w.org\/{rel}","templated":true}]}}