{"id":316313,"date":"2023-10-08T01:46:53","date_gmt":"2023-10-08T00:46:53","guid":{"rendered":"https:\/\/amazonyguyane.fr\/?product=lego-71770-ninjago-le-jet-dragon-dor-de-zane-ensemble-avec-jouet-davion-et-figurines-de-la-serie-tv-cristallises-pour-garcons-et-filles-des-7-ans"},"modified":"2023-10-08T01:46:53","modified_gmt":"2023-10-08T00:46:53","slug":"lego-71770-ninjago-le-jet-dragon-dor-de-zane-ensemble-avec-jouet-davion-et-figurines-de-la-serie-tv-cristallises-pour-garcons-et-filles-des-7-ans","status":"publish","type":"product","link":"https:\/\/amazonyguyane.fr\/produit\/lego-71770-ninjago-le-jet-dragon-dor-de-zane-ensemble-avec-jouet-davion-et-figurines-de-la-serie-tv-cristallises-pour-garcons-et-filles-des-7-ans\/","title":{"rendered":"LEGO 71770 Ninjago Le Jet Dragon d\u2019Or de Zane, Ensemble avec Jouet d&#8217;avion et Figurines de la S\u00e9rie TV Cristallis\u00e9s, pour Gar\u00e7ons et Filles d\u00e8s 7 Ans"},"content":{"rendered":"<p><!-- show up to 2 reviews by default -->                <\/p>\n<h3> <span>Description du produit<\/span> <\/h3>\n<p> <span>L&#8217;ensemble LEGO NINJAGO Le Jet Dragon d&#8217;Or de Zane (71770) permet aux enfants de 7 ans et plus de s&#8217;envoler dans le ciel pour des aventures a\u00e9riennes palpitantes et de recr\u00e9er des sc\u00e8nes d&#8217;action de la s\u00e9rie t\u00e9l\u00e9vis\u00e9e NINJAGO : Cristallis\u00e9s. Le fabuleux avion jouet NINJAGO comporte un cockpit pour y placer des minifigurines LEGO NINJAGO, ainsi que des ailes mobiles qui le font ressembler \u00e0 une \u00e9toile ninja volante lorsque le mode Dragon dor\u00e9 est activ\u00e9. Ce set LEGO NINJAGO comprend 3 minifigurines : Golden Dragon Cole, avec une paire d&#8217;ailes de dragon dor\u00e9es orn\u00e9es de pointes, Golden Zane, le m\u00e9chant g\u00e9n\u00e9ral Vangelis plus diverses armes telles que 2 \u00e9p\u00e9es jouets, des \u00e9toiles ninja, 2 faux et plus encore, tout le n\u00e9cessaire pour inventer de nombreuses batailles pleines d&#8217;action. La faux \u00e9l\u00e9mentaire en or de Cole a \u00e9t\u00e9 vol\u00e9e par le mal\u00e9fique G\u00e9n\u00e9ral Vangelis ! Les enfants peuvent le r\u00e9cup\u00e9rer en se pr\u00e9parant \u00e0 la bataille dans leur puissant avion jouet. Ils transforment le jet en \u00e9toile ninja volante pour tenter d&#8217;emp\u00eacher NINJAGO City d&#8217;\u00eatre infect\u00e9e par des cristaux nocifs ! Le jeu cr\u00e9atif avec les briques LEGO de la s\u00e9rie NINJAGO transporte les enfants dans un monde passionnant de r\u00e9cits et de jeux de r\u00f4le, o\u00f9 ils peuvent faire \u00e9quipe avec Cole, Kai, Nya et les autres ninjas pour affronter de dangereux ennemis dans des confrontations \u00e0 couper le souffle avec des m\u00e9chas, des voitures, des dragons et des temples. Cet ensemble d&#8217;avions jouets est une excellente id\u00e9e de cadeau d&#8217;anniversaire ou de No\u00ebl pour les enfants de 7 ans et plus.<\/span>  <\/p>\n<h3> <span>Avertissement De S\u00fbret\u00e9<\/span> <\/h3>\n<p> <span>Ne convient pas aux enfants de moins de 36 mois.<\/span>  <\/p>\n<p>Pile(s) \/ Batterie(s) :                                     \u200f                                          :                                     \u200e  1 Inconnu &#8211; incluse(s)          Dimensions du produit (L x l x h)                                     \u200f                                          :                                     \u200e  35,4 x 19,1 x 5,9 cm; 458 grammes                Code UNSPSC  :  60141000 (Jouets) Signaler un code incorrect              Date de sortie                                     \u200f                                          :                                     \u200e  1 juin 2022          \u00c2ge recommand\u00e9 par le fabricant                                     \u200f                                          :                                     \u200e  7 &#8211; 99 ans          Num\u00e9ro du mod\u00e8le de l&#8217;article                                     \u200f                                          :                                     \u200e  71770          ASIN                                     \u200f                                          :                                     \u200e  B09QG1SBH9<\/p>\n","protected":false},"excerpt":{"rendered":"<p>Description du produit L&#8217;ensemble LEGO NINJAGO Le Jet Dragon d&#8217;Or de Zane (71770) permet aux enfants de 7 ans et plus de s&#8217;envoler dans le ciel pour des aventures a\u00e9riennes<\/p>\n","protected":false},"featured_media":316314,"comment_status":"","ping_status":"closed","template":"","meta":{"_acf_changed":false},"product_brand":[],"product_cat":[36669],"product_tag":[],"class_list":{"0":"post-316313","1":"product","2":"type-product","3":"status-publish","4":"has-post-thumbnail","6":"product_cat-jouets-garcons","8":"first","9":"instock","10":"taxable","11":"shipping-taxable","12":"purchasable","13":"product-type-simple","14":"add-to-wishlist-after_add_to_cart"},"acf":[],"_links":{"self":[{"href":"https:\/\/amazonyguyane.fr\/wp-json\/wp\/v2\/product\/316313","targetHints":{"allow":["GET"]}}],"collection":[{"href":"https:\/\/amazonyguyane.fr\/wp-json\/wp\/v2\/product"}],"about":[{"href":"https:\/\/amazonyguyane.fr\/wp-json\/wp\/v2\/types\/product"}],"replies":[{"embeddable":true,"href":"https:\/\/amazonyguyane.fr\/wp-json\/wp\/v2\/comments?post=316313"}],"version-history":[{"count":0,"href":"https:\/\/amazonyguyane.fr\/wp-json\/wp\/v2\/product\/316313\/revisions"}],"wp:featuredmedia":[{"embeddable":true,"href":"https:\/\/amazonyguyane.fr\/wp-json\/wp\/v2\/media\/316314"}],"wp:attachment":[{"href":"https:\/\/amazonyguyane.fr\/wp-json\/wp\/v2\/media?parent=316313"}],"wp:term":[{"taxonomy":"product_brand","embeddable":true,"href":"https:\/\/amazonyguyane.fr\/wp-json\/wp\/v2\/product_brand?post=316313"},{"taxonomy":"product_cat","embeddable":true,"href":"https:\/\/amazonyguyane.fr\/wp-json\/wp\/v2\/product_cat?post=316313"},{"taxonomy":"product_tag","embeddable":true,"href":"https:\/\/amazonyguyane.fr\/wp-json\/wp\/v2\/product_tag?post=316313"}],"curies":[{"name":"wp","href":"https:\/\/api.w.org\/{rel}","templated":true}]}}