{"id":316383,"date":"2023-10-08T14:20:37","date_gmt":"2023-10-08T13:20:37","guid":{"rendered":"https:\/\/amazonyguyane.fr\/?product=cadeau-fille-3-4-5-6-7-8-ans-reine-des-neiges-jouet-led-lumineux-smiley-coussin-oreilles-bandeau-bracelet-porte-cles-cadenas-carnet-secret-porte-monnaie-fille-enfants-frozen-anniversaire-cadeau"},"modified":"2023-10-08T14:20:37","modified_gmt":"2023-10-08T13:20:37","slug":"cadeau-fille-3-4-5-6-7-8-ans-reine-des-neiges-jouet-led-lumineux-smiley-coussin-oreilles-bandeau-bracelet-porte-cles-cadenas-carnet-secret-porte-monnaie-fille-enfants-frozen-anniversaire-cadeau","status":"publish","type":"product","link":"https:\/\/amazonyguyane.fr\/produit\/cadeau-fille-3-4-5-6-7-8-ans-reine-des-neiges-jouet-led-lumineux-smiley-coussin-oreilles-bandeau-bracelet-porte-cles-cadenas-carnet-secret-porte-monnaie-fille-enfants-frozen-anniversaire-cadeau\/","title":{"rendered":"Cadeau Fille 3 4 5 6 7 8 Ans Reine des Neiges Jouet LED Lumineux Smiley Coussin Oreilles Bandeau Bracelet Porte Cl\u00e9s Cadenas Carnet Secret Porte Monnaie Fille Enfants Frozen Anniversaire Cadeau"},"content":{"rendered":"<p>Dimensions du produit (L x l x h)                                     \u200f                                          :                                     \u200e  15,5 x 5,5 x 20,5 cm; 1,13 kilogrammes                Code UNSPSC  :  14111500 (Papier d&#8217;imprimerie et d&#8217;\u00e9criture) Signaler un code incorrect              Num\u00e9ro du mod\u00e8le de l&#8217;article                                     \u200f                                          :                                     \u200e  Latocos          ASIN                                     \u200f                                          :                                     \u200e  B0BZCVR2NX          Pays d&#8217;origine                                     \u200f                                          :                                     \u200e  Chine<\/p>\n","protected":false},"excerpt":{"rendered":"<p>Dimensions du produit (L x l x h) \u200f : \u200e 15,5 x 5,5 x 20,5 cm; 1,13 kilogrammes Code UNSPSC : 14111500 (Papier d&#8217;imprimerie et d&#8217;\u00e9criture) Signaler un code<\/p>\n","protected":false},"featured_media":316386,"comment_status":"","ping_status":"closed","template":"","meta":{"_acf_changed":false},"product_brand":[],"product_cat":[36673],"product_tag":[],"class_list":{"0":"post-316383","1":"product","2":"type-product","3":"status-publish","4":"has-post-thumbnail","6":"product_cat-jouets-filles","8":"first","9":"instock","10":"taxable","11":"shipping-taxable","12":"purchasable","13":"product-type-simple","14":"add-to-wishlist-after_add_to_cart"},"acf":[],"_links":{"self":[{"href":"https:\/\/amazonyguyane.fr\/wp-json\/wp\/v2\/product\/316383","targetHints":{"allow":["GET"]}}],"collection":[{"href":"https:\/\/amazonyguyane.fr\/wp-json\/wp\/v2\/product"}],"about":[{"href":"https:\/\/amazonyguyane.fr\/wp-json\/wp\/v2\/types\/product"}],"replies":[{"embeddable":true,"href":"https:\/\/amazonyguyane.fr\/wp-json\/wp\/v2\/comments?post=316383"}],"version-history":[{"count":0,"href":"https:\/\/amazonyguyane.fr\/wp-json\/wp\/v2\/product\/316383\/revisions"}],"wp:featuredmedia":[{"embeddable":true,"href":"https:\/\/amazonyguyane.fr\/wp-json\/wp\/v2\/media\/316386"}],"wp:attachment":[{"href":"https:\/\/amazonyguyane.fr\/wp-json\/wp\/v2\/media?parent=316383"}],"wp:term":[{"taxonomy":"product_brand","embeddable":true,"href":"https:\/\/amazonyguyane.fr\/wp-json\/wp\/v2\/product_brand?post=316383"},{"taxonomy":"product_cat","embeddable":true,"href":"https:\/\/amazonyguyane.fr\/wp-json\/wp\/v2\/product_cat?post=316383"},{"taxonomy":"product_tag","embeddable":true,"href":"https:\/\/amazonyguyane.fr\/wp-json\/wp\/v2\/product_tag?post=316383"}],"curies":[{"name":"wp","href":"https:\/\/api.w.org\/{rel}","templated":true}]}}