{"id":316707,"date":"2023-10-08T14:29:37","date_gmt":"2023-10-08T13:29:37","guid":{"rendered":"https:\/\/amazonyguyane.fr\/?product=lemondream-kit-manucure-pour-enfant-cadeau-fille-6-7-8-9-10-11-12-jouet-fille-kit-vernis-enfant-pour-maquillage-fille-autocollants-pour-vernis-a-ongles-maquillage-enfant-fille"},"modified":"2023-10-08T14:29:37","modified_gmt":"2023-10-08T13:29:37","slug":"lemondream-kit-manucure-pour-enfant-cadeau-fille-6-7-8-9-10-11-12-jouet-fille-kit-vernis-enfant-pour-maquillage-fille-autocollants-pour-vernis-a-ongles-maquillage-enfant-fille","status":"publish","type":"product","link":"https:\/\/amazonyguyane.fr\/produit\/lemondream-kit-manucure-pour-enfant-cadeau-fille-6-7-8-9-10-11-12-jouet-fille-kit-vernis-enfant-pour-maquillage-fille-autocollants-pour-vernis-a-ongles-maquillage-enfant-fille\/","title":{"rendered":"LemonDream Kit Manucure pour Enfant Cadeau Fille 6 7 8 9 10 11 12 Jouet Fille Kit Vernis Enfant pour Maquillage Fille Autocollants pour Vernis \u00e0 Ongles Maquillage Enfant Fille"},"content":{"rendered":"<li class=\"a-spacing-mini\"><span class=\"a-list-item\"> \ud83d\udc85 Ensemble de salon de manucure pour filles: l&#8217;ensemble de manucure fun comprend: stylo \u00e0 ongles * 4, autocollant * 4, faux ongles de dessin anim\u00e9 * 2, faux ongles monochromes *2, s\u00e8che &#8211; ongles (piles AA non incluses), lime \u00e0 ongles, s\u00e9parateur d&#8217;orteils, poudre \u00e0 paillettes * 2, pinceau, ruban adh\u00e9sif double face. Les filles peuvent les utiliser pour lib\u00e9rer leur imagination et leur cr\u00e9ativit\u00e9 et concevoir plus de 200 manucures \u00e9l\u00e9gantes.  <\/span><\/li>\n<li class=\"a-spacing-mini\"><span class=\"a-list-item\"> \ud83d\udc85 Stylo \u00e0 ongles 2 en 1 : notre design unique, le stylo \u00e0 vernis \u00e0 ongles a 2 Fonctions: peinture \u00e0 la brosse, dessin \u00e0 la pointe (dessinez le mod\u00e8le que vous voulez), ce qui fournit toutes vos exigences en mati\u00e8re de conception d&#8217;art des ongles. Ces stylos peuvent peindre, brosser, pointer les ongles avec le design que vous imaginez. Le mini s\u00e8che &#8211; ongles est facile \u00e0 utiliser, non seulement il s\u00e8che rapidement les ongles, mais il ne blessera pas les ongles de votre enfant.  <\/span><\/li>\n<li class=\"a-spacing-mini\"><span class=\"a-list-item\"> \ud83d\udc85 Jeu Cr\u00e9atif Fille 6 7 8 9 10 11 12 ans Ensemble d&#8217;ongles de style th\u00e8me: ensemble d&#8217;art de vernis \u00e0 ongles pour les filles, l&#8217;un des \u00e9l\u00e9ments pr\u00e9f\u00e9r\u00e9s des enfants. Nos ongles press\u00e9s sont con\u00e7us pour les enfants, color\u00e9s et faciles \u00e0 appliquer ou \u00e0 enlever, il suffit de choisir le bon faux ongle et de le coller sur l&#8217;ongle.  <\/span><\/li>\n<li class=\"a-spacing-mini\"><span class=\"a-list-item\"> \ud83d\udc85 Ensemble de maquillage pour les filles: jeu fille 6 7 8 9 10 11 12 ans,Bricolage enfants vernis \u00e0 ongles Art Toy,Chaque bo\u00eete a 24 pointes de faux ongles mignons de diff\u00e9rentes tailles qui s&#8217;adaptent aux doigts de la plupart des enfants. D\u00e9corez vos ongles avec des pierres pr\u00e9cieuses collantes. Style d&#8217;art DIY, les comp\u00e9tences pratiques et l&#8217;imagination de votre enfant seront am\u00e9lior\u00e9es.  <\/span><\/li>\n<li class=\"a-spacing-mini\"><span class=\"a-list-item\"> \ud83d\udc85 Cadeau fille: jouet fille 6 7 8 9 10 11 12 ans. Cadeau Anniversaire Fille 6 7 8 9 10 11 12 ans,Un bon cadeau pour les anniversaires, les f\u00eates, les f\u00eates et toute autre occasion de cadeau. Vernis \u00e0 ongles color\u00e9 et non toxique, conception riche en couvre &#8211; ongles. Ils peuvent partager le bonheur avec leurs amis \u00e0 la soir\u00e9e de nuit de la petite fille.  <\/span><\/li>\n<p>Dimensions du produit (L x l x h)                                     \u200f                                          :                                     \u200e  24 x 15 x 8 cm; 340 grammes                Code UNSPSC  :  53131600 (Produits de bains et d&#8217;hygi\u00e8ne du corps) Signaler un code incorrect              \u00c2ge recommand\u00e9 par le fabricant                                     \u200f                                          :                                     \u200e  6 &#8211; 12 ans          Num\u00e9ro du mod\u00e8le de l&#8217;article                                     \u200f                                          :                                     \u200e  CL-1377          ASIN                                     \u200f                                          :                                     \u200e  B0BNQ718PZ          Pays d&#8217;origine                                     \u200f                                          :                                     \u200e  Chine<\/p>\n","protected":false},"excerpt":{"rendered":"<p>\ud83d\udc85 Ensemble de salon de manucure pour filles: l&#8217;ensemble de manucure fun comprend: stylo \u00e0 ongles * 4, autocollant * 4, faux ongles de dessin anim\u00e9 * 2, faux ongles<\/p>\n","protected":false},"featured_media":316709,"comment_status":"","ping_status":"closed","template":"","meta":{"_acf_changed":false},"product_brand":[],"product_cat":[36673],"product_tag":[],"class_list":{"0":"post-316707","1":"product","2":"type-product","3":"status-publish","4":"has-post-thumbnail","6":"product_cat-jouets-filles","8":"first","9":"instock","10":"taxable","11":"shipping-taxable","12":"purchasable","13":"product-type-simple","14":"add-to-wishlist-after_add_to_cart"},"acf":[],"_links":{"self":[{"href":"https:\/\/amazonyguyane.fr\/wp-json\/wp\/v2\/product\/316707","targetHints":{"allow":["GET"]}}],"collection":[{"href":"https:\/\/amazonyguyane.fr\/wp-json\/wp\/v2\/product"}],"about":[{"href":"https:\/\/amazonyguyane.fr\/wp-json\/wp\/v2\/types\/product"}],"replies":[{"embeddable":true,"href":"https:\/\/amazonyguyane.fr\/wp-json\/wp\/v2\/comments?post=316707"}],"version-history":[{"count":0,"href":"https:\/\/amazonyguyane.fr\/wp-json\/wp\/v2\/product\/316707\/revisions"}],"wp:featuredmedia":[{"embeddable":true,"href":"https:\/\/amazonyguyane.fr\/wp-json\/wp\/v2\/media\/316709"}],"wp:attachment":[{"href":"https:\/\/amazonyguyane.fr\/wp-json\/wp\/v2\/media?parent=316707"}],"wp:term":[{"taxonomy":"product_brand","embeddable":true,"href":"https:\/\/amazonyguyane.fr\/wp-json\/wp\/v2\/product_brand?post=316707"},{"taxonomy":"product_cat","embeddable":true,"href":"https:\/\/amazonyguyane.fr\/wp-json\/wp\/v2\/product_cat?post=316707"},{"taxonomy":"product_tag","embeddable":true,"href":"https:\/\/amazonyguyane.fr\/wp-json\/wp\/v2\/product_tag?post=316707"}],"curies":[{"name":"wp","href":"https:\/\/api.w.org\/{rel}","templated":true}]}}