{"id":316783,"date":"2023-10-08T14:32:02","date_gmt":"2023-10-08T13:32:02","guid":{"rendered":"https:\/\/amazonyguyane.fr\/?product=lego-41728-friends-le-snack-du-centre-ville-jouet-enfants-filles-et-garcons-des-6-ans-avec-mini-poupees-liane-aliya-et-restaurant-personnages-serie-2023"},"modified":"2023-10-08T14:32:02","modified_gmt":"2023-10-08T13:32:02","slug":"lego-41728-friends-le-snack-du-centre-ville-jouet-enfants-filles-et-garcons-des-6-ans-avec-mini-poupees-liane-aliya-et-restaurant-personnages-serie-2023","status":"publish","type":"product","link":"https:\/\/amazonyguyane.fr\/produit\/lego-41728-friends-le-snack-du-centre-ville-jouet-enfants-filles-et-garcons-des-6-ans-avec-mini-poupees-liane-aliya-et-restaurant-personnages-serie-2023\/","title":{"rendered":"LEGO 41728 Friends Le Snack du Centre-Ville, Jouet Enfants, Filles et Gar\u00e7ons D\u00e8s 6 Ans, avec Mini-Poup\u00e9es Liane, Aliya et Restaurant, Personnages S\u00e9rie 2023"},"content":{"rendered":"<p><!-- show up to 2 reviews by default -->                <\/p>\n<h3> <span>Description du produit<\/span> <\/h3>\n<p> <span>Les enfants qui aiment la nourriture peuvent jouer des r\u00f4les dans de nombreuses histoires de restaurants avec ce jeu LEGO Friends Le Snack du Centre-Ville (41728). Ce jouet cr\u00e9atif pour les enfants de 6 ans et plus permet aux enfants de devenir amis avec la prochaine g\u00e9n\u00e9ration de Heartlake City dans un restaurant LEGO Friends g\u00e9nial. Le jeu de restaurant a beaucoup de caract\u00e9ristiques pour inspirer le jeu cr\u00e9atif, y compris un drive-in, des si\u00e8ges \u00e0 l&#8217;ext\u00e9rieur, plus un jeu d&#8217;arcade et un jukebox mobile. Les enfants peuvent utiliser les ingr\u00e9dients de la salade dans le r\u00e9frig\u00e9rateur et faire semblant de pr\u00e9parer des sandwichs ou s&#8217;imaginer \u00eatre un client du restaurant. Le jouet pour les enfants de 6 ans et plus comprend \u00e9galement les mini-poup\u00e9es LEGO Friends Liann, Aliya et Charli, ainsi que des accessoires comprenant 2 boissons, de l&#8217;argent, 3 tranches de pain pour les sandwichs, un porte-serviette, une poubelle et un skateboard jouet. Il y a aussi un chat en peluche espi\u00e8gle qui adore visiter le d\u00eener ! Pour une aventure de construction facile et intuitive avec l&#8217;application LEGO Builder. Ici, les enfants peuvent zoomer et faire pivoter les maquettes en 3D, sauvegarder les ensembles et suivre leurs progr\u00e8s. Ouvrez \u00e0 vos enfants un monde de jeux de r\u00f4les cr\u00e9atifs avec la nouvelle g\u00e9n\u00e9ration de Heartlake City, o\u00f9 ils peuvent rencontrer de nouveaux amis et d\u00e9couvrir des lieux passionnants dans l&#8217;univers LEGO Friends. Ce jeu de restaurant LEGO Friends constitue un cadeau d&#8217;anniversaire amusant pour les enfants de 6 ans et plus qui aiment les jeux d&#8217;imagination. Le snack mesure 11 cm de haut, 19 cm de large et 11 cm de profondeur Contient 346 pi\u00e8ces<\/span>  <\/p>\n<h3> <span>Avertissement De S\u00fbret\u00e9<\/span> <\/h3>\n<p> <span>Ne convient pas aux enfants de moins de 36 mois.<\/span>  <\/p>\n<p>Pile(s) \/ Batterie(s) :                                     \u200f                                          :                                     \u200e  1 Inconnu n\u00e9cessite des piles.          Dimensions du produit (L x l x h)                                     \u200f                                          :                                     \u200e  35,4 x 19,1 x 5,9 cm; 535 grammes                Code UNSPSC  :  60141000 (Jouets) Signaler un code incorrect              Date de sortie                                     \u200f                                          :                                     \u200e  1 janvier 2023          \u00c2ge recommand\u00e9 par le fabricant                                     \u200f                                          :                                     \u200e  6 mois &#8211; 99 ans          Num\u00e9ro du mod\u00e8le de l&#8217;article                                     \u200f                                          :                                     \u200e  41728          ASIN                                     \u200f                                          :                                     \u200e  B0BBRS6BS6          Pays d&#8217;origine                                     \u200f                                          :                                     \u200e  Chine<\/p>\n","protected":false},"excerpt":{"rendered":"<p>Description du produit Les enfants qui aiment la nourriture peuvent jouer des r\u00f4les dans de nombreuses histoires de restaurants avec ce jeu LEGO Friends Le Snack du Centre-Ville (41728). Ce<\/p>\n","protected":false},"featured_media":316784,"comment_status":"","ping_status":"closed","template":"","meta":{"_acf_changed":false},"product_brand":[],"product_cat":[36673],"product_tag":[],"class_list":{"0":"post-316783","1":"product","2":"type-product","3":"status-publish","4":"has-post-thumbnail","6":"product_cat-jouets-filles","8":"first","9":"instock","10":"taxable","11":"shipping-taxable","12":"purchasable","13":"product-type-simple","14":"add-to-wishlist-after_add_to_cart"},"acf":[],"_links":{"self":[{"href":"https:\/\/amazonyguyane.fr\/wp-json\/wp\/v2\/product\/316783","targetHints":{"allow":["GET"]}}],"collection":[{"href":"https:\/\/amazonyguyane.fr\/wp-json\/wp\/v2\/product"}],"about":[{"href":"https:\/\/amazonyguyane.fr\/wp-json\/wp\/v2\/types\/product"}],"replies":[{"embeddable":true,"href":"https:\/\/amazonyguyane.fr\/wp-json\/wp\/v2\/comments?post=316783"}],"version-history":[{"count":0,"href":"https:\/\/amazonyguyane.fr\/wp-json\/wp\/v2\/product\/316783\/revisions"}],"wp:featuredmedia":[{"embeddable":true,"href":"https:\/\/amazonyguyane.fr\/wp-json\/wp\/v2\/media\/316784"}],"wp:attachment":[{"href":"https:\/\/amazonyguyane.fr\/wp-json\/wp\/v2\/media?parent=316783"}],"wp:term":[{"taxonomy":"product_brand","embeddable":true,"href":"https:\/\/amazonyguyane.fr\/wp-json\/wp\/v2\/product_brand?post=316783"},{"taxonomy":"product_cat","embeddable":true,"href":"https:\/\/amazonyguyane.fr\/wp-json\/wp\/v2\/product_cat?post=316783"},{"taxonomy":"product_tag","embeddable":true,"href":"https:\/\/amazonyguyane.fr\/wp-json\/wp\/v2\/product_tag?post=316783"}],"curies":[{"name":"wp","href":"https:\/\/api.w.org\/{rel}","templated":true}]}}