{"id":316861,"date":"2023-10-08T14:33:53","date_gmt":"2023-10-08T13:33:53","guid":{"rendered":"https:\/\/amazonyguyane.fr\/?product=et-toi-tu-choisis-quoi-jeu-amusant-de-questions-pour-les-enfants-de-6-a-12-ans-livre-avec-200-choix-droles-ou-insolites-a-faire-parmi-des-ou-reflechir-idee-cadeau-garcons-et-filles"},"modified":"2023-10-08T14:33:53","modified_gmt":"2023-10-08T13:33:53","slug":"et-toi-tu-choisis-quoi-jeu-amusant-de-questions-pour-les-enfants-de-6-a-12-ans-livre-avec-200-choix-droles-ou-insolites-a-faire-parmi-des-ou-reflechir-idee-cadeau-garcons-et-filles","status":"publish","type":"product","link":"https:\/\/amazonyguyane.fr\/produit\/et-toi-tu-choisis-quoi-jeu-amusant-de-questions-pour-les-enfants-de-6-a-12-ans-livre-avec-200-choix-droles-ou-insolites-a-faire-parmi-des-ou-reflechir-idee-cadeau-garcons-et-filles\/","title":{"rendered":"Et toi, tu choisis quoi ? Jeu amusant de questions pour les enfants de 6 \u00e0 12 ans: Livre avec 200 choix dr\u00f4les ou insolites \u00e0 faire parmi des &#8230; ou r\u00e9fl\u00e9chir | Id\u00e9e cadeau gar\u00e7ons et filles"},"content":{"rendered":"<p>ASIN                                      \u200f                                          :                                     \u200e  B08QM1Z2LZ          \u00c9diteur                                     \u200f                                          :                                     \u200e  Independently published (3 d\u00e9cembre 2020)          Langue                                     \u200f                                          :                                     \u200e  Fran\u00e7ais          Broch\u00e9                                     \u200f                                          :                                     \u200e  104 pages          ISBN-13                                     \u200f                                          :                                     \u200e  979-8575908371          \u00c2ge de lecture                                     \u200f                                          :                                     \u200e  D\u00e8s 6 ans          Poids de l&#8217;article                                     \u200f                                          :                                     \u200e  180 g          Dimensions                                     \u200f                                          :                                     \u200e  15.24 x 0.61 x 22.86 cm                        UNSPSC-Code  :  55101500 (Publications imprim\u00e9es) Signaler un code incorrect<\/p>\n","protected":false},"excerpt":{"rendered":"<p>ASIN \u200f : \u200e B08QM1Z2LZ \u00c9diteur \u200f : \u200e Independently published (3 d\u00e9cembre 2020) Langue \u200f : \u200e Fran\u00e7ais Broch\u00e9 \u200f : \u200e 104 pages ISBN-13 \u200f : \u200e 979-8575908371<\/p>\n","protected":false},"featured_media":316862,"comment_status":"","ping_status":"closed","template":"","meta":{"_acf_changed":false},"product_brand":[],"product_cat":[36673],"product_tag":[],"class_list":{"0":"post-316861","1":"product","2":"type-product","3":"status-publish","4":"has-post-thumbnail","6":"product_cat-jouets-filles","8":"first","9":"instock","10":"taxable","11":"shipping-taxable","12":"purchasable","13":"product-type-simple","14":"add-to-wishlist-after_add_to_cart"},"acf":[],"_links":{"self":[{"href":"https:\/\/amazonyguyane.fr\/wp-json\/wp\/v2\/product\/316861","targetHints":{"allow":["GET"]}}],"collection":[{"href":"https:\/\/amazonyguyane.fr\/wp-json\/wp\/v2\/product"}],"about":[{"href":"https:\/\/amazonyguyane.fr\/wp-json\/wp\/v2\/types\/product"}],"replies":[{"embeddable":true,"href":"https:\/\/amazonyguyane.fr\/wp-json\/wp\/v2\/comments?post=316861"}],"version-history":[{"count":0,"href":"https:\/\/amazonyguyane.fr\/wp-json\/wp\/v2\/product\/316861\/revisions"}],"wp:featuredmedia":[{"embeddable":true,"href":"https:\/\/amazonyguyane.fr\/wp-json\/wp\/v2\/media\/316862"}],"wp:attachment":[{"href":"https:\/\/amazonyguyane.fr\/wp-json\/wp\/v2\/media?parent=316861"}],"wp:term":[{"taxonomy":"product_brand","embeddable":true,"href":"https:\/\/amazonyguyane.fr\/wp-json\/wp\/v2\/product_brand?post=316861"},{"taxonomy":"product_cat","embeddable":true,"href":"https:\/\/amazonyguyane.fr\/wp-json\/wp\/v2\/product_cat?post=316861"},{"taxonomy":"product_tag","embeddable":true,"href":"https:\/\/amazonyguyane.fr\/wp-json\/wp\/v2\/product_tag?post=316861"}],"curies":[{"name":"wp","href":"https:\/\/api.w.org\/{rel}","templated":true}]}}