{"id":316992,"date":"2023-10-08T14:38:18","date_gmt":"2023-10-08T13:38:18","guid":{"rendered":"https:\/\/amazonyguyane.fr\/?product=tnoie-jouet-dinosaure-pour-garcon-jouet-pour-bebe-avec-lumiere-fraiche-et-musique-bump-and-go-projection-et-wag-tail-dino-jouet-pour-bebe-pour-enfants-3-a-4-ans"},"modified":"2023-10-08T14:38:18","modified_gmt":"2023-10-08T13:38:18","slug":"tnoie-jouet-dinosaure-pour-garcon-jouet-pour-bebe-avec-lumiere-fraiche-et-musique-bump-and-go-projection-et-wag-tail-dino-jouet-pour-bebe-pour-enfants-3-a-4-ans","status":"publish","type":"product","link":"https:\/\/amazonyguyane.fr\/?product=tnoie-jouet-dinosaure-pour-garcon-jouet-pour-bebe-avec-lumiere-fraiche-et-musique-bump-and-go-projection-et-wag-tail-dino-jouet-pour-bebe-pour-enfants-3-a-4-ans","title":{"rendered":"TNOIE Jouet dinosaure pour gar\u00e7on, jouet pour b\u00e9b\u00e9 avec lumi\u00e8re fra\u00eeche et musique, Bump and Go Projection et Wag Tail Dino, jouet pour b\u00e9b\u00e9 pour enfants 3 \u00e0 4 ans"},"content":{"rendered":"<li class=\"a-spacing-mini\"><span class=\"a-list-item\"> <b>Animer b\u00e9b\u00e9 \u00e0 ramper <\/b>: le jouet pour b\u00e9b\u00e9 est contr\u00f4l\u00e9 par interrupteur, la bouche du jouet dinosaure s&#8217;ouvre et se ferme lorsque vous marchez pour simuler un rugissement, tandis que ses mains et sa queue se balancent avec des lumi\u00e8res et de la musique cool que votre b\u00e9b\u00e9 peut chasser et ramper, construire la motricit\u00e9 de votre b\u00e9b\u00e9  <\/span><\/li>\n<li class=\"a-spacing-mini\"><span class=\"a-list-item\"> <b>\u3010Pr\u00e9vention automatique des obstacles\u3011<\/b> Le jouet rampant dinosaure est \u00e9quip\u00e9 de roues universelles qui capturent l&#8217;environnement et tournent automatiquement lorsqu&#8217;il rencontre un obstacle, ce qui rend votre b\u00e9b\u00e9 ramper dans une direction s\u00fbre et am\u00e9liore la r\u00e9activit\u00e9 de votre b\u00e9b\u00e9, ce qui en fait un bon choix pour les jouets pour b\u00e9b\u00e9s \u00e0 partir de 6 mois.  <\/span><\/li>\n<li class=\"a-spacing-mini\"><span class=\"a-list-item\"> <b>Jouet musical pour b\u00e9b\u00e9 <\/b>: le jouet rampant pour b\u00e9b\u00e9 simule la marche d&#8217;indominus rex, accompagn\u00e9 de musique merveilleuse et de lumi\u00e8res clignotantes, les mains et la queue de dinosaure se balancent vers la musique, et le b\u00e9b\u00e9 ressentira le plaisir du jeu, d\u00e9velopper l&#8217;imagination, c&#8217;est aussi un jouet \u00e9ducatif pour les enfants en bas \u00e2ge pour en savoir plus sur les dinosaures, amener les enfants \u00e0 l&#8217;ancienne p\u00e9riode jurassique.  <\/span><\/li>\n<li class=\"a-spacing-mini\"><span class=\"a-list-item\"> <b>Excellente id\u00e9e cadeau pour les enfants <\/b>: jouet dinosaure pour b\u00e9b\u00e9 avec musique l\u00e9g\u00e8re est pour les b\u00e9b\u00e9s de 6 \u00e0 12 mois, 12 \u00e0 18 mois pour les jeunes filles. Joli design et fonctionnalit\u00e9 parfaite est un excellent pour 1, 2, 3, 4. Cadeaux d&#8217;anniversaire pour gar\u00e7ons et filles, anniversaire, No\u00ebl, Nouvel An, Halloween, jeux de r\u00f4le, remplisseurs de chaussettes de No\u00ebl, r\u00e9compenses scolaires et f\u00eates \u00e0 th\u00e8me dinosaure, etc.  <\/span><\/li>\n<li class=\"a-spacing-mini\"><span class=\"a-list-item\"> <b>Mat\u00e9riau de qualit\u00e9 sup\u00e9rieure <\/b>: les jouets \u00e0 partir de 6 mois sont fabriqu\u00e9s en mat\u00e9riau ABS de haute qualit\u00e9, non toxique, sans BPA, surface lisse, ne nuit pas \u00e0 la peau de l&#8217;enfant. Durable, c&#8217;est le meilleur choix pour la croissance saine de votre b\u00e9b\u00e9. Nous esp\u00e9rons que notre jouet dinosaure peut apporter plus de plaisir \u00e0 vos enfants. Si vous avez des probl\u00e8mes, n&#8217;h\u00e9sitez pas \u00e0 nous contacter pr\u00e9occupations que vous avez.  <\/span><\/li>\n<p>Pile(s) \/ Batterie(s) :                                     \u200f                                          :                                     \u200e  3 AA &#8211; incluse(s)          Dimensions du produit (L x l x h)                                     \u200f                                          :                                     \u200e  11,43 x 10,36 x 21,59 cm; 430 grammes                Code UNSPSC  :  60141000 (Jouets) Signaler un code incorrect              \u00c2ge recommand\u00e9 par le fabricant                                     \u200f                                          :                                     \u200e  6 mois et plus          Num\u00e9ro du mod\u00e8le de l&#8217;article                                     \u200f                                          :                                     \u200e  C123          ASIN                                     \u200f                                          :                                     \u200e  B09Z5Q3B24<\/p>\n","protected":false},"excerpt":{"rendered":"<p>Animer b\u00e9b\u00e9 \u00e0 ramper : le jouet pour b\u00e9b\u00e9 est contr\u00f4l\u00e9 par interrupteur, la bouche du jouet dinosaure s&#8217;ouvre et se ferme lorsque vous marchez pour simuler un rugissement, tandis<\/p>\n","protected":false},"featured_media":316998,"comment_status":"","ping_status":"closed","template":"","meta":{"_acf_changed":false},"product_brand":[],"product_cat":[70663],"product_tag":[],"class_list":{"0":"post-316992","1":"product","2":"type-product","3":"status-publish","4":"has-post-thumbnail","6":"product_cat-jeux-de-societe","8":"first","9":"instock","10":"taxable","11":"shipping-taxable","12":"purchasable","13":"product-type-simple","14":"add-to-wishlist-after_add_to_cart"},"acf":[],"_links":{"self":[{"href":"https:\/\/amazonyguyane.fr\/index.php?rest_route=\/wp\/v2\/product\/316992","targetHints":{"allow":["GET"]}}],"collection":[{"href":"https:\/\/amazonyguyane.fr\/index.php?rest_route=\/wp\/v2\/product"}],"about":[{"href":"https:\/\/amazonyguyane.fr\/index.php?rest_route=\/wp\/v2\/types\/product"}],"replies":[{"embeddable":true,"href":"https:\/\/amazonyguyane.fr\/index.php?rest_route=%2Fwp%2Fv2%2Fcomments&post=316992"}],"version-history":[{"count":0,"href":"https:\/\/amazonyguyane.fr\/index.php?rest_route=\/wp\/v2\/product\/316992\/revisions"}],"wp:featuredmedia":[{"embeddable":true,"href":"https:\/\/amazonyguyane.fr\/index.php?rest_route=\/wp\/v2\/media\/316998"}],"wp:attachment":[{"href":"https:\/\/amazonyguyane.fr\/index.php?rest_route=%2Fwp%2Fv2%2Fmedia&parent=316992"}],"wp:term":[{"taxonomy":"product_brand","embeddable":true,"href":"https:\/\/amazonyguyane.fr\/index.php?rest_route=%2Fwp%2Fv2%2Fproduct_brand&post=316992"},{"taxonomy":"product_cat","embeddable":true,"href":"https:\/\/amazonyguyane.fr\/index.php?rest_route=%2Fwp%2Fv2%2Fproduct_cat&post=316992"},{"taxonomy":"product_tag","embeddable":true,"href":"https:\/\/amazonyguyane.fr\/index.php?rest_route=%2Fwp%2Fv2%2Fproduct_tag&post=316992"}],"curies":[{"name":"wp","href":"https:\/\/api.w.org\/{rel}","templated":true}]}}