{"id":317041,"date":"2023-10-08T14:38:47","date_gmt":"2023-10-08T13:38:47","guid":{"rendered":"https:\/\/amazonyguyane.fr\/?product=ibasenice-1pc-singe-jouet-musique-decor-poupee-ensembles-de-jeu-peluche-paresseux-jouet-en-peluche-appareil-musical-chant-singe-jouet-rotatif-singe-jouet-bebe-marron-sans-peluche-pour-faire"},"modified":"2023-10-08T14:38:47","modified_gmt":"2023-10-08T13:38:47","slug":"ibasenice-1pc-singe-jouet-musique-decor-poupee-ensembles-de-jeu-peluche-paresseux-jouet-en-peluche-appareil-musical-chant-singe-jouet-rotatif-singe-jouet-bebe-marron-sans-peluche-pour-faire","status":"publish","type":"product","link":"https:\/\/amazonyguyane.fr\/produit\/ibasenice-1pc-singe-jouet-musique-decor-poupee-ensembles-de-jeu-peluche-paresseux-jouet-en-peluche-appareil-musical-chant-singe-jouet-rotatif-singe-jouet-bebe-marron-sans-peluche-pour-faire\/","title":{"rendered":"ibasenice 1Pc Singe Jouet Musique D\u00e9cor Poup\u00e9e Ensembles De Jeu Peluche Paresseux Jouet En Peluche Appareil Musical Chant Singe Jouet Rotatif Singe Jouet B\u00e9b\u00e9 Marron Sans Peluche Pour Faire"},"content":{"rendered":"<p><!-- show up to 2 reviews by default -->                        <\/p>\n<p> <span class=\"a-text-bold\">le paquet comprend<\/span><span><br \/> 1 x jouet<\/p>\n<p><\/span><span class=\"a-text-bold\">caract\u00e9ristiques<\/span><span><br \/> -mat\u00e9riau : et joli jouet en peluche<br \/>-taille : environ 18,00&#215;10,00&#215;10,00 cm\/7,07&#215;3,93&#215;3 poup\u00e9e chantante en peluche.<br \/>&#8211; couleur : jouet singe rotatif marron clair<br \/>&#8211; mise en sc\u00e8ne. vous pouvez le placer n&#8217;importe o\u00f9 comme singe chantant en peluche pour d\u00e9coration int\u00e9rieure.<br \/>&#8211; ce n&#8217;est pas seulement un jouet, qui peut \u00e9galement jouer de la musique et tourner, vous apporter plus de plaisir pendant la f\u00eate en peluche.<br \/>&#8211; le jouet est fabriqu\u00e9 en mat\u00e9riau qui peut r\u00e9sister \u00e0 une utilisation d&#8217;un appareil musical.<br \/>&#8211; vous pouvez \u00e9galement l&#8217;offrir \u00e0 votre enfant comme cadeau de No\u00ebl, il l&#8217;aimera comme un jouet de singe.<br \/>\u2013 avec sa taille compacte, vous pouvez le poser sur le bureau sans prendre trop de , nouveaut\u00e9 de d\u00e9coration pour la maison.<\/p>\n<p><\/span><span class=\"a-text-bold\">informations sur les marchandises<\/span><span><br \/> peluche pr\u00e9sente il s&#8217;agit d&#8217;un jouet de singe \u00e9lectrique, fait de peluche et de mati\u00e8re , et peut tourner et chanter pour amuser les gens.<\/span>  <\/p>\n<p>Code UNSPSC  :  60141000 (Jouets) Signaler un code incorrect              Dimensions du colis                                     \u200f                                          :                                     \u200e  19 x 11 x 11 cm; 212 grammes          Date de mise en ligne sur Amazon.fr                                     \u200f                                          :                                     \u200e  3 septembre 2023                                  Fabricant                                     \u200f                                          :                                     \u200e  ibasenice          ASIN                                     \u200f                                          :                                     \u200e  B0CH7CLW42          Num\u00e9ro du mod\u00e8le de l&#8217;article                                     \u200f                                          :                                     \u200e  90012TP023MS4          Pays d&#8217;origine                                     \u200f                                          :                                     \u200e  Chine          Service                                     \u200f                                          :                                     \u200e  Femme<\/p>\n","protected":false},"excerpt":{"rendered":"<p>le paquet comprend 1 x jouet caract\u00e9ristiques -mat\u00e9riau : et joli jouet en peluche-taille : environ 18,00&#215;10,00&#215;10,00 cm\/7,07&#215;3,93&#215;3 poup\u00e9e chantante en peluche.&#8211; couleur : jouet singe rotatif marron clair&#8211; mise<\/p>\n","protected":false},"featured_media":317042,"comment_status":"","ping_status":"closed","template":"","meta":{"_acf_changed":false},"product_brand":[],"product_cat":[70663],"product_tag":[],"class_list":{"0":"post-317041","1":"product","2":"type-product","3":"status-publish","4":"has-post-thumbnail","6":"product_cat-jeux-de-societe","8":"first","9":"instock","10":"taxable","11":"shipping-taxable","12":"purchasable","13":"product-type-simple","14":"add-to-wishlist-after_add_to_cart"},"acf":[],"_links":{"self":[{"href":"https:\/\/amazonyguyane.fr\/wp-json\/wp\/v2\/product\/317041","targetHints":{"allow":["GET"]}}],"collection":[{"href":"https:\/\/amazonyguyane.fr\/wp-json\/wp\/v2\/product"}],"about":[{"href":"https:\/\/amazonyguyane.fr\/wp-json\/wp\/v2\/types\/product"}],"replies":[{"embeddable":true,"href":"https:\/\/amazonyguyane.fr\/wp-json\/wp\/v2\/comments?post=317041"}],"version-history":[{"count":0,"href":"https:\/\/amazonyguyane.fr\/wp-json\/wp\/v2\/product\/317041\/revisions"}],"wp:featuredmedia":[{"embeddable":true,"href":"https:\/\/amazonyguyane.fr\/wp-json\/wp\/v2\/media\/317042"}],"wp:attachment":[{"href":"https:\/\/amazonyguyane.fr\/wp-json\/wp\/v2\/media?parent=317041"}],"wp:term":[{"taxonomy":"product_brand","embeddable":true,"href":"https:\/\/amazonyguyane.fr\/wp-json\/wp\/v2\/product_brand?post=317041"},{"taxonomy":"product_cat","embeddable":true,"href":"https:\/\/amazonyguyane.fr\/wp-json\/wp\/v2\/product_cat?post=317041"},{"taxonomy":"product_tag","embeddable":true,"href":"https:\/\/amazonyguyane.fr\/wp-json\/wp\/v2\/product_tag?post=317041"}],"curies":[{"name":"wp","href":"https:\/\/api.w.org\/{rel}","templated":true}]}}