{"id":317073,"date":"2023-10-08T14:39:24","date_gmt":"2023-10-08T13:39:24","guid":{"rendered":"https:\/\/amazonyguyane.fr\/?product=fisher-price-cube-dactivites-boite-de-mouchoirs-activites-sensorielles-stimulantes-6-mouchoirs-fournis-jeu-a-plat-ventre-ou-assis-jouet-bebe-a-partir-de-3-mois-hml64"},"modified":"2023-10-08T14:39:24","modified_gmt":"2023-10-08T13:39:24","slug":"fisher-price-cube-dactivites-boite-de-mouchoirs-activites-sensorielles-stimulantes-6-mouchoirs-fournis-jeu-a-plat-ventre-ou-assis-jouet-bebe-a-partir-de-3-mois-hml64","status":"publish","type":"product","link":"https:\/\/amazonyguyane.fr\/?product=fisher-price-cube-dactivites-boite-de-mouchoirs-activites-sensorielles-stimulantes-6-mouchoirs-fournis-jeu-a-plat-ventre-ou-assis-jouet-bebe-a-partir-de-3-mois-hml64","title":{"rendered":"Fisher-Price Cube D\u2019Activit\u00e9s Bo\u00eete De Mouchoirs, Activit\u00e9s Sensorielles Stimulantes, 6 \u00ab Mouchoirs \u00bb Fournis, Jeu \u00c0 Plat Ventre Ou Assis, Jouet B\u00e9b\u00e9, A Partir De 3 Mois, HML64"},"content":{"rendered":"<p><!-- show up to 2 reviews by default -->                <\/p>\n<h3> <span>Description du produit<\/span> <\/h3>\n<\/p>\n<p><span>Le cube d\u2019activit\u00e9s bo\u00eete de mouchoirs de Fisher-Price permet \u00e0 votre b\u00e9b\u00e9 de prendre les \u00ab&nbsp;mouchoirs&nbsp;\u00bb en tissu et de les sortir de la bo\u00eete encore et encore, pour des activit\u00e9s stimulantes \u00e0 l\u2019infini. Con\u00e7u pour les petites mains de b\u00e9b\u00e9, ce cube d\u2019activit\u00e9s fausse bo\u00eete de mouchoirs est fourni avec 6&nbsp;\u00ab&nbsp;mouchoirs&nbsp;\u00bb, 2&nbsp;mouchoirs en peluche \u00e0 froisser et 4&nbsp;tissus sensoriels avec des activit\u00e9s amusantes pour les tout-petits afin qu\u2019ils d\u00e9couvrent le jeu \u00e0 plat ventre ou en position assise.<\/span><\/p>\n<\/p>\n<h3> <span>Avertissement De S\u00fbret\u00e9<\/span> <\/h3>\n<p> <span>Aucun avertissement applicable<\/span>  <\/p>\n<p>Dimensions du produit (L x l x h)                                     \u200f                                          :                                     \u200e  12,7 x 12,7 x 12,7 cm; 374,8 grammes                Code UNSPSC  :  60141000 (Jouets) Signaler un code incorrect              Date de sortie                                     \u200f                                          :                                     \u200e  20 juin 2023          \u00c2ge recommand\u00e9 par le fabricant                                     \u200f                                          :                                     \u200e  3 mois &#8211; 3 ans          Num\u00e9ro du mod\u00e8le de l&#8217;article                                     \u200f                                          :                                     \u200e  HML64          ASIN                                     \u200f                                          :                                     \u200e  B0BS2KKJS1          Pays d&#8217;origine                                     \u200f                                          :                                     \u200e  Vietnam<\/p>\n","protected":false},"excerpt":{"rendered":"<p>Description du produit Le cube d\u2019activit\u00e9s bo\u00eete de mouchoirs de Fisher-Price permet \u00e0 votre b\u00e9b\u00e9 de prendre les \u00ab&nbsp;mouchoirs&nbsp;\u00bb en tissu et de les sortir de la bo\u00eete encore et<\/p>\n","protected":false},"featured_media":317074,"comment_status":"","ping_status":"closed","template":"","meta":{"_acf_changed":false},"product_brand":[],"product_cat":[70663],"product_tag":[],"class_list":{"0":"post-317073","1":"product","2":"type-product","3":"status-publish","4":"has-post-thumbnail","6":"product_cat-jeux-de-societe","8":"first","9":"instock","10":"taxable","11":"shipping-taxable","12":"purchasable","13":"product-type-simple","14":"add-to-wishlist-after_add_to_cart"},"acf":[],"_links":{"self":[{"href":"https:\/\/amazonyguyane.fr\/index.php?rest_route=\/wp\/v2\/product\/317073","targetHints":{"allow":["GET"]}}],"collection":[{"href":"https:\/\/amazonyguyane.fr\/index.php?rest_route=\/wp\/v2\/product"}],"about":[{"href":"https:\/\/amazonyguyane.fr\/index.php?rest_route=\/wp\/v2\/types\/product"}],"replies":[{"embeddable":true,"href":"https:\/\/amazonyguyane.fr\/index.php?rest_route=%2Fwp%2Fv2%2Fcomments&post=317073"}],"version-history":[{"count":0,"href":"https:\/\/amazonyguyane.fr\/index.php?rest_route=\/wp\/v2\/product\/317073\/revisions"}],"wp:featuredmedia":[{"embeddable":true,"href":"https:\/\/amazonyguyane.fr\/index.php?rest_route=\/wp\/v2\/media\/317074"}],"wp:attachment":[{"href":"https:\/\/amazonyguyane.fr\/index.php?rest_route=%2Fwp%2Fv2%2Fmedia&parent=317073"}],"wp:term":[{"taxonomy":"product_brand","embeddable":true,"href":"https:\/\/amazonyguyane.fr\/index.php?rest_route=%2Fwp%2Fv2%2Fproduct_brand&post=317073"},{"taxonomy":"product_cat","embeddable":true,"href":"https:\/\/amazonyguyane.fr\/index.php?rest_route=%2Fwp%2Fv2%2Fproduct_cat&post=317073"},{"taxonomy":"product_tag","embeddable":true,"href":"https:\/\/amazonyguyane.fr\/index.php?rest_route=%2Fwp%2Fv2%2Fproduct_tag&post=317073"}],"curies":[{"name":"wp","href":"https:\/\/api.w.org\/{rel}","templated":true}]}}