{"id":317145,"date":"2023-10-08T14:40:32","date_gmt":"2023-10-08T13:40:32","guid":{"rendered":"https:\/\/amazonyguyane.fr\/?product=m-zimoon-jouets-bebe-6-mois-plus-projecteur-tournant-jouet-avec-musique-et-multicolores-lumieres-jouets-musicaux-de-6-9-12-18-mois-plus-bebe-jouet-educatif-cadeau-pour-1-2-ans-filles-et-garcons"},"modified":"2023-10-08T14:40:32","modified_gmt":"2023-10-08T13:40:32","slug":"m-zimoon-jouets-bebe-6-mois-plus-projecteur-tournant-jouet-avec-musique-et-multicolores-lumieres-jouets-musicaux-de-6-9-12-18-mois-plus-bebe-jouet-educatif-cadeau-pour-1-2-ans-filles-et-garcons","status":"publish","type":"product","link":"https:\/\/amazonyguyane.fr\/produit\/m-zimoon-jouets-bebe-6-mois-plus-projecteur-tournant-jouet-avec-musique-et-multicolores-lumieres-jouets-musicaux-de-6-9-12-18-mois-plus-bebe-jouet-educatif-cadeau-pour-1-2-ans-filles-et-garcons\/","title":{"rendered":"m zimoon Jouets B\u00e9b\u00e9 6 Mois Plus, Projecteur Tournant Jouet avec Musique et Multicolores Lumi\u00e8res, Jouets Musicaux de 6 9 12 18 Mois Plus Bebe, Jouet \u00e9ducatif Cadeau pour 1 2 Ans Filles et gar\u00e7ons"},"content":{"rendered":"<li class=\"a-spacing-mini\"><span class=\"a-list-item\"> <b>\ud83d\udc2c\u3010jouet bebe-360 degr\u00e9s de rotation des lumi\u00e8res\u3011<\/b>De l&#8217;oc\u00e9an Tournant Jouet avec des lumi\u00e8res color\u00e9es et de la musique, facilement changer les modes de lumi\u00e8re, qui construisent une atmosph\u00e8re merveilleuse du monde sous-marin apporter vos enfants se sentent comme dans les sc\u00e8nes r\u00e9elles.\u3010NOTE\u2757\u3011Ces jouets musicaux a deux couleurs, jaune et bleu, et les deux couleurs sont exp\u00e9di\u00e9es au hasard.  <\/span><\/li>\n<li class=\"a-spacing-mini\"><span class=\"a-list-item\"> <b>\ud83d\udc2c\u301013 sons et 8 modes de lumi\u00e8re\u3011<\/b>Les jouets musicaux pour b\u00e9b\u00e9 ont une cl\u00e9 de lumi\u00e8re en forme d&#8217;\u00e9toile de mer sur le dessus qui convertit 8 modes de lumi\u00e8re diff\u00e9rents. Les jouet b\u00e9b\u00e9 6 mois comprennent 7 sons d&#8217;animaux et 6 types de musique m\u00e9lodique. Ces m\u00e9lodies stimulent l&#8217;imagination de vos enfants.  <\/span><\/li>\n<li class=\"a-spacing-mini\"><span class=\"a-list-item\"> <b>\ud83d\udc2c\u3010Encourager b\u00e9b\u00e9 \u00e0 ramper ou \u00e0 marcher Jouets pour nourrissons\u3011<\/b>Ce jouet \u00e0 ramper pour b\u00e9b\u00e9 a trois roues en bas, deux fa\u00e7ons de jouer tr\u00e8s appropri\u00e9es pour les b\u00e9b\u00e9s \u00e0 ramper et \u00e0 poursuivre.Les jouets \u00e0 ramper sont \u00e9quip\u00e9s d&#8217;une lumi\u00e8re et d&#8217;une musique changeantes, placez le jouet c\u00f4t\u00e9 vers le bas sur le sol, il peut rouler en douceur pour attirer les b\u00e9b\u00e9s \u00e0 ramper ou \u00e0 marcher.Am\u00e9liorer la coordination main-\u0153il et membre de b\u00e9b\u00e9, l&#8217;\u00e9quilibre du corps.  <\/span><\/li>\n<li class=\"a-spacing-mini\"><span class=\"a-list-item\"> <b>\ud83d\udc2c\u3010Qualit\u00e9 de s\u00e9curit\u00e9\u3011<\/b>Ce Jouet \u00e9ducatif d\u2019\u00e9veil pour b\u00e9b\u00e9 est fait de mat\u00e9riaux ABS respectueux de l&#8217;environnement, sans BPA. Les bords arrondis et les bords lisses et non bomb\u00e9s emp\u00eachent les mains et la bouche de votre b\u00e9b\u00e9 de se blesser lorsqu&#8217;ils jouent avec le jouet. C&#8217;est un jouet s\u00fbr pour les gar\u00e7ons et les filles de 1 an, qui convient \u00e9galement aux b\u00e9b\u00e9s de 6-12-18 mois et aux gar\u00e7ons et filles de 1 \u00e0 2 ans.  <\/span><\/li>\n<li class=\"a-spacing-mini\"><span class=\"a-list-item\"> <b>\ud83d\udc2c\u3010Cadeau pour l&#8217;\u00e9ducation pr\u00e9coce des b\u00e9b\u00e9s\u3011<\/b>Baby cadeaux jouets pour 1 ans gar\u00e7ons et filles. C&#8217;est un grand cadeau b\u00e9b\u00e9 jouets 12 18 mois, aussi un anniversaire cadeaux jouets pour 1 2 ans. Convient pour la chambre de l&#8217;enfant ou n&#8217;importe o\u00f9 ailleurs que vous souhaitez projet\u00e9.Comme il serait impressionnant lorsque vous apportez un projecteur jouets \u00e0 l&#8217;anniversaire, No\u00ebl, ou toute autre occasionpour b\u00e9b\u00e9 en bas \u00e2ge.  <\/span><\/li>\n<p>Dimensions du produit (L x l x h)                                     \u200f                                          :                                     \u200e  15 x 15 x 18 cm; 660 grammes                Code UNSPSC  :  60141000 (Jouets) Signaler un code incorrect              \u00c2ge recommand\u00e9 par le fabricant                                     \u200f                                          :                                     \u200e  24 mois &#8211; 8 ans          Num\u00e9ro du mod\u00e8le de l&#8217;article                                     \u200f                                          :                                     \u200e  9120          ASIN                                     \u200f                                          :                                     \u200e  B0C9TLMSSH<\/p>\n","protected":false},"excerpt":{"rendered":"<p>\ud83d\udc2c\u3010jouet bebe-360 degr\u00e9s de rotation des lumi\u00e8res\u3011De l&#8217;oc\u00e9an Tournant Jouet avec des lumi\u00e8res color\u00e9es et de la musique, facilement changer les modes de lumi\u00e8re, qui construisent une atmosph\u00e8re merveilleuse du<\/p>\n","protected":false},"featured_media":317147,"comment_status":"","ping_status":"closed","template":"","meta":{"_acf_changed":false},"product_brand":[],"product_cat":[70663],"product_tag":[],"class_list":{"0":"post-317145","1":"product","2":"type-product","3":"status-publish","4":"has-post-thumbnail","6":"product_cat-jeux-de-societe","8":"first","9":"instock","10":"taxable","11":"shipping-taxable","12":"purchasable","13":"product-type-simple","14":"add-to-wishlist-after_add_to_cart"},"acf":[],"_links":{"self":[{"href":"https:\/\/amazonyguyane.fr\/wp-json\/wp\/v2\/product\/317145","targetHints":{"allow":["GET"]}}],"collection":[{"href":"https:\/\/amazonyguyane.fr\/wp-json\/wp\/v2\/product"}],"about":[{"href":"https:\/\/amazonyguyane.fr\/wp-json\/wp\/v2\/types\/product"}],"replies":[{"embeddable":true,"href":"https:\/\/amazonyguyane.fr\/wp-json\/wp\/v2\/comments?post=317145"}],"version-history":[{"count":0,"href":"https:\/\/amazonyguyane.fr\/wp-json\/wp\/v2\/product\/317145\/revisions"}],"wp:featuredmedia":[{"embeddable":true,"href":"https:\/\/amazonyguyane.fr\/wp-json\/wp\/v2\/media\/317147"}],"wp:attachment":[{"href":"https:\/\/amazonyguyane.fr\/wp-json\/wp\/v2\/media?parent=317145"}],"wp:term":[{"taxonomy":"product_brand","embeddable":true,"href":"https:\/\/amazonyguyane.fr\/wp-json\/wp\/v2\/product_brand?post=317145"},{"taxonomy":"product_cat","embeddable":true,"href":"https:\/\/amazonyguyane.fr\/wp-json\/wp\/v2\/product_cat?post=317145"},{"taxonomy":"product_tag","embeddable":true,"href":"https:\/\/amazonyguyane.fr\/wp-json\/wp\/v2\/product_tag?post=317145"}],"curies":[{"name":"wp","href":"https:\/\/api.w.org\/{rel}","templated":true}]}}