{"id":318290,"date":"2023-10-08T14:56:37","date_gmt":"2023-10-08T13:56:37","guid":{"rendered":"https:\/\/amazonyguyane.fr\/?product=take-gem-all-petit-bac-delirant-et-dejante-jeux-de-societe-de-rapidite-creativite-et-ambiance-jeu-de-lettres-et-mots-jeu-de-societe-pour-enfants-adultes-et-familles"},"modified":"2023-10-08T14:56:37","modified_gmt":"2023-10-08T13:56:37","slug":"take-gem-all-petit-bac-delirant-et-dejante-jeux-de-societe-de-rapidite-creativite-et-ambiance-jeu-de-lettres-et-mots-jeu-de-societe-pour-enfants-adultes-et-familles","status":"publish","type":"product","link":"https:\/\/amazonyguyane.fr\/?product=take-gem-all-petit-bac-delirant-et-dejante-jeux-de-societe-de-rapidite-creativite-et-ambiance-jeu-de-lettres-et-mots-jeu-de-societe-pour-enfants-adultes-et-familles","title":{"rendered":"Take Gem All &#8211; Petit Bac D\u00e9lirant et D\u00e9jant\u00e9 &#8211; Jeux de Soci\u00e9t\u00e9 de Rapidit\u00e9, Cr\u00e9ativit\u00e9 et Ambiance &#8211; Jeu de Lettres et Mots &#8211; Jeu de Soci\u00e9t\u00e9 pour Enfants, Adultes et Familles"},"content":{"rendered":"<li class=\"a-spacing-mini\"><span class=\"a-list-item\"> \ud83d\ude02 UN JEU DE SOCI\u00c9T\u00c9 D\u00c9JANT\u00c9 &#8211; \u00cates-vous pr\u00eat pour d\u00e9couvrir un jeu de soci\u00e9t\u00e9 d\u00e9jant\u00e9 ? Take Gem All est le jeu du Petit Bac revisit\u00e9 au rythme effr\u00e9n\u00e9 d&#8217;un Jungle Speed. Le but est simple : trouvez un mot en lien avec le th\u00e8me donn\u00e9 en seulement 4 lettres. Mais attention, des pi\u00e8ges pimenteront et bouleverseront votre aventure ! Alors, serez-vous le plus rapide ?  <\/span><\/li>\n<li class=\"a-spacing-mini\"><span class=\"a-list-item\"> \ud83c\udf89 UN PETIT BAC D\u00c9LIRANT &#8211; Ce petit bac d\u00e9lirant est simple et addictif. Avec ses th\u00e8mes dr\u00f4les et d\u00e9cal\u00e9s, il vous d\u00e9fie sur des sujets parfois brillants, mais jamais pr\u00e9visibles. Qui sera le joueur le plus malin et cr\u00e9atif d&#8217;entre vous ?  <\/span><\/li>\n<li class=\"a-spacing-mini\"><span class=\"a-list-item\"> \ud83e\udd23 DES TH\u00c8MES DR\u00d4LES ET D\u00c9CAL\u00c9S &#8211; Take Gem All est un jeu d&#8217;ambiance pour enfants et adultes (d\u00e8s 8 ans). Il est id\u00e9al pour animer vos apr\u00e8s-midi jeux de soci\u00e9t\u00e9 en famille, vos r\u00e9unions de famille, vos f\u00eates de fin d\u2019ann\u00e9e ou vos soir\u00e9es entre amis. Les r\u00e8gles du jeu sont simples et permettent de s\u2019amuser d\u00e8s les premi\u00e8res parties, que vous ayez 8 ou 88 ans !  <\/span><\/li>\n<li class=\"a-spacing-mini\"><span class=\"a-list-item\"> \ud83d\udc68\u200d\ud83d\udc69\u200d\ud83d\udc67\u200d\ud83d\udc66 JEU D&#8217;AMBIANCE POUR LA FAMILLE (D\u00c8S 8 ANS ET D\u00c8S 2 JOUEURS) &#8211; Jouable de 2 \u00e0 10 joueurs, ce jeu de soci\u00e9t\u00e9 peut se jouer en duo ou en groupe. En seulement 20 \u00e0 30 minutes, vous pourrez vous amuser en famille ou entre amis et cr\u00e9er des souvenirs inoubliables.  <\/span><\/li>\n<li class=\"a-spacing-mini\"><span class=\"a-list-item\"> \ud83e\udd73 JEU DE SOCI\u00c9T\u00c9 D\u00c8S 2 JOUEURS En plus d&#8217;\u00eatre un jeu de soci\u00e9t\u00e9, Take Gem All est \u00e9galement un jeu ext\u00e9rieur pour enfant. Les enfants de tous \u00e2ges peuvent y jouer avec leurs amis pour d\u00e9couvrir de nouveaux mots et s&#8217;amuser ensemble. C&#8217;est \u00e9galement un excellent choix de jeu pour les anniversaires d&#8217;enfants ou les EVJF.  <\/span><\/li>\n<li class=\"a-spacing-mini\"><span class=\"a-list-item\"> \u2705 JEU DE SOCIETE ENFANTS, ADULTES &amp; FAMILLE &#8211; Vous cherchez des jeux de soci\u00e9t\u00e9 enfant ou un jeux de soci\u00e9t\u00e9 enfant adulte, pour toute la famille ? Vous avez trouv\u00e9 votre bonheur avec Take Gem All ! Ce jeu de soci\u00e9t\u00e9 est parfait pour ceux qui aiment les jeux de soci\u00e9t\u00e9 d\u2019ambiance, de lettres, de mots et de rapidit\u00e9. Jouez \u00e0 ce jeu en famille ou entre amis pour des heures de divertissement. Vous pouvez \u00e9galement l&#8217;ajouter \u00e0 votre collection de jeux de soci\u00e9t\u00e9 pour varier les plaisirs.  <\/span><\/li>\n<p>Langue                                     \u200f                                          :                                     \u200e  Fran\u00e7ais          Dimensions du produit (L x l x h)                                     \u200f                                          :                                     \u200e  8,5 x 9,5 x 18,5 cm; 660 grammes                Code UNSPSC  :  60141100 (Jeux) Signaler un code incorrect              \u00c2ge recommand\u00e9 par le fabricant                                     \u200f                                          :                                     \u200e  8 &#8211; 125 ans          Num\u00e9ro du mod\u00e8le de l&#8217;article                                     \u200f                                          :                                     \u200e  130012780          ASIN                                     \u200f                                          :                                     \u200e  B09KCMF6C6          Pays d&#8217;origine                                     \u200f                                          :                                     \u200e  Italie<\/p>\n","protected":false},"excerpt":{"rendered":"<p>\ud83d\ude02 UN JEU DE SOCI\u00c9T\u00c9 D\u00c9JANT\u00c9 &#8211; \u00cates-vous pr\u00eat pour d\u00e9couvrir un jeu de soci\u00e9t\u00e9 d\u00e9jant\u00e9 ? Take Gem All est le jeu du Petit Bac revisit\u00e9 au rythme effr\u00e9n\u00e9<\/p>\n","protected":false},"featured_media":318291,"comment_status":"","ping_status":"closed","template":"","meta":{"_acf_changed":false},"product_brand":[],"product_cat":[70663],"product_tag":[],"class_list":{"0":"post-318290","1":"product","2":"type-product","3":"status-publish","4":"has-post-thumbnail","6":"product_cat-jeux-de-societe","8":"first","9":"instock","10":"taxable","11":"shipping-taxable","12":"purchasable","13":"product-type-simple","14":"add-to-wishlist-after_add_to_cart"},"acf":[],"_links":{"self":[{"href":"https:\/\/amazonyguyane.fr\/index.php?rest_route=\/wp\/v2\/product\/318290","targetHints":{"allow":["GET"]}}],"collection":[{"href":"https:\/\/amazonyguyane.fr\/index.php?rest_route=\/wp\/v2\/product"}],"about":[{"href":"https:\/\/amazonyguyane.fr\/index.php?rest_route=\/wp\/v2\/types\/product"}],"replies":[{"embeddable":true,"href":"https:\/\/amazonyguyane.fr\/index.php?rest_route=%2Fwp%2Fv2%2Fcomments&post=318290"}],"version-history":[{"count":0,"href":"https:\/\/amazonyguyane.fr\/index.php?rest_route=\/wp\/v2\/product\/318290\/revisions"}],"wp:featuredmedia":[{"embeddable":true,"href":"https:\/\/amazonyguyane.fr\/index.php?rest_route=\/wp\/v2\/media\/318291"}],"wp:attachment":[{"href":"https:\/\/amazonyguyane.fr\/index.php?rest_route=%2Fwp%2Fv2%2Fmedia&parent=318290"}],"wp:term":[{"taxonomy":"product_brand","embeddable":true,"href":"https:\/\/amazonyguyane.fr\/index.php?rest_route=%2Fwp%2Fv2%2Fproduct_brand&post=318290"},{"taxonomy":"product_cat","embeddable":true,"href":"https:\/\/amazonyguyane.fr\/index.php?rest_route=%2Fwp%2Fv2%2Fproduct_cat&post=318290"},{"taxonomy":"product_tag","embeddable":true,"href":"https:\/\/amazonyguyane.fr\/index.php?rest_route=%2Fwp%2Fv2%2Fproduct_tag&post=318290"}],"curies":[{"name":"wp","href":"https:\/\/api.w.org\/{rel}","templated":true}]}}