{"id":318357,"date":"2023-10-08T14:57:41","date_gmt":"2023-10-08T13:57:41","guid":{"rendered":"https:\/\/amazonyguyane.fr\/?product=speed-bac-jeu-de-societe-adulte-rapide-et-delirant-2-a-7-joueurs-jeu-dambiance"},"modified":"2023-10-08T14:57:41","modified_gmt":"2023-10-08T13:57:41","slug":"speed-bac-jeu-de-societe-adulte-rapide-et-delirant-2-a-7-joueurs-jeu-dambiance","status":"publish","type":"product","link":"https:\/\/amazonyguyane.fr\/?product=speed-bac-jeu-de-societe-adulte-rapide-et-delirant-2-a-7-joueurs-jeu-dambiance","title":{"rendered":"Speed Bac &#8211; Jeu de soci\u00e9t\u00e9 Adulte &#8211; Rapide et d\u00e9lirant &#8211; 2 \u00e0 7 Joueurs &#8211; Jeu d&#8217;ambiance"},"content":{"rendered":"<li class=\"a-spacing-mini\"><span class=\"a-list-item\"> \ud83d\ude02 RAPIDE : Jeu de soci\u00e9t\u00e9 adulte rapide &amp; terriblement dr\u00f4le (2-7 joueurs \/ 15-30 min \/ +16 ans). Imagin\u00e9 par un collectif de 100 joueurs !  <\/span><\/li>\n<li class=\"a-spacing-mini\"><span class=\"a-list-item\"> \u26a1 SANS LIMITES : Le Petit Bac d\u00e9g\u00e9n\u00e8re ! D\u00e9barrassez-vous de vos lettres en r\u00e9pondant avant les autres \u00e0 des th\u00e8mes d\u00e9lirants et sans limites !  <\/span><\/li>\n<li class=\"a-spacing-mini\"><span class=\"a-list-item\"> \ud83e\udd23 D\u00c9LIRANT : Des centaines de th\u00e8mes d\u00e9lirants entre adultes (C&#8217;est long &amp; dur, \u00e7a ferait du bien \u00e0 mon voisin de droite, un pr\u00e9nom de secr\u00e9taire, il y en a plein \u00e0 Paris, &#8230;)  <\/span><\/li>\n<li class=\"a-spacing-mini\"><span class=\"a-list-item\"> \u2705 AMBIANCE : Stimule la r\u00e9partie et l&#8217;humour, s&#8217;explique en 1 minute. Un Jeu de soci\u00e9t\u00e9 parfait entre amis &amp; adultes.  <\/span><\/li>\n<li class=\"a-spacing-mini\"><span class=\"a-list-item\"> \ud83c\uddeb\ud83c\uddf7 ENGAG\u00c9 : Jeu 100% fabriqu\u00e9 en France. \ud83c\udf33 Papier certifi\u00e9 \u00e9co-responsable. \ud83c\udf0e 10% des b\u00e9n\u00e9fices revers\u00e9s \u00e0 Coeur de For\u00eat et Emm\u00e4us.  <\/span><\/li>\n<p>Langue                                     \u200f                                          :                                     \u200e  Fran\u00e7ais          Dimensions du produit (L x l x h)                                     \u200f                                          :                                     \u200e  18 x 6,5 x 5,3 cm; 390 grammes                Code UNSPSC  :  60141100 (Jeux) Signaler un code incorrect              \u00c2ge recommand\u00e9 par le fabricant                                     \u200f                                          :                                     \u200e  18 &#8211; 100 ans          Num\u00e9ro du mod\u00e8le de l&#8217;article                                     \u200f                                          :                                     \u200e  SPEEDBACROUGE          ASIN                                     \u200f                                          :                                     \u200e  B0B772VXYG          Pays d&#8217;origine                                     \u200f                                          :                                     \u200e  France<\/p>\n","protected":false},"excerpt":{"rendered":"<p>\ud83d\ude02 RAPIDE : Jeu de soci\u00e9t\u00e9 adulte rapide &amp; terriblement dr\u00f4le (2-7 joueurs \/ 15-30 min \/ +16 ans). Imagin\u00e9 par un collectif de 100 joueurs ! \u26a1 SANS LIMITES<\/p>\n","protected":false},"featured_media":318359,"comment_status":"","ping_status":"closed","template":"","meta":{"_acf_changed":false},"product_brand":[],"product_cat":[70663],"product_tag":[],"class_list":{"0":"post-318357","1":"product","2":"type-product","3":"status-publish","4":"has-post-thumbnail","6":"product_cat-jeux-de-societe","8":"first","9":"instock","10":"taxable","11":"shipping-taxable","12":"purchasable","13":"product-type-simple","14":"add-to-wishlist-after_add_to_cart"},"acf":[],"_links":{"self":[{"href":"https:\/\/amazonyguyane.fr\/index.php?rest_route=\/wp\/v2\/product\/318357","targetHints":{"allow":["GET"]}}],"collection":[{"href":"https:\/\/amazonyguyane.fr\/index.php?rest_route=\/wp\/v2\/product"}],"about":[{"href":"https:\/\/amazonyguyane.fr\/index.php?rest_route=\/wp\/v2\/types\/product"}],"replies":[{"embeddable":true,"href":"https:\/\/amazonyguyane.fr\/index.php?rest_route=%2Fwp%2Fv2%2Fcomments&post=318357"}],"version-history":[{"count":0,"href":"https:\/\/amazonyguyane.fr\/index.php?rest_route=\/wp\/v2\/product\/318357\/revisions"}],"wp:featuredmedia":[{"embeddable":true,"href":"https:\/\/amazonyguyane.fr\/index.php?rest_route=\/wp\/v2\/media\/318359"}],"wp:attachment":[{"href":"https:\/\/amazonyguyane.fr\/index.php?rest_route=%2Fwp%2Fv2%2Fmedia&parent=318357"}],"wp:term":[{"taxonomy":"product_brand","embeddable":true,"href":"https:\/\/amazonyguyane.fr\/index.php?rest_route=%2Fwp%2Fv2%2Fproduct_brand&post=318357"},{"taxonomy":"product_cat","embeddable":true,"href":"https:\/\/amazonyguyane.fr\/index.php?rest_route=%2Fwp%2Fv2%2Fproduct_cat&post=318357"},{"taxonomy":"product_tag","embeddable":true,"href":"https:\/\/amazonyguyane.fr\/index.php?rest_route=%2Fwp%2Fv2%2Fproduct_tag&post=318357"}],"curies":[{"name":"wp","href":"https:\/\/api.w.org\/{rel}","templated":true}]}}