{"id":318382,"date":"2023-10-08T14:58:04","date_gmt":"2023-10-08T13:58:04","guid":{"rendered":"https:\/\/amazonyguyane.fr\/?product=dix-jeu-de-societe-version-francaise"},"modified":"2023-10-08T14:58:04","modified_gmt":"2023-10-08T13:58:04","slug":"dix-jeu-de-societe-version-francaise","status":"publish","type":"product","link":"https:\/\/amazonyguyane.fr\/produit\/dix-jeu-de-societe-version-francaise\/","title":{"rendered":"Dix &#8211; Jeu de soci\u00e9t\u00e9 &#8211; Version fran\u00e7aise"},"content":{"rendered":"<p><!-- show up to 2 reviews by default -->                        <\/p>\n<p> <span>DIX est un jeu de stop ou encore et d\u2019ench\u00e8res passionnant pour toute la famille Les joueurs tirent des cartes une par une, en essayant d\u2019en ajouter le plus possible sans d\u00e9passer la valeur totale de DIX, sinon ils seront \u201cgrill\u00e9s\u201d Les joueurs peuvent pousser leur chance pour tirer plus de cartes et utiliser des jetons pour acheter des cartes suppl\u00e9mentaires dans leur tentative de construire la plus longue s\u00e9quence de chiffres dans chaque couleur. Lorsque des jokers de valeur ou couleur diff\u00e9rente sortent de la pioche, les joueurs s\u2019affrontent dans des ench\u00e8res pour les obtenir afin de combler les trous dans leurs suites<\/span>  <\/p>\n<p>Dimensions du produit (L x l x h)                                     \u200f                                          :                                     \u200e  14,5 x 19,5 x 5 cm; 510 grammes                Code UNSPSC  :  60141102 (Jeux de soci\u00e9t\u00e9) Signaler un code incorrect              Num\u00e9ro du mod\u00e8le de l&#8217;article                                     \u200f                                          :                                     \u200e  JDPLDG069          ASIN                                     \u200f                                          :                                     \u200e  B09V3JKBJY          Pays d&#8217;origine                                     \u200f                                          :                                     \u200e  Chine<\/p>\n","protected":false},"excerpt":{"rendered":"<p>DIX est un jeu de stop ou encore et d\u2019ench\u00e8res passionnant pour toute la famille Les joueurs tirent des cartes une par une, en essayant d\u2019en ajouter le plus possible<\/p>\n","protected":false},"featured_media":318383,"comment_status":"","ping_status":"closed","template":"","meta":{"_acf_changed":false},"product_brand":[],"product_cat":[70663],"product_tag":[],"class_list":{"0":"post-318382","1":"product","2":"type-product","3":"status-publish","4":"has-post-thumbnail","6":"product_cat-jeux-de-societe","8":"first","9":"instock","10":"taxable","11":"shipping-taxable","12":"purchasable","13":"product-type-simple","14":"add-to-wishlist-after_add_to_cart"},"acf":[],"_links":{"self":[{"href":"https:\/\/amazonyguyane.fr\/wp-json\/wp\/v2\/product\/318382","targetHints":{"allow":["GET"]}}],"collection":[{"href":"https:\/\/amazonyguyane.fr\/wp-json\/wp\/v2\/product"}],"about":[{"href":"https:\/\/amazonyguyane.fr\/wp-json\/wp\/v2\/types\/product"}],"replies":[{"embeddable":true,"href":"https:\/\/amazonyguyane.fr\/wp-json\/wp\/v2\/comments?post=318382"}],"version-history":[{"count":0,"href":"https:\/\/amazonyguyane.fr\/wp-json\/wp\/v2\/product\/318382\/revisions"}],"wp:featuredmedia":[{"embeddable":true,"href":"https:\/\/amazonyguyane.fr\/wp-json\/wp\/v2\/media\/318383"}],"wp:attachment":[{"href":"https:\/\/amazonyguyane.fr\/wp-json\/wp\/v2\/media?parent=318382"}],"wp:term":[{"taxonomy":"product_brand","embeddable":true,"href":"https:\/\/amazonyguyane.fr\/wp-json\/wp\/v2\/product_brand?post=318382"},{"taxonomy":"product_cat","embeddable":true,"href":"https:\/\/amazonyguyane.fr\/wp-json\/wp\/v2\/product_cat?post=318382"},{"taxonomy":"product_tag","embeddable":true,"href":"https:\/\/amazonyguyane.fr\/wp-json\/wp\/v2\/product_tag?post=318382"}],"curies":[{"name":"wp","href":"https:\/\/api.w.org\/{rel}","templated":true}]}}