{"id":318546,"date":"2023-10-08T15:00:17","date_gmt":"2023-10-08T14:00:17","guid":{"rendered":"https:\/\/amazonyguyane.fr\/?product=lastuf-football-jeu-cartes-de-football-en-famille-jeu-de-societe-en-langue-francaise-cadeau-enfant-fille-ou-garcon-cadeau-de-noel-pour-voyage-tres-amusant-pour-les-7-8-9-10-11-12-ans-2"},"modified":"2023-10-08T15:00:17","modified_gmt":"2023-10-08T14:00:17","slug":"lastuf-football-jeu-cartes-de-football-en-famille-jeu-de-societe-en-langue-francaise-cadeau-enfant-fille-ou-garcon-cadeau-de-noel-pour-voyage-tres-amusant-pour-les-7-8-9-10-11-12-ans-2","status":"publish","type":"product","link":"https:\/\/amazonyguyane.fr\/?product=lastuf-football-jeu-cartes-de-football-en-famille-jeu-de-societe-en-langue-francaise-cadeau-enfant-fille-ou-garcon-cadeau-de-noel-pour-voyage-tres-amusant-pour-les-7-8-9-10-11-12-ans-2","title":{"rendered":"LASTUF Football Jeu Cartes de Football en Famille Jeu de soci\u00e9t\u00e9 en Langue fran\u00e7aise Cadeau Enfant Fille ou gar\u00e7on &#8211; Cadeau de No\u00ebl \u2013 pour Voyage tr\u00e8s Amusant &#8211; pour Les 7 8 9 10 11 12 Ans"},"content":{"rendered":"<li class=\"a-spacing-mini\"><span class=\"a-list-item\"> \u2705 UN JEU DE CARTES DE FOOTBALL dans lequel les joueurs doivent marquer des buts contre leurs adversaires pour les \u00e9liminer afin de gagner. Des r\u00e8gles simples font de ce jeu un excellent passe-temps et un jeu de soci\u00e9t\u00e9 divertissant de votre sport pr\u00e9f\u00e9r\u00e9.  <\/span><\/li>\n<li class=\"a-spacing-mini\"><span class=\"a-list-item\"> \u2705 LES CARTES D&#8217;ACTION SPECIFIQUES simulent les r\u00e8gles du football pour le rendre encore plus amusant. Elles doivent \u00eatre utilis\u00e9s avec ruse pour gagner la partie. Le jeu comprend des jokers effa\u00e7ables pour les personnaliser avec vos propres r\u00e8gles pour encore plus de plaisir.  <\/span><\/li>\n<li class=\"a-spacing-mini\"><span class=\"a-list-item\"> \u2705 LA BO\u00ceTE TOTALISE 81 cartes : 8 cartes de joueur de 4 couleurs. 4 buts. 12 balles pour marquer Objectif. 4 changements. 4 Blessures. 1 Changement de champ. 4 cartons rouges. 4 Cartons jaunes. 4 Assistance Arbitrage vid\u00e9o. 4 Hors-jeu. A partir de 6 ans. Comprend 3 cartes Joker pour d\u00e9finir vos propres r\u00e8gles.  <\/span><\/li>\n<li class=\"a-spacing-mini\"><span class=\"a-list-item\"> \u2705 UNE EXP\u00c9RIENCE EXCITANTE ET AMUSANTE pour tous. Id\u00e9al pour jouer avec la famille et amis pour essayer d&#8217;\u00eatre la personne qui gagnera ce jeu passionnant.  <\/span><\/li>\n<li class=\"a-spacing-mini\"><span class=\"a-list-item\"> \u2705 UN CADEAU ID\u00c9AL POUR LES PERSONNES G\u00c9ES DE 6 ANS ET PLUS. Ce jeu de cartes vous permet de jouer \u00e0 tout moment et en tout lieu. Les cartes sont pr\u00e9sent\u00e9es dans une bo\u00eete en carton recycl\u00e9 pour le rangement et sont faciles \u00e0 stocker.  <\/span><\/li>\n<p>Dimensions du produit (L x l x h)                                     \u200f                                          :                                     \u200e  9,2 x 3,7 x 15,5 cm; 160 grammes                Code UNSPSC  :  60141100 (Jeux) Signaler un code incorrect              \u00c2ge recommand\u00e9 par le fabricant                                     \u200f                                          :                                     \u200e  36 mois &#8211; 99 ans          Num\u00e9ro du mod\u00e8le de l&#8217;article                                     \u200f                                          :                                     \u200e  LSTF-FUTBOL-STD-001          ASIN                                     \u200f                                          :                                     \u200e  B0BDZPN62F          Pays d&#8217;origine                                     \u200f                                          :                                     \u200e  Espagne<\/p>\n","protected":false},"excerpt":{"rendered":"<p>\u2705 UN JEU DE CARTES DE FOOTBALL dans lequel les joueurs doivent marquer des buts contre leurs adversaires pour les \u00e9liminer afin de gagner. Des r\u00e8gles simples font de ce<\/p>\n","protected":false},"featured_media":318549,"comment_status":"","ping_status":"closed","template":"","meta":{"_acf_changed":false},"product_brand":[],"product_cat":[70663],"product_tag":[],"class_list":{"0":"post-318546","1":"product","2":"type-product","3":"status-publish","4":"has-post-thumbnail","6":"product_cat-jeux-de-societe","8":"first","9":"instock","10":"taxable","11":"shipping-taxable","12":"purchasable","13":"product-type-simple","14":"add-to-wishlist-after_add_to_cart"},"acf":[],"_links":{"self":[{"href":"https:\/\/amazonyguyane.fr\/index.php?rest_route=\/wp\/v2\/product\/318546","targetHints":{"allow":["GET"]}}],"collection":[{"href":"https:\/\/amazonyguyane.fr\/index.php?rest_route=\/wp\/v2\/product"}],"about":[{"href":"https:\/\/amazonyguyane.fr\/index.php?rest_route=\/wp\/v2\/types\/product"}],"replies":[{"embeddable":true,"href":"https:\/\/amazonyguyane.fr\/index.php?rest_route=%2Fwp%2Fv2%2Fcomments&post=318546"}],"version-history":[{"count":0,"href":"https:\/\/amazonyguyane.fr\/index.php?rest_route=\/wp\/v2\/product\/318546\/revisions"}],"wp:featuredmedia":[{"embeddable":true,"href":"https:\/\/amazonyguyane.fr\/index.php?rest_route=\/wp\/v2\/media\/318549"}],"wp:attachment":[{"href":"https:\/\/amazonyguyane.fr\/index.php?rest_route=%2Fwp%2Fv2%2Fmedia&parent=318546"}],"wp:term":[{"taxonomy":"product_brand","embeddable":true,"href":"https:\/\/amazonyguyane.fr\/index.php?rest_route=%2Fwp%2Fv2%2Fproduct_brand&post=318546"},{"taxonomy":"product_cat","embeddable":true,"href":"https:\/\/amazonyguyane.fr\/index.php?rest_route=%2Fwp%2Fv2%2Fproduct_cat&post=318546"},{"taxonomy":"product_tag","embeddable":true,"href":"https:\/\/amazonyguyane.fr\/index.php?rest_route=%2Fwp%2Fv2%2Fproduct_tag&post=318546"}],"curies":[{"name":"wp","href":"https:\/\/api.w.org\/{rel}","templated":true}]}}