{"id":318622,"date":"2023-10-08T15:01:37","date_gmt":"2023-10-08T14:01:37","guid":{"rendered":"https:\/\/amazonyguyane.fr\/?product=la-bonne-vague-debats-nuls-2"},"modified":"2023-10-08T15:01:37","modified_gmt":"2023-10-08T14:01:37","slug":"la-bonne-vague-debats-nuls-2","status":"publish","type":"product","link":"https:\/\/amazonyguyane.fr\/?product=la-bonne-vague-debats-nuls-2","title":{"rendered":"La Bonne Vague D\u00e9bats Nuls"},"content":{"rendered":"<p><!-- show up to 2 reviews by default -->                <\/p>\n<h3> <span>Description du produit<\/span> <\/h3>\n<p> <span>Un jeu de soci\u00e9t\u00e9 d\u2019ambiance made in France d\u00e9di\u00e9 aux d\u00e9bats futiles. Tr\u00e8s actifs sur nos r\u00e9seaux sociaux, nous organisons r\u00e9guli\u00e8rement des jeux. Depuis plus d\u2019un an et demi, nous avons un rendez-vous incontournable : le d\u00e9bat nul du mardi. Le but ? Voter et donner un argument convaincant (ou absurde) lors d\u2019un sondage que nous choisissons, sur un sujet sans grande importance. De ce v\u00e9ritable monument du divertissement virtuel, nous avons enfin d\u00e9cid\u00e9 d\u2019en faire un jeu de soci\u00e9t\u00e9. R\u00e8gles : . Chaque tour se joue \u00e0 trois : deux d\u00e9bateurs et un arbitre. . L\u2019objectif est de gagner des points en remportant les cartes \u00ab d\u00e9bats nuls \u00bb ou les cartes \u00absp\u00e9ciales \u00bb. . L\u2019arbitre pioche une carte \u201cd\u00e9bat nul\u201d, annonce le d\u00e9bat aux 2 d\u00e9bateurs et d\u00e9signe qui d\u00e9fendra quel point de vue. . Les deux d\u00e9bateurs argumentent chacun leur tour jusqu\u2019\u00e0 ce qu\u2019ils n\u2019aient plus d\u2019arguments ou que l\u2019arbitre d\u00e9cide que c\u2019est termin\u00e9. . L\u2019arbitre d\u00e9signe le vainqueur. Chaque d\u00e9batteur peut \u00e9galement remporter des points via les \u201carguments nuls\u201d, des raisonnements plus ou moins logiques provenant de notre communaut\u00e9. . Les cartes \u201csp\u00e9ciales\u201d, elles, contiennent 15 mini-jeux qui feront appel \u00e0 votre imagination et votre cr\u00e9ativit\u00e9.<\/span>  <\/p>\n<h3> <span>Avertissement De S\u00fbret\u00e9<\/span> <\/h3>\n<p> <span>PAS D&#8217;AVERTISSEMENT<\/span>  <\/p>\n<p>Langue                                     \u200f                                          :                                     \u200e  Fran\u00e7ais          Dimensions du produit (L x l x h)                                     \u200f                                          :                                     \u200e  7,5 x 4,7 x 13,2 cm; 221 grammes                Code UNSPSC  :  60141100 (Jeux) Signaler un code incorrect              \u00c2ge recommand\u00e9 par le fabricant                                     \u200f                                          :                                     \u200e  14 &#8211; 77 ans          Num\u00e9ro du mod\u00e8le de l&#8217;article                                     \u200f                                          :                                     \u200e  LBV1100          ASIN                                     \u200f                                          :                                     \u200e  B0C3RVH5TS          Pays d&#8217;origine                                     \u200f                                          :                                     \u200e  France<\/p>\n","protected":false},"excerpt":{"rendered":"<p>Description du produit Un jeu de soci\u00e9t\u00e9 d\u2019ambiance made in France d\u00e9di\u00e9 aux d\u00e9bats futiles. Tr\u00e8s actifs sur nos r\u00e9seaux sociaux, nous organisons r\u00e9guli\u00e8rement des jeux. Depuis plus d\u2019un an<\/p>\n","protected":false},"featured_media":318624,"comment_status":"","ping_status":"closed","template":"","meta":{"_acf_changed":false},"product_brand":[],"product_cat":[70663],"product_tag":[],"class_list":{"0":"post-318622","1":"product","2":"type-product","3":"status-publish","4":"has-post-thumbnail","6":"product_cat-jeux-de-societe","8":"first","9":"instock","10":"taxable","11":"shipping-taxable","12":"purchasable","13":"product-type-simple","14":"add-to-wishlist-after_add_to_cart"},"acf":[],"_links":{"self":[{"href":"https:\/\/amazonyguyane.fr\/index.php?rest_route=\/wp\/v2\/product\/318622","targetHints":{"allow":["GET"]}}],"collection":[{"href":"https:\/\/amazonyguyane.fr\/index.php?rest_route=\/wp\/v2\/product"}],"about":[{"href":"https:\/\/amazonyguyane.fr\/index.php?rest_route=\/wp\/v2\/types\/product"}],"replies":[{"embeddable":true,"href":"https:\/\/amazonyguyane.fr\/index.php?rest_route=%2Fwp%2Fv2%2Fcomments&post=318622"}],"version-history":[{"count":0,"href":"https:\/\/amazonyguyane.fr\/index.php?rest_route=\/wp\/v2\/product\/318622\/revisions"}],"wp:featuredmedia":[{"embeddable":true,"href":"https:\/\/amazonyguyane.fr\/index.php?rest_route=\/wp\/v2\/media\/318624"}],"wp:attachment":[{"href":"https:\/\/amazonyguyane.fr\/index.php?rest_route=%2Fwp%2Fv2%2Fmedia&parent=318622"}],"wp:term":[{"taxonomy":"product_brand","embeddable":true,"href":"https:\/\/amazonyguyane.fr\/index.php?rest_route=%2Fwp%2Fv2%2Fproduct_brand&post=318622"},{"taxonomy":"product_cat","embeddable":true,"href":"https:\/\/amazonyguyane.fr\/index.php?rest_route=%2Fwp%2Fv2%2Fproduct_cat&post=318622"},{"taxonomy":"product_tag","embeddable":true,"href":"https:\/\/amazonyguyane.fr\/index.php?rest_route=%2Fwp%2Fv2%2Fproduct_tag&post=318622"}],"curies":[{"name":"wp","href":"https:\/\/api.w.org\/{rel}","templated":true}]}}