{"id":320047,"date":"2023-10-08T15:36:37","date_gmt":"2023-10-08T14:36:37","guid":{"rendered":"https:\/\/amazonyguyane.fr\/?product=thomson-souris-gaming-jupiter-10000-dpi"},"modified":"2023-10-08T15:36:37","modified_gmt":"2023-10-08T14:36:37","slug":"thomson-souris-gaming-jupiter-10000-dpi","status":"publish","type":"product","link":"https:\/\/amazonyguyane.fr\/?product=thomson-souris-gaming-jupiter-10000-dpi","title":{"rendered":"THOMSON Souris Gaming Jupiter 10000 DPI"},"content":{"rendered":"<li class=\"a-spacing-mini\"><span class=\"a-list-item\"> OPTIMISEZ VOS PARTIES DE JEU Dirigez la partie d\u2019une main de ma\u00eetre gr\u00e2ce \u00e0 ses 7 boutons de fonction afin d\u2019optimiser au mieux vos parties. Elle sera votre fid\u00e8le alli\u00e9 et guidera vos gestes jusqu\u2019\u00e0 la victoire.  <\/span><\/li>\n<li class=\"a-spacing-mini\"><span class=\"a-list-item\"> UN CONFORT \u00c0 TOUTE \u00c9PREUVE Avec son design ergonomique, profitez du confort de la souris JUPITER et de sa prise en main facilit\u00e9e. Cr\u00e9ez votre meilleur combo en utilisant la souris JUPITER avec le tapis de souris Triton de ROXXOR Gaming pour mettre KO vos adversaires.  <\/span><\/li>\n<li class=\"a-spacing-mini\"><span class=\"a-list-item\"> UNE SOURIS HAUTE EN COULEUR Appr\u00e9ciez les 7 modes de couleurs RGB propos\u00e9es par la souris JUPITER r\u00e9glables selon votre humeur ou votre environnement de jeu. Vous pouvez ainsi r\u00e9gler les couleurs de votre souris JUPITER facilement gr\u00e2ce \u00e0 la touche de changement de mode.  <\/span><\/li>\n<li class=\"a-spacing-mini\"><span class=\"a-list-item\"> ADAPTEZ VOTRE ENVIRONNEMENT Soyez performant avec la souris gaming JUPITER sur n\u2019importe quelle plateforme comme Win 2000\/XP\/7\/8\/10\/VISTA\/Mac\/Xbox\/PS4&amp;PS5.  <\/span><\/li>\n<p><\/p>\n","protected":false},"excerpt":{"rendered":"<p>OPTIMISEZ VOS PARTIES DE JEU Dirigez la partie d\u2019une main de ma\u00eetre gr\u00e2ce \u00e0 ses 7 boutons de fonction afin d\u2019optimiser au mieux vos parties. Elle sera votre fid\u00e8le alli\u00e9<\/p>\n","protected":false},"featured_media":320048,"comment_status":"","ping_status":"closed","template":"","meta":{"_acf_changed":false},"product_brand":[],"product_cat":[28],"product_tag":[],"class_list":{"0":"post-320047","1":"product","2":"type-product","3":"status-publish","4":"has-post-thumbnail","6":"product_cat-souris-gaming","8":"first","9":"instock","10":"taxable","11":"shipping-taxable","12":"purchasable","13":"product-type-simple","14":"add-to-wishlist-after_add_to_cart"},"acf":[],"_links":{"self":[{"href":"https:\/\/amazonyguyane.fr\/index.php?rest_route=\/wp\/v2\/product\/320047","targetHints":{"allow":["GET"]}}],"collection":[{"href":"https:\/\/amazonyguyane.fr\/index.php?rest_route=\/wp\/v2\/product"}],"about":[{"href":"https:\/\/amazonyguyane.fr\/index.php?rest_route=\/wp\/v2\/types\/product"}],"replies":[{"embeddable":true,"href":"https:\/\/amazonyguyane.fr\/index.php?rest_route=%2Fwp%2Fv2%2Fcomments&post=320047"}],"version-history":[{"count":0,"href":"https:\/\/amazonyguyane.fr\/index.php?rest_route=\/wp\/v2\/product\/320047\/revisions"}],"wp:featuredmedia":[{"embeddable":true,"href":"https:\/\/amazonyguyane.fr\/index.php?rest_route=\/wp\/v2\/media\/320048"}],"wp:attachment":[{"href":"https:\/\/amazonyguyane.fr\/index.php?rest_route=%2Fwp%2Fv2%2Fmedia&parent=320047"}],"wp:term":[{"taxonomy":"product_brand","embeddable":true,"href":"https:\/\/amazonyguyane.fr\/index.php?rest_route=%2Fwp%2Fv2%2Fproduct_brand&post=320047"},{"taxonomy":"product_cat","embeddable":true,"href":"https:\/\/amazonyguyane.fr\/index.php?rest_route=%2Fwp%2Fv2%2Fproduct_cat&post=320047"},{"taxonomy":"product_tag","embeddable":true,"href":"https:\/\/amazonyguyane.fr\/index.php?rest_route=%2Fwp%2Fv2%2Fproduct_tag&post=320047"}],"curies":[{"name":"wp","href":"https:\/\/api.w.org\/{rel}","templated":true}]}}