{"id":320243,"date":"2023-10-08T15:41:54","date_gmt":"2023-10-08T14:41:54","guid":{"rendered":"https:\/\/amazonyguyane.fr\/?product=sony-playstation-portal"},"modified":"2023-10-08T15:41:54","modified_gmt":"2023-10-08T14:41:54","slug":"sony-playstation-portal","status":"publish","type":"product","link":"https:\/\/amazonyguyane.fr\/produit\/sony-playstation-portal\/","title":{"rendered":"Sony PlayStation Portal"},"content":{"rendered":"<p><!-- show up to 2 reviews by default -->                        <\/p>\n<p> <span>Lecteur \u00e0 distance PlayStation Portal<\/span>  <\/p>\n<p>Pile(s) \/ Batterie(s) :                                     \u200f                                          :                                     \u200e  1 Lithium-ion &#8211; incluse(s)          Langue                                     \u200f                                          :                                     \u200e  Anglais          Dimensions du colis                                     \u200f                                          :                                     \u200e  37 x 21 x 17 cm; 1,6 kilogrammes                Code UNSPSC  :  52161500 (\u00c9quipements audiovisuels) Signaler un code incorrect              Date de sortie                                     \u200f                                          :                                     \u200e  15 novembre 2023          Date de mise en ligne sur Amazon.fr                                     \u200f                                          :                                     \u200e  28 septembre 2023                                  ASIN                                     \u200f                                          :                                     \u200e  B0CJJCZMKJ          Pays d&#8217;origine                                     \u200f                                          :                                     \u200e  Chine          Disponibilit\u00e9 des pi\u00e8ces d\u00e9tach\u00e9es                                     \u200f                                          :                                     \u200e  Information indisponible sur les pi\u00e8ces d\u00e9tach\u00e9es<\/p>\n","protected":false},"excerpt":{"rendered":"<p>Lecteur \u00e0 distance PlayStation Portal Pile(s) \/ Batterie(s) : \u200f : \u200e 1 Lithium-ion &#8211; incluse(s) Langue \u200f : \u200e Anglais Dimensions du colis \u200f : \u200e 37 x 21<\/p>\n","protected":false},"featured_media":320244,"comment_status":"","ping_status":"closed","template":"","meta":{"_acf_changed":false},"product_brand":[],"product_cat":[22],"product_tag":[],"class_list":{"0":"post-320243","1":"product","2":"type-product","3":"status-publish","4":"has-post-thumbnail","6":"product_cat-playstation","8":"first","9":"instock","10":"taxable","11":"shipping-taxable","12":"purchasable","13":"product-type-simple","14":"add-to-wishlist-after_add_to_cart"},"acf":[],"_links":{"self":[{"href":"https:\/\/amazonyguyane.fr\/wp-json\/wp\/v2\/product\/320243","targetHints":{"allow":["GET"]}}],"collection":[{"href":"https:\/\/amazonyguyane.fr\/wp-json\/wp\/v2\/product"}],"about":[{"href":"https:\/\/amazonyguyane.fr\/wp-json\/wp\/v2\/types\/product"}],"replies":[{"embeddable":true,"href":"https:\/\/amazonyguyane.fr\/wp-json\/wp\/v2\/comments?post=320243"}],"version-history":[{"count":0,"href":"https:\/\/amazonyguyane.fr\/wp-json\/wp\/v2\/product\/320243\/revisions"}],"wp:featuredmedia":[{"embeddable":true,"href":"https:\/\/amazonyguyane.fr\/wp-json\/wp\/v2\/media\/320244"}],"wp:attachment":[{"href":"https:\/\/amazonyguyane.fr\/wp-json\/wp\/v2\/media?parent=320243"}],"wp:term":[{"taxonomy":"product_brand","embeddable":true,"href":"https:\/\/amazonyguyane.fr\/wp-json\/wp\/v2\/product_brand?post=320243"},{"taxonomy":"product_cat","embeddable":true,"href":"https:\/\/amazonyguyane.fr\/wp-json\/wp\/v2\/product_cat?post=320243"},{"taxonomy":"product_tag","embeddable":true,"href":"https:\/\/amazonyguyane.fr\/wp-json\/wp\/v2\/product_tag?post=320243"}],"curies":[{"name":"wp","href":"https:\/\/api.w.org\/{rel}","templated":true}]}}