{"id":320298,"date":"2023-10-08T15:43:02","date_gmt":"2023-10-08T14:43:02","guid":{"rendered":"https:\/\/amazonyguyane.fr\/?product=console-playstation-4-reconditionne"},"modified":"2023-10-08T15:43:02","modified_gmt":"2023-10-08T14:43:02","slug":"console-playstation-4-reconditionne","status":"publish","type":"product","link":"https:\/\/amazonyguyane.fr\/?product=console-playstation-4-reconditionne","title":{"rendered":"Console PlayStation 4 (Reconditionn\u00e9)"},"content":{"rendered":"<p><!-- show up to 2 reviews by default -->                        <\/p>\n<p> <span>RECONDITIONN\u00c9 en FRANCE ! GARANTIE 12 mois. Console parfaitement fonctionnelle ! 36 points de contr\u00f4les de test. Manette(s) Dualshock 4 officielle(s) couleur al\u00e9atoire. Avec c\u00e2blage. Boite d&#8217;origine non fournie, codes promo Sony expir\u00e9s. Des milliers de jeux et consoles PS2,PS3,PS4,XboxOne,Switch etc.. disponible en stock. RDV sur notre boutique Amazon. \/*Cliquez sur notre pseudo puis allez dans &#8220;consultez la boutique..&#8221; pour voir tout notre catalogue.<\/span>  <\/p>\n<p>Code UNSPSC  :  52161500 (\u00c9quipements audiovisuels) Signaler un code incorrect              Date de mise en ligne sur Amazon.fr                                     \u200f                                          :                                     \u200e  13 avril 2022                                  ASIN                                     \u200f                                          :                                     \u200e  B09XV57568          R\u00e9f\u00e9rence constructeur                                     \u200f                                          :                                     \u200e  9268475-cr          Disponibilit\u00e9 des pi\u00e8ces d\u00e9tach\u00e9es                                     \u200f                                          :                                     \u200e  Information indisponible sur les pi\u00e8ces d\u00e9tach\u00e9es<\/p>\n","protected":false},"excerpt":{"rendered":"<p>RECONDITIONN\u00c9 en FRANCE ! GARANTIE 12 mois. Console parfaitement fonctionnelle ! 36 points de contr\u00f4les de test. Manette(s) Dualshock 4 officielle(s) couleur al\u00e9atoire. Avec c\u00e2blage. Boite d&#8217;origine non fournie, codes<\/p>\n","protected":false},"featured_media":320300,"comment_status":"","ping_status":"closed","template":"","meta":{"_acf_changed":false},"product_brand":[],"product_cat":[22],"product_tag":[],"class_list":{"0":"post-320298","1":"product","2":"type-product","3":"status-publish","4":"has-post-thumbnail","6":"product_cat-playstation","8":"first","9":"outofstock","10":"taxable","11":"shipping-taxable","12":"purchasable","13":"product-type-simple","14":"add-to-wishlist-after_add_to_cart"},"acf":[],"_links":{"self":[{"href":"https:\/\/amazonyguyane.fr\/index.php?rest_route=\/wp\/v2\/product\/320298","targetHints":{"allow":["GET"]}}],"collection":[{"href":"https:\/\/amazonyguyane.fr\/index.php?rest_route=\/wp\/v2\/product"}],"about":[{"href":"https:\/\/amazonyguyane.fr\/index.php?rest_route=\/wp\/v2\/types\/product"}],"replies":[{"embeddable":true,"href":"https:\/\/amazonyguyane.fr\/index.php?rest_route=%2Fwp%2Fv2%2Fcomments&post=320298"}],"version-history":[{"count":0,"href":"https:\/\/amazonyguyane.fr\/index.php?rest_route=\/wp\/v2\/product\/320298\/revisions"}],"wp:featuredmedia":[{"embeddable":true,"href":"https:\/\/amazonyguyane.fr\/index.php?rest_route=\/wp\/v2\/media\/320300"}],"wp:attachment":[{"href":"https:\/\/amazonyguyane.fr\/index.php?rest_route=%2Fwp%2Fv2%2Fmedia&parent=320298"}],"wp:term":[{"taxonomy":"product_brand","embeddable":true,"href":"https:\/\/amazonyguyane.fr\/index.php?rest_route=%2Fwp%2Fv2%2Fproduct_brand&post=320298"},{"taxonomy":"product_cat","embeddable":true,"href":"https:\/\/amazonyguyane.fr\/index.php?rest_route=%2Fwp%2Fv2%2Fproduct_cat&post=320298"},{"taxonomy":"product_tag","embeddable":true,"href":"https:\/\/amazonyguyane.fr\/index.php?rest_route=%2Fwp%2Fv2%2Fproduct_tag&post=320298"}],"curies":[{"name":"wp","href":"https:\/\/api.w.org\/{rel}","templated":true}]}}