{"id":320309,"date":"2023-10-08T15:43:14","date_gmt":"2023-10-08T14:43:14","guid":{"rendered":"https:\/\/amazonyguyane.fr\/?product=playstation-5-standard-console-final-fantasy-xvi"},"modified":"2023-10-08T15:43:14","modified_gmt":"2023-10-08T14:43:14","slug":"playstation-5-standard-console-final-fantasy-xvi","status":"publish","type":"product","link":"https:\/\/amazonyguyane.fr\/produit\/playstation-5-standard-console-final-fantasy-xvi\/","title":{"rendered":"Playstation 5 Standard Console + Final Fantasy XVI"},"content":{"rendered":"<p><!-- show up to 2 reviews by default -->                        <\/p>\n<p> <span>Plongez dans le monde de dark fantasy de Valisth\u00e9a avec le pack console PlayStation\u00ae5 \u2013 FINAL FANTASY XVI. Jouez \u00e0 FINAL FANTASY XVI sur PS5 avec des innovations comme la 4K et la HDR*, le retour haptique de la manette sans fil DualSense\u2122 et la vitesse incroyable du SSD de la PS5. * La 4K et la HDR n\u00e9cessitent un \u00e9cran ou un t\u00e9l\u00e9viseur compatible 4K et HDR.<\/span>  <\/p>\n<p>Class\u00e9                                     \u200f                                          :                                     \u200e  18 ans et plus          Langue                                     \u200f                                          :                                     \u200e  Anglais          Dimensions du colis                                     \u200f                                          :                                     \u200e  47,29 x 43,29 x 17,6 cm; 6,17 kilogrammes                Code UNSPSC  :  52161500 (\u00c9quipements audiovisuels) Signaler un code incorrect              Date de sortie                                     \u200f                                          :                                     \u200e  22 juin 2023          Date de mise en ligne sur Amazon.fr                                     \u200f                                          :                                     \u200e  3 mai 2023                                  ASIN                                     \u200f                                          :                                     \u200e  B0C471GH6Q          Pays d&#8217;origine                                     \u200f                                          :                                     \u200e  Chine          Disponibilit\u00e9 des pi\u00e8ces d\u00e9tach\u00e9es                                     \u200f                                          :                                     \u200e  Information indisponible sur les pi\u00e8ces d\u00e9tach\u00e9es<\/p>\n","protected":false},"excerpt":{"rendered":"<p>Plongez dans le monde de dark fantasy de Valisth\u00e9a avec le pack console PlayStation\u00ae5 \u2013 FINAL FANTASY XVI. Jouez \u00e0 FINAL FANTASY XVI sur PS5 avec des innovations comme la<\/p>\n","protected":false},"featured_media":320310,"comment_status":"","ping_status":"closed","template":"","meta":{"_acf_changed":false},"product_brand":[],"product_cat":[22],"product_tag":[],"class_list":{"0":"post-320309","1":"product","2":"type-product","3":"status-publish","4":"has-post-thumbnail","6":"product_cat-playstation","8":"first","9":"instock","10":"taxable","11":"shipping-taxable","12":"purchasable","13":"product-type-simple","14":"add-to-wishlist-after_add_to_cart"},"acf":[],"_links":{"self":[{"href":"https:\/\/amazonyguyane.fr\/wp-json\/wp\/v2\/product\/320309","targetHints":{"allow":["GET"]}}],"collection":[{"href":"https:\/\/amazonyguyane.fr\/wp-json\/wp\/v2\/product"}],"about":[{"href":"https:\/\/amazonyguyane.fr\/wp-json\/wp\/v2\/types\/product"}],"replies":[{"embeddable":true,"href":"https:\/\/amazonyguyane.fr\/wp-json\/wp\/v2\/comments?post=320309"}],"version-history":[{"count":0,"href":"https:\/\/amazonyguyane.fr\/wp-json\/wp\/v2\/product\/320309\/revisions"}],"wp:featuredmedia":[{"embeddable":true,"href":"https:\/\/amazonyguyane.fr\/wp-json\/wp\/v2\/media\/320310"}],"wp:attachment":[{"href":"https:\/\/amazonyguyane.fr\/wp-json\/wp\/v2\/media?parent=320309"}],"wp:term":[{"taxonomy":"product_brand","embeddable":true,"href":"https:\/\/amazonyguyane.fr\/wp-json\/wp\/v2\/product_brand?post=320309"},{"taxonomy":"product_cat","embeddable":true,"href":"https:\/\/amazonyguyane.fr\/wp-json\/wp\/v2\/product_cat?post=320309"},{"taxonomy":"product_tag","embeddable":true,"href":"https:\/\/amazonyguyane.fr\/wp-json\/wp\/v2\/product_tag?post=320309"}],"curies":[{"name":"wp","href":"https:\/\/api.w.org\/{rel}","templated":true}]}}