{"id":320579,"date":"2023-10-08T15:49:50","date_gmt":"2023-10-08T14:49:50","guid":{"rendered":"https:\/\/amazonyguyane.fr\/?product=vibox-vi-12-pc-gamer-22"},"modified":"2023-10-08T15:49:50","modified_gmt":"2023-10-08T14:49:50","slug":"vibox-vi-12-pc-gamer-22","status":"publish","type":"product","link":"https:\/\/amazonyguyane.fr\/produit\/vibox-vi-12-pc-gamer-22\/","title":{"rendered":"VIBOX VI-12 PC Gamer &#8211; 22"},"content":{"rendered":"<p><!-- show up to 2 reviews by default -->                        <\/p>\n<p> <span>Ce jeu PC dispose d&#8217;un AMD Ryzen 3 3200Ge, un processeur double c\u0153ur combin\u00e9 avec Radeon int\u00e9gr\u00e9 VEGA 8 graphiques, pour am\u00e9liorer la performance visuelle dans les jeux. <br \/><\/span><span class=\"a-text-bold\">Sp\u00e9cification Du Syst\u00e8me<\/span><span><br \/>PROCESSEUR &gt; AMD Ryzen 3-3200GE Quad Core 12nm AM4 CPU<br \/>GRAPHIQUE CHIP &gt; Graphiques Radeon Vega 8 Int\u00e9gr\u00e9s<br \/>RAM &gt; 16 Go DDR4 2666MHz High Speed M\u00e9moire<br \/>SSD &gt; 480Go SSD Disque Interne (Pour un d\u00e9marrage rapide du PC, sauvegarde des fichiers et plus rapide)<br \/>CAS &gt; Kolink K2 Gaming Bo\u00eetier<br \/>SYST\u00c8ME OP\u00c9RATEUR &gt; Pre install\u00e9 Microsoft Windows 11 Home<br \/>\u00c9CRAN &gt; 1x 22&#8243; Pouces 1080p Moniteur (FullHD 1920&#215;1080 \/ 5ms R\u00e9ponse \/ LED R\u00e9tro\u00e9clairage \/ 1x DVI-D \/ 1x VGA Ports)<br \/>CLAVIER &gt; Clavier de jeu RVB<br \/>SOURIS D&#8217;ORDINATEUR &gt; Souris de jeu RVB<br \/>TAPIS DE SOURIS &gt; Vibox Glide (Surface lisse pour le jeu \/ Base en caoutchouc antid\u00e9rapante)<br \/>AUDIO &gt; Gamer Casque<br \/>WIFI &gt; Adaptateur r\u00e9seau sans fil WiFi 300Mbps<br \/>GARANTIE &gt; Garantie \u00c9volution Vibox \u00e0 Vie<\/span>  <\/p>\n<p><\/p>\n","protected":false},"excerpt":{"rendered":"<p>Ce jeu PC dispose d&#8217;un AMD Ryzen 3 3200Ge, un processeur double c\u0153ur combin\u00e9 avec Radeon int\u00e9gr\u00e9 VEGA 8 graphiques, pour am\u00e9liorer la performance visuelle dans les jeux. Sp\u00e9cification Du<\/p>\n","protected":false},"featured_media":320580,"comment_status":"","ping_status":"closed","template":"","meta":{"_acf_changed":false},"product_brand":[],"product_cat":[20],"product_tag":[],"class_list":{"0":"post-320579","1":"product","2":"type-product","3":"status-publish","4":"has-post-thumbnail","6":"product_cat-ordinateur-gaming","8":"first","9":"instock","10":"taxable","11":"shipping-taxable","12":"purchasable","13":"product-type-simple","14":"add-to-wishlist-after_add_to_cart"},"acf":[],"_links":{"self":[{"href":"https:\/\/amazonyguyane.fr\/wp-json\/wp\/v2\/product\/320579","targetHints":{"allow":["GET"]}}],"collection":[{"href":"https:\/\/amazonyguyane.fr\/wp-json\/wp\/v2\/product"}],"about":[{"href":"https:\/\/amazonyguyane.fr\/wp-json\/wp\/v2\/types\/product"}],"replies":[{"embeddable":true,"href":"https:\/\/amazonyguyane.fr\/wp-json\/wp\/v2\/comments?post=320579"}],"version-history":[{"count":0,"href":"https:\/\/amazonyguyane.fr\/wp-json\/wp\/v2\/product\/320579\/revisions"}],"wp:featuredmedia":[{"embeddable":true,"href":"https:\/\/amazonyguyane.fr\/wp-json\/wp\/v2\/media\/320580"}],"wp:attachment":[{"href":"https:\/\/amazonyguyane.fr\/wp-json\/wp\/v2\/media?parent=320579"}],"wp:term":[{"taxonomy":"product_brand","embeddable":true,"href":"https:\/\/amazonyguyane.fr\/wp-json\/wp\/v2\/product_brand?post=320579"},{"taxonomy":"product_cat","embeddable":true,"href":"https:\/\/amazonyguyane.fr\/wp-json\/wp\/v2\/product_cat?post=320579"},{"taxonomy":"product_tag","embeddable":true,"href":"https:\/\/amazonyguyane.fr\/wp-json\/wp\/v2\/product_tag?post=320579"}],"curies":[{"name":"wp","href":"https:\/\/api.w.org\/{rel}","templated":true}]}}