{"id":321147,"date":"2023-10-08T16:02:41","date_gmt":"2023-10-08T15:02:41","guid":{"rendered":"https:\/\/amazonyguyane.fr\/?product=vibox-ii-28-pc-gamer-24"},"modified":"2023-10-08T16:02:41","modified_gmt":"2023-10-08T15:02:41","slug":"vibox-ii-28-pc-gamer-24","status":"publish","type":"product","link":"https:\/\/amazonyguyane.fr\/?product=vibox-ii-28-pc-gamer-24","title":{"rendered":"VIBOX II-28 PC Gamer &#8211; 24"},"content":{"rendered":"<p><!-- show up to 2 reviews by default -->                        <\/p>\n<p> <span>Un 10\u00e8me g\u00e9n\u00e9ration Intel Core i5 10400F fournit la plate-forme solide n\u00e9cessaire pour un PC de jeu moderne, avec la technologie 6-core pour am\u00e9liorer les performances. La NVIDIA GeForce GTX 1650 est une carte graphique VR-Ready qui vous permet de jouer \u00e0 des jeux les plus populaires tels que Fortnite, PUBG, GTA, Fallout, Minecraft et League of Legends \u00e0 un minimum de 60FPS dans la belle haute d\u00e9finition. Cette rubrique comprend \u00e9galement un 1 To NVMe M.2 Solid State Drive, ce qui signifie votre nouveau PC d\u00e9marrer Windows en quelques secondes, les programmes ouverts plus rapidement et \u00eatre plus r\u00e9actif que jamais. <\/p>\n<p><\/span><span class=\"a-text-bold\">Sp\u00e9cification Du Syst\u00e8me<\/span><span><\/p>\n<p>PROCESSEUR &gt; Intel i5 10400F Six 6-Core Comet Lake 1200 CPU (12 Threads \/ 12MB SmartCache \/ 65W TDP)<br \/>CARTE GRAPHIQUE &gt; Nvidia GeForce GTX 1650 Turing (4 Go GDDR5 RAM \/ 1x HDMI 2.0 \/ 1x DVI-D Dual-Link Ports)<br \/>RAM &gt; 16 Go DDR4 2666MHz High Speed M\u00e9moire<br \/>SSD &gt; 1 To NVMe M.2 Solid State Drive (Pour un d\u00e9marrage rapide du PC, sauvegarde des fichiers et plus rapide)<br \/>CAS &gt; Kolink Void Blanc<br \/>SYST\u00c8ME OP\u00c9RATEUR &gt; Pre install\u00e9 Microsoft Windows 11 Home<br \/>\u00c9CRAN &gt; 1x 24&#8243; Pouces 1080p Moniteur (FullHD 1920&#215;1080 \/ 5ms R\u00e9ponse \/ LED R\u00e9tro\u00e9clairage \/ 1x DVI-D \/ 1x VGA Ports)<br \/>CLAVIER &gt; Clavier de jeu RVB<br \/>SOURIS D&#8217;ORDINATEUR &gt; Souris de jeu RVB<br \/>TAPIS DE SOURIS &gt; Vibox Glide (Surface lisse pour le jeu \/ Base en caoutchouc antid\u00e9rapante)<br \/>AUDIO &gt; Gamer Casque<br \/>WIFI &gt; Adaptateur r\u00e9seau sans fil WiFi 300Mbps<br \/>GARANTIE &gt; Garantie \u00c9volution Vibox \u00e0 Vie<br \/><\/span>  <\/p>\n<p><\/p>\n","protected":false},"excerpt":{"rendered":"<p>Un 10\u00e8me g\u00e9n\u00e9ration Intel Core i5 10400F fournit la plate-forme solide n\u00e9cessaire pour un PC de jeu moderne, avec la technologie 6-core pour am\u00e9liorer les performances. La NVIDIA GeForce GTX<\/p>\n","protected":false},"featured_media":321148,"comment_status":"","ping_status":"closed","template":"","meta":{"_acf_changed":false},"product_brand":[],"product_cat":[20],"product_tag":[],"class_list":{"0":"post-321147","1":"product","2":"type-product","3":"status-publish","4":"has-post-thumbnail","6":"product_cat-ordinateur-gaming","8":"first","9":"instock","10":"taxable","11":"shipping-taxable","12":"purchasable","13":"product-type-simple","14":"add-to-wishlist-after_add_to_cart"},"acf":[],"_links":{"self":[{"href":"https:\/\/amazonyguyane.fr\/index.php?rest_route=\/wp\/v2\/product\/321147","targetHints":{"allow":["GET"]}}],"collection":[{"href":"https:\/\/amazonyguyane.fr\/index.php?rest_route=\/wp\/v2\/product"}],"about":[{"href":"https:\/\/amazonyguyane.fr\/index.php?rest_route=\/wp\/v2\/types\/product"}],"replies":[{"embeddable":true,"href":"https:\/\/amazonyguyane.fr\/index.php?rest_route=%2Fwp%2Fv2%2Fcomments&post=321147"}],"version-history":[{"count":0,"href":"https:\/\/amazonyguyane.fr\/index.php?rest_route=\/wp\/v2\/product\/321147\/revisions"}],"wp:featuredmedia":[{"embeddable":true,"href":"https:\/\/amazonyguyane.fr\/index.php?rest_route=\/wp\/v2\/media\/321148"}],"wp:attachment":[{"href":"https:\/\/amazonyguyane.fr\/index.php?rest_route=%2Fwp%2Fv2%2Fmedia&parent=321147"}],"wp:term":[{"taxonomy":"product_brand","embeddable":true,"href":"https:\/\/amazonyguyane.fr\/index.php?rest_route=%2Fwp%2Fv2%2Fproduct_brand&post=321147"},{"taxonomy":"product_cat","embeddable":true,"href":"https:\/\/amazonyguyane.fr\/index.php?rest_route=%2Fwp%2Fv2%2Fproduct_cat&post=321147"},{"taxonomy":"product_tag","embeddable":true,"href":"https:\/\/amazonyguyane.fr\/index.php?rest_route=%2Fwp%2Fv2%2Fproduct_tag&post=321147"}],"curies":[{"name":"wp","href":"https:\/\/api.w.org\/{rel}","templated":true}]}}