{"id":321551,"date":"2023-10-08T16:12:50","date_gmt":"2023-10-08T15:12:50","guid":{"rendered":"https:\/\/amazonyguyane.fr\/?product=nintendo-switch-oled-modell-neon-rot-neon-blau"},"modified":"2023-10-08T16:12:50","modified_gmt":"2023-10-08T15:12:50","slug":"nintendo-switch-oled-modell-neon-rot-neon-blau","status":"publish","type":"product","link":"https:\/\/amazonyguyane.fr\/produit\/nintendo-switch-oled-modell-neon-rot-neon-blau\/","title":{"rendered":"Nintendo Switch (OLED-Modell) Neon-Rot\/Neon-Blau"},"content":{"rendered":"<p><!-- show up to 2 reviews by default -->                <\/p>\n<h3> <span>Description du produit<\/span> <\/h3>\n<p> <span>Nintendo Switch OLED. Plateforme: Nintendo Switch, Mod\u00e8le de processeur: NVIDIA Custom Tegra. Couleur du produit: Bleu, Rouge, Technologie de contr\u00f4le des jeux: Analogique\/Num\u00e9rique, Touches de fonction de contr\u00f4le de jeux: Bouton d&#8217;accueil, Bouton d&#8217;allumage. \u00c9cran: OLED, Taille de l&#8217;\u00e9cran: 17,8 cm (7&#8243;), R\u00e9solution de l&#8217;\u00e9cran: 1280 x 720 pixels. M\u00e9moire flash Int\u00e9gr\u00e9e: 64 Go, Cartes m\u00e9moire compatibles: MicroSD (TransFlash), MicroSDHC, MicroSDXC, Taille maximale de la carte m\u00e9moire: 2 To. Standards wifi: 802.11a, 802.11b, 802.11g, Wi-Fi 4 (802.11n), Wi-Fi 5 (802.11ac)<\/span>  <\/p>\n<h3> <span>Amazon.fr<\/span> <\/h3>\n<p> <span>la Nintendo Switch (mod\u00e8le OLED) dispose d\u2019un \u00e9cran OLED plus grand aux couleurs intenses et aux contrastes \u00e9lev\u00e9s<\/span>  <\/p>\n<p>Production interrompue par le fabricant                                     \u200f                                          :                                     \u200e  Non          Pile(s) \/ Batterie(s) :                                     \u200f                                          :                                     \u200e  1 Lithium-ion &#8211; incluse(s)          Class\u00e9                                     \u200f                                          :                                     \u200e  Inconnu          Dimensions du produit (L x l x h)                                     \u200f                                          :                                     \u200e  7,4 x 16,5 x 20,1 cm; 420 grammes                Code UNSPSC  :  52161558 (Console de jeu portable) Signaler un code incorrect              Date de sortie                                     \u200f                                          :                                     \u200e  8 octobre 2021          Date de mise en ligne sur Amazon.fr                                     \u200f                                          :                                     \u200e  6 juillet 2021                                  ASIN                                     \u200f                                          :                                     \u200e  B098BYN3X3          Num\u00e9ro du mod\u00e8le de l&#8217;article                                     \u200f                                          :                                     \u200e  HEGSKABAA          Disponibilit\u00e9 des pi\u00e8ces d\u00e9tach\u00e9es                                     \u200f                                          :                                     \u200e  Information indisponible sur les pi\u00e8ces d\u00e9tach\u00e9es<\/p>\n","protected":false},"excerpt":{"rendered":"<p>Description du produit Nintendo Switch OLED. Plateforme: Nintendo Switch, Mod\u00e8le de processeur: NVIDIA Custom Tegra. Couleur du produit: Bleu, Rouge, Technologie de contr\u00f4le des jeux: Analogique\/Num\u00e9rique, Touches de fonction de<\/p>\n","protected":false},"featured_media":321552,"comment_status":"","ping_status":"closed","template":"","meta":{"_acf_changed":false},"product_brand":[],"product_cat":[18],"product_tag":[],"class_list":{"0":"post-321551","1":"product","2":"type-product","3":"status-publish","4":"has-post-thumbnail","6":"product_cat-nintendo","8":"first","9":"instock","10":"taxable","11":"shipping-taxable","12":"purchasable","13":"product-type-simple","14":"add-to-wishlist-after_add_to_cart"},"acf":[],"_links":{"self":[{"href":"https:\/\/amazonyguyane.fr\/wp-json\/wp\/v2\/product\/321551","targetHints":{"allow":["GET"]}}],"collection":[{"href":"https:\/\/amazonyguyane.fr\/wp-json\/wp\/v2\/product"}],"about":[{"href":"https:\/\/amazonyguyane.fr\/wp-json\/wp\/v2\/types\/product"}],"replies":[{"embeddable":true,"href":"https:\/\/amazonyguyane.fr\/wp-json\/wp\/v2\/comments?post=321551"}],"version-history":[{"count":0,"href":"https:\/\/amazonyguyane.fr\/wp-json\/wp\/v2\/product\/321551\/revisions"}],"wp:featuredmedia":[{"embeddable":true,"href":"https:\/\/amazonyguyane.fr\/wp-json\/wp\/v2\/media\/321552"}],"wp:attachment":[{"href":"https:\/\/amazonyguyane.fr\/wp-json\/wp\/v2\/media?parent=321551"}],"wp:term":[{"taxonomy":"product_brand","embeddable":true,"href":"https:\/\/amazonyguyane.fr\/wp-json\/wp\/v2\/product_brand?post=321551"},{"taxonomy":"product_cat","embeddable":true,"href":"https:\/\/amazonyguyane.fr\/wp-json\/wp\/v2\/product_cat?post=321551"},{"taxonomy":"product_tag","embeddable":true,"href":"https:\/\/amazonyguyane.fr\/wp-json\/wp\/v2\/product_tag?post=321551"}],"curies":[{"name":"wp","href":"https:\/\/api.w.org\/{rel}","templated":true}]}}