{"id":321667,"date":"2023-10-08T16:15:42","date_gmt":"2023-10-08T15:15:42","guid":{"rendered":"https:\/\/amazonyguyane.fr\/?product=nintendo-super-mario-smash-bros-ultimate"},"modified":"2023-10-08T16:16:18","modified_gmt":"2023-10-08T15:16:18","slug":"nintendo-super-mario-smash-bros-ultimate","status":"publish","type":"product","link":"https:\/\/amazonyguyane.fr\/produit\/nintendo-super-mario-smash-bros-ultimate\/","title":{"rendered":"Nintendo Super Mario Smash Bros Ultimate"},"content":{"rendered":"<p><!-- show up to 2 reviews by default -->                <\/p>\n<h3> <span>Description du produit<\/span> <\/h3>\n<p> <span>SUPER SMASH BROS ULTIMATE SWI VF<\/span>  <\/p>\n<h3> <span>Amazon.fr<\/span> <\/h3>\n<p> <span>Des mondes de jeux et des combattants l\u00e9gendaires se retrouvent pour l\u2019affrontement ultime dans le nouvel opus de la s\u00e9rie Super Smash Bros. sur Nintendo Switch ! De nouveaux combattants comme l&#8217;Inkling de la s\u00e9rie Splatoon et Ridley de la s\u00e9rie Metroid, font leur d\u00e9buts dans Super Smash Bros. aux c\u00f4t\u00e9s de tous les combattants ayant jamais figur\u00e9 dans la s\u00e9rie Super Smash Bros. !<\/span>  <\/p>\n<p>Production interrompue par le fabricant                                     \u200f                                          :                                     \u200e  Non          Class\u00e9                                     \u200f                                          :                                     \u200e  12 ans et plus          Langue                                     \u200f                                          :                                     \u200e  Fran\u00e7ais                Code UNSPSC  :  60141000 (Jouets) Signaler un code incorrect              Date de sortie                                     \u200f                                          :                                     \u200e  7 d\u00e9cembre 2018          Date de mise en ligne sur Amazon.fr                                     \u200f                                          :                                     \u200e  12 juin 2018                                  ASIN                                     \u200f                                          :                                     \u200e  B07DPQD26J          Num\u00e9ro du mod\u00e8le de l&#8217;article                                     \u200f                                          :                                     \u200e  2524547          Pays d&#8217;origine                                     \u200f                                          :                                     \u200e  Chine          Disponibilit\u00e9 des pi\u00e8ces d\u00e9tach\u00e9es                                     \u200f                                          :                                     \u200e  Information indisponible sur les pi\u00e8ces d\u00e9tach\u00e9es<\/p>\n","protected":false},"excerpt":{"rendered":"<p>Description du produit SUPER SMASH BROS ULTIMATE SWI VF Amazon.fr Des mondes de jeux et des combattants l\u00e9gendaires se retrouvent pour l\u2019affrontement ultime dans le nouvel opus de la s\u00e9rie<\/p>\n","protected":false},"featured_media":321668,"comment_status":"","ping_status":"closed","template":"","meta":{"_acf_changed":false},"product_brand":[],"product_cat":[18],"product_tag":[],"class_list":{"0":"post-321667","1":"product","2":"type-product","3":"status-publish","4":"has-post-thumbnail","6":"product_cat-nintendo","8":"first","9":"instock","10":"taxable","11":"shipping-taxable","12":"purchasable","13":"product-type-variable","14":"add-to-wishlist-after_add_to_cart"},"acf":[],"_links":{"self":[{"href":"https:\/\/amazonyguyane.fr\/wp-json\/wp\/v2\/product\/321667","targetHints":{"allow":["GET"]}}],"collection":[{"href":"https:\/\/amazonyguyane.fr\/wp-json\/wp\/v2\/product"}],"about":[{"href":"https:\/\/amazonyguyane.fr\/wp-json\/wp\/v2\/types\/product"}],"replies":[{"embeddable":true,"href":"https:\/\/amazonyguyane.fr\/wp-json\/wp\/v2\/comments?post=321667"}],"version-history":[{"count":0,"href":"https:\/\/amazonyguyane.fr\/wp-json\/wp\/v2\/product\/321667\/revisions"}],"wp:featuredmedia":[{"embeddable":true,"href":"https:\/\/amazonyguyane.fr\/wp-json\/wp\/v2\/media\/321668"}],"wp:attachment":[{"href":"https:\/\/amazonyguyane.fr\/wp-json\/wp\/v2\/media?parent=321667"}],"wp:term":[{"taxonomy":"product_brand","embeddable":true,"href":"https:\/\/amazonyguyane.fr\/wp-json\/wp\/v2\/product_brand?post=321667"},{"taxonomy":"product_cat","embeddable":true,"href":"https:\/\/amazonyguyane.fr\/wp-json\/wp\/v2\/product_cat?post=321667"},{"taxonomy":"product_tag","embeddable":true,"href":"https:\/\/amazonyguyane.fr\/wp-json\/wp\/v2\/product_tag?post=321667"}],"curies":[{"name":"wp","href":"https:\/\/api.w.org\/{rel}","templated":true}]}}