{"id":321677,"date":"2023-10-08T16:15:59","date_gmt":"2023-10-08T15:15:59","guid":{"rendered":"https:\/\/amazonyguyane.fr\/?product=nintendo-console-switch-modele-oled-pokemon-ecarlate-et-violet"},"modified":"2023-10-08T16:15:59","modified_gmt":"2023-10-08T15:15:59","slug":"nintendo-console-switch-modele-oled-pokemon-ecarlate-et-violet","status":"publish","type":"product","link":"https:\/\/amazonyguyane.fr\/?product=nintendo-console-switch-modele-oled-pokemon-ecarlate-et-violet","title":{"rendered":"Nintendo Console Switch mod\u00e8le Oled Pokemon Ecarlate et Violet"},"content":{"rendered":"<p><!-- show up to 2 reviews by default -->                        <\/p>\n<p> <span>\u00ab La console Nintendo Switch \u2013 Mod\u00e8le OLED \u00e9dition Pok\u00e9mon \u00c9carlate et Pok\u00e9mon Violet fait son arriv\u00e9e le 4 novembre ! La console pr\u00e9sente un design inspir\u00e9 de la prochaine g\u00e9n\u00e9ration de jeu Pok\u00e9mon<\/span>  <\/p>\n<p>Pile(s) \/ Batterie(s) :                                     \u200f                                          :                                     \u200e  1 Lithium-ion n\u00e9cessite des piles.          Class\u00e9                                     \u200f                                          :                                     \u200e  Inconnu          Langue                                     \u200f                                          :                                     \u200e  Anglais, Allemand          Dimensions du produit (L x l x h)                                     \u200f                                          :                                     \u200e  50 x 50 x 28 cm; 500 grammes                Code UNSPSC  :  52161558 (Console de jeu portable) Signaler un code incorrect              Date de sortie                                     \u200f                                          :                                     \u200e  4 novembre 2022          Date de mise en ligne sur Amazon.fr                                     \u200f                                          :                                     \u200e  6 septembre 2022                                  ASIN                                     \u200f                                          :                                     \u200e  B0BDGSPP7H          Num\u00e9ro du mod\u00e8le de l&#8217;article                                     \u200f                                          :                                     \u200e  10009864          Pays d&#8217;origine                                     \u200f                                          :                                     \u200e  France          Disponibilit\u00e9 des pi\u00e8ces d\u00e9tach\u00e9es                                     \u200f                                          :                                     \u200e  Information indisponible sur les pi\u00e8ces d\u00e9tach\u00e9es<\/p>\n","protected":false},"excerpt":{"rendered":"<p>\u00ab La console Nintendo Switch \u2013 Mod\u00e8le OLED \u00e9dition Pok\u00e9mon \u00c9carlate et Pok\u00e9mon Violet fait son arriv\u00e9e le 4 novembre ! La console pr\u00e9sente un design inspir\u00e9 de la prochaine<\/p>\n","protected":false},"featured_media":321680,"comment_status":"","ping_status":"closed","template":"","meta":{"_acf_changed":false},"product_brand":[],"product_cat":[18],"product_tag":[],"class_list":{"0":"post-321677","1":"product","2":"type-product","3":"status-publish","4":"has-post-thumbnail","6":"product_cat-nintendo","8":"first","9":"instock","10":"taxable","11":"shipping-taxable","12":"purchasable","13":"product-type-simple","14":"add-to-wishlist-after_add_to_cart"},"acf":[],"_links":{"self":[{"href":"https:\/\/amazonyguyane.fr\/index.php?rest_route=\/wp\/v2\/product\/321677","targetHints":{"allow":["GET"]}}],"collection":[{"href":"https:\/\/amazonyguyane.fr\/index.php?rest_route=\/wp\/v2\/product"}],"about":[{"href":"https:\/\/amazonyguyane.fr\/index.php?rest_route=\/wp\/v2\/types\/product"}],"replies":[{"embeddable":true,"href":"https:\/\/amazonyguyane.fr\/index.php?rest_route=%2Fwp%2Fv2%2Fcomments&post=321677"}],"version-history":[{"count":0,"href":"https:\/\/amazonyguyane.fr\/index.php?rest_route=\/wp\/v2\/product\/321677\/revisions"}],"wp:featuredmedia":[{"embeddable":true,"href":"https:\/\/amazonyguyane.fr\/index.php?rest_route=\/wp\/v2\/media\/321680"}],"wp:attachment":[{"href":"https:\/\/amazonyguyane.fr\/index.php?rest_route=%2Fwp%2Fv2%2Fmedia&parent=321677"}],"wp:term":[{"taxonomy":"product_brand","embeddable":true,"href":"https:\/\/amazonyguyane.fr\/index.php?rest_route=%2Fwp%2Fv2%2Fproduct_brand&post=321677"},{"taxonomy":"product_cat","embeddable":true,"href":"https:\/\/amazonyguyane.fr\/index.php?rest_route=%2Fwp%2Fv2%2Fproduct_cat&post=321677"},{"taxonomy":"product_tag","embeddable":true,"href":"https:\/\/amazonyguyane.fr\/index.php?rest_route=%2Fwp%2Fv2%2Fproduct_tag&post=321677"}],"curies":[{"name":"wp","href":"https:\/\/api.w.org\/{rel}","templated":true}]}}