{"id":321742,"date":"2023-10-08T16:18:38","date_gmt":"2023-10-08T15:18:38","guid":{"rendered":"https:\/\/amazonyguyane.fr\/?product=nintendo-pokemon-lets-go-pikachu"},"modified":"2023-10-08T16:18:38","modified_gmt":"2023-10-08T15:18:38","slug":"nintendo-pokemon-lets-go-pikachu","status":"publish","type":"product","link":"https:\/\/amazonyguyane.fr\/?product=nintendo-pokemon-lets-go-pikachu","title":{"rendered":"Nintendo Pok\u00e9mon : Let&#8217;s Go, Pikachu"},"content":{"rendered":"<p><!-- show up to 2 reviews by default -->                <\/p>\n<h3> <span>Description du produit<\/span> <\/h3>\n<p> <span>POKEMON LET S GO PIKACHU<\/span>  <\/p>\n<h3> <span>Amazon.fr<\/span> <\/h3>\n<p> <span>Les nouveaux jeux de la s\u00e9rie Pok\u00e9mon, Pok\u00e9mon : Let&#8217;s Go, Pikachu et Pok\u00e9mon : Let&#8217;s Go, \u00c9voli, sortent cet automne sur Nintendo Switch. Inspir\u00e9s du jeu Pok\u00e9mon Version Jaune : \u00c9dition Sp\u00e9ciale Pikachu, sorti en 2000 sur Game Boy, ces deux opus ont \u00e9t\u00e9 con\u00e7us pour les joueurs qui d\u00e9butent dans l&#8217;univers des jeux vid\u00e9o Pok\u00e9mon. Dot\u00e9s d&#8217;une connectivit\u00e9 innovante avec le jeu mobile Pok\u00e9mon GO, qui compte de nombreux adeptes, Pok\u00e9mon : Let&#8217;s Go, Pikachu et Pok\u00e9mon : Let&#8217;s Go, \u00c9voli devraient ravir les joueurs novices comme les Dresseurs confirm\u00e9s.<\/span>  <\/p>\n<p>Production interrompue par le fabricant                                     \u200f                                          :                                     \u200e  Non          Class\u00e9                                     \u200f                                          :                                     \u200e  7 ans et plus          Langue                                     \u200f                                          :                                     \u200e  Fran\u00e7ais          Dimensions du produit (L x l x h)                                     \u200f                                          :                                     \u200e  17 x 10,7 x 17 cm; 20 grammes                Code UNSPSC  :  60141104 (Jeux vid\u00e9o) Signaler un code incorrect              Date de sortie                                     \u200f                                          :                                     \u200e  16 novembre 2018          Date de mise en ligne sur Amazon.fr                                     \u200f                                          :                                     \u200e  29 mai 2018                                  ASIN                                     \u200f                                          :                                     \u200e  B07DF4HGBY          Num\u00e9ro du mod\u00e8le de l&#8217;article                                     \u200f                                          :                                     \u200e  2524847          Pays d&#8217;origine                                     \u200f                                          :                                     \u200e  Japon          Disponibilit\u00e9 des pi\u00e8ces d\u00e9tach\u00e9es                                     \u200f                                          :                                     \u200e  Information indisponible sur les pi\u00e8ces d\u00e9tach\u00e9es<\/p>\n","protected":false},"excerpt":{"rendered":"<p>Description du produit POKEMON LET S GO PIKACHU Amazon.fr Les nouveaux jeux de la s\u00e9rie Pok\u00e9mon, Pok\u00e9mon : Let&#8217;s Go, Pikachu et Pok\u00e9mon : Let&#8217;s Go, \u00c9voli, sortent cet automne<\/p>\n","protected":false},"featured_media":321743,"comment_status":"","ping_status":"closed","template":"","meta":{"_acf_changed":false},"product_brand":[],"product_cat":[18],"product_tag":[],"class_list":{"0":"post-321742","1":"product","2":"type-product","3":"status-publish","4":"has-post-thumbnail","6":"product_cat-nintendo","8":"first","9":"instock","10":"taxable","11":"shipping-taxable","12":"purchasable","13":"product-type-simple","14":"add-to-wishlist-after_add_to_cart"},"acf":[],"_links":{"self":[{"href":"https:\/\/amazonyguyane.fr\/index.php?rest_route=\/wp\/v2\/product\/321742","targetHints":{"allow":["GET"]}}],"collection":[{"href":"https:\/\/amazonyguyane.fr\/index.php?rest_route=\/wp\/v2\/product"}],"about":[{"href":"https:\/\/amazonyguyane.fr\/index.php?rest_route=\/wp\/v2\/types\/product"}],"replies":[{"embeddable":true,"href":"https:\/\/amazonyguyane.fr\/index.php?rest_route=%2Fwp%2Fv2%2Fcomments&post=321742"}],"version-history":[{"count":0,"href":"https:\/\/amazonyguyane.fr\/index.php?rest_route=\/wp\/v2\/product\/321742\/revisions"}],"wp:featuredmedia":[{"embeddable":true,"href":"https:\/\/amazonyguyane.fr\/index.php?rest_route=\/wp\/v2\/media\/321743"}],"wp:attachment":[{"href":"https:\/\/amazonyguyane.fr\/index.php?rest_route=%2Fwp%2Fv2%2Fmedia&parent=321742"}],"wp:term":[{"taxonomy":"product_brand","embeddable":true,"href":"https:\/\/amazonyguyane.fr\/index.php?rest_route=%2Fwp%2Fv2%2Fproduct_brand&post=321742"},{"taxonomy":"product_cat","embeddable":true,"href":"https:\/\/amazonyguyane.fr\/index.php?rest_route=%2Fwp%2Fv2%2Fproduct_cat&post=321742"},{"taxonomy":"product_tag","embeddable":true,"href":"https:\/\/amazonyguyane.fr\/index.php?rest_route=%2Fwp%2Fv2%2Fproduct_tag&post=321742"}],"curies":[{"name":"wp","href":"https:\/\/api.w.org\/{rel}","templated":true}]}}