{"id":321760,"date":"2023-10-08T16:19:03","date_gmt":"2023-10-08T15:19:03","guid":{"rendered":"https:\/\/amazonyguyane.fr\/?product=nintendo-switch-nintendo-switch-pokemon-perle-scintillante"},"modified":"2023-10-08T16:19:03","modified_gmt":"2023-10-08T15:19:03","slug":"nintendo-switch-nintendo-switch-pokemon-perle-scintillante","status":"publish","type":"product","link":"https:\/\/amazonyguyane.fr\/produit\/nintendo-switch-nintendo-switch-pokemon-perle-scintillante\/","title":{"rendered":"Nintendo Switch (Nintendo Switch) Pok\u00e9mon Perle Scintillante"},"content":{"rendered":"<p><!-- show up to 2 reviews by default -->                <\/p>\n<h3> <span>Description du produit<\/span> <\/h3>\n<p> <span>POKEMON PERLE SCINTILLANTE SWI V<\/span>  <\/p>\n<h3> <span>Amazon.fr<\/span> <\/h3>\n<p> <span>La g\u00e9n\u00e9ration Pok\u00e9mon la plus attendu des joueurs !<\/span>  <\/p>\n<p>Class\u00e9                                     \u200f                                          :                                     \u200e  7 ans et plus          Dimensions du produit (L x l x h)                                     \u200f                                          :                                     \u200e  17 x 1 x 17 cm; 50 grammes                Code UNSPSC  :  60141104 (Jeux vid\u00e9o) Signaler un code incorrect              Date de sortie                                     \u200f                                          :                                     \u200e  19 novembre 2021          Date de mise en ligne sur Amazon.fr                                     \u200f                                          :                                     \u200e  1 juin 2021                                  ASIN                                     \u200f                                          :                                     \u200e  B096G151N2          Num\u00e9ro du mod\u00e8le de l&#8217;article                                     \u200f                                          :                                     \u200e  45496428181          Pays d&#8217;origine                                     \u200f                                          :                                     \u200e  Japon          Disponibilit\u00e9 des pi\u00e8ces d\u00e9tach\u00e9es                                     \u200f                                          :                                     \u200e  Information indisponible sur les pi\u00e8ces d\u00e9tach\u00e9es<\/p>\n","protected":false},"excerpt":{"rendered":"<p>Description du produit POKEMON PERLE SCINTILLANTE SWI V Amazon.fr La g\u00e9n\u00e9ration Pok\u00e9mon la plus attendu des joueurs ! Class\u00e9 \u200f : \u200e 7 ans et plus Dimensions du produit (L<\/p>\n","protected":false},"featured_media":321761,"comment_status":"","ping_status":"closed","template":"","meta":{"_acf_changed":false},"product_brand":[],"product_cat":[18],"product_tag":[],"class_list":{"0":"post-321760","1":"product","2":"type-product","3":"status-publish","4":"has-post-thumbnail","6":"product_cat-nintendo","8":"first","9":"instock","10":"taxable","11":"shipping-taxable","12":"purchasable","13":"product-type-simple","14":"add-to-wishlist-after_add_to_cart"},"acf":[],"_links":{"self":[{"href":"https:\/\/amazonyguyane.fr\/wp-json\/wp\/v2\/product\/321760","targetHints":{"allow":["GET"]}}],"collection":[{"href":"https:\/\/amazonyguyane.fr\/wp-json\/wp\/v2\/product"}],"about":[{"href":"https:\/\/amazonyguyane.fr\/wp-json\/wp\/v2\/types\/product"}],"replies":[{"embeddable":true,"href":"https:\/\/amazonyguyane.fr\/wp-json\/wp\/v2\/comments?post=321760"}],"version-history":[{"count":0,"href":"https:\/\/amazonyguyane.fr\/wp-json\/wp\/v2\/product\/321760\/revisions"}],"wp:featuredmedia":[{"embeddable":true,"href":"https:\/\/amazonyguyane.fr\/wp-json\/wp\/v2\/media\/321761"}],"wp:attachment":[{"href":"https:\/\/amazonyguyane.fr\/wp-json\/wp\/v2\/media?parent=321760"}],"wp:term":[{"taxonomy":"product_brand","embeddable":true,"href":"https:\/\/amazonyguyane.fr\/wp-json\/wp\/v2\/product_brand?post=321760"},{"taxonomy":"product_cat","embeddable":true,"href":"https:\/\/amazonyguyane.fr\/wp-json\/wp\/v2\/product_cat?post=321760"},{"taxonomy":"product_tag","embeddable":true,"href":"https:\/\/amazonyguyane.fr\/wp-json\/wp\/v2\/product_tag?post=321760"}],"curies":[{"name":"wp","href":"https:\/\/api.w.org\/{rel}","templated":true}]}}